{"id":26838,"date":"2025-06-03T12:23:50","date_gmt":"2025-06-03T11:23:50","guid":{"rendered":"https:\/\/www.portugalinternet.com\/?page_id=26838"},"modified":"2025-06-03T15:12:04","modified_gmt":"2025-06-03T14:12:04","slug":"privacy-police","status":"publish","type":"page","link":"https:\/\/www.portugalinternet.com\/pt\/privacy-police\/","title":{"rendered":"Privacy Police"},"content":{"rendered":"<p><br \/>\n<\/p>","protected":false},"excerpt":{"rendered":"","protected":false},"author":5,"featured_media":0,"parent":0,"menu_order":8,"comment_status":"closed","ping_status":"closed","template":"","meta":{"_et_pb_use_builder":"","_et_pb_old_content":"","_et_gb_content_width":"","_monsterinsights_skip_tracking":false,"_monsterinsights_sitenote_active":false,"_monsterinsights_sitenote_note":"","_monsterinsights_sitenote_category":0},"yoast_head":"<!-- This site is optimized with the Yoast SEO plugin v19.13 - https:\/\/yoast.com\/wordpress\/plugins\/seo\/ -->\n<title>Termos e Condi\u00e7\u00f5e - Portugal Internet<\/title>\n<meta name=\"robots\" content=\"index, follow, max-snippet:-1, max-image-preview:large, max-video-preview:-1\" \/>\n<link rel=\"canonical\" href=\"https:\/\/www.portugalinternet.com\/pt\/privacy-police\/\" \/>\n<meta property=\"og:locale\" content=\"pt_PT\" \/>\n<meta property=\"og:type\" content=\"article\" \/>\n<meta property=\"og:title\" content=\"[:en]Terms and Conditions - Portugal Internet[:es]T\u00e9rminos y Condiciones - Portugal Internet[:fr]Termes et Conditions - Portugal Internet[:pt]Termos e Condi\u00e7\u00f5e - Portugal Internet[:br]Termos e Condi\u00e7\u00f5e - Portugal Internet[:]\" \/>\n<meta property=\"og:url\" content=\"https:\/\/www.portugalinternet.com\/privacy-police\/\" \/>\n<meta property=\"og:site_name\" content=\"Get Internet in Portugal - Internet for your travel\" \/>\n<meta property=\"article:publisher\" content=\"https:\/\/www.facebook.com\/portugalinternet\" \/>\n<meta property=\"article:modified_time\" content=\"2025-06-03T14:12:04+00:00\" \/>\n<meta name=\"twitter:card\" content=\"summary_large_image\" \/>\n<meta name=\"twitter:label1\" content=\"Est. reading time\" \/>\n\t<meta name=\"twitter:data1\" content=\"2 minutos\" \/>\n<script type=\"application\/ld+json\" class=\"yoast-schema-graph\">{\"@context\":\"https:\/\/schema.org\",\"@graph\":[{\"@type\":\"WebPage\",\"@id\":\"https:\/\/www.portugalinternet.com\/privacy-police\/\",\"url\":\"https:\/\/www.portugalinternet.com\/privacy-police\/\",\"name\":\"[:en]Terms and Conditions - Portugal Internet[:es]T\u00e9rminos y Condiciones - Portugal Internet[:fr]Termes et Conditions - Portugal Internet[:pt]Termos e Condi\u00e7\u00f5e - Portugal Internet[:br]Termos e Condi\u00e7\u00f5e - Portugal Internet[:]\",\"isPartOf\":{\"@id\":\"https:\/\/www.portugalinternet.com\/br\/#website\"},\"datePublished\":\"2025-06-03T11:23:50+00:00\",\"dateModified\":\"2025-06-03T14:12:04+00:00\",\"breadcrumb\":{\"@id\":\"https:\/\/www.portugalinternet.com\/privacy-police\/#breadcrumb\"},\"inLanguage\":\"pt-PT\",\"potentialAction\":[{\"@type\":\"ReadAction\",\"target\":[\"https:\/\/www.portugalinternet.com\/privacy-police\/\"]}]},{\"@type\":\"BreadcrumbList\",\"@id\":\"https:\/\/www.portugalinternet.com\/privacy-police\/#breadcrumb\",\"itemListElement\":[{\"@type\":\"ListItem\",\"position\":1,\"name\":\"Home\",\"item\":\"https:\/\/www.portugalinternet.com\/\"},{\"@type\":\"ListItem\",\"position\":2,\"name\":\"Privacy Police\"}]},{\"@type\":\"WebSite\",\"@id\":\"https:\/\/www.portugalinternet.com\/br\/#website\",\"url\":\"https:\/\/www.portugalinternet.com\/br\/\",\"name\":\"Portugal Internet\",\"description\":\"If you want to access the Internet in Portugal during your trip, here&#039;s a low cost and convenient solution to get internet everywhere. Learn more.\",\"publisher\":{\"@id\":\"https:\/\/www.portugalinternet.com\/br\/#organization\"},\"potentialAction\":[{\"@type\":\"SearchAction\",\"target\":{\"@type\":\"EntryPoint\",\"urlTemplate\":\"https:\/\/www.portugalinternet.com\/br\/?s={search_term_string}\"},\"query-input\":\"required name=search_term_string\"}],\"inLanguage\":\"pt-PT\"},{\"@type\":\"Organization\",\"@id\":\"https:\/\/www.portugalinternet.com\/br\/#organization\",\"name\":\"Portugal Internet\",\"url\":\"https:\/\/www.portugalinternet.com\/br\/\",\"logo\":{\"@type\":\"ImageObject\",\"inLanguage\":\"pt-PT\",\"@id\":\"https:\/\/www.portugalinternet.com\/br\/#\/schema\/logo\/image\/\",\"url\":\"https:\/\/www.portugalinternet.com\/app\/uploads\/main_logo_100_final.png\",\"contentUrl\":\"https:\/\/www.portugalinternet.com\/app\/uploads\/main_logo_100_final.png\",\"width\":166,\"height\":58,\"caption\":\"Portugal Internet\"},\"image\":{\"@id\":\"https:\/\/www.portugalinternet.com\/br\/#\/schema\/logo\/image\/\"},\"sameAs\":[\"https:\/\/www.instagram.com\/portugalinternet\/\",\"https:\/\/www.facebook.com\/portugalinternet\"]}]}<\/script>\n<!-- \/ Yoast SEO plugin. -->","yoast_head_json":{"title":"[:en]Terms and Conditions - Portugal Internet[:es]T\u00e9rminos y Condiciones - Portugal Internet[:fr]Termes et Conditions - Portugal Internet[:pt]Termos e Condi\u00e7\u00f5e - Portugal Internet[:br]Termos e Condi\u00e7\u00f5e - Portugal Internet[:]","robots":{"index":"index","follow":"follow","max-snippet":"max-snippet:-1","max-image-preview":"max-image-preview:large","max-video-preview":"max-video-preview:-1"},"canonical":"https:\/\/www.portugalinternet.com\/pt\/privacy-police\/","og_locale":"pt_PT","og_type":"article","og_title":"[:en]Terms and Conditions - Portugal Internet[:es]T\u00e9rminos y Condiciones - Portugal Internet[:fr]Termes et Conditions - Portugal Internet[:pt]Termos e Condi\u00e7\u00f5e - Portugal Internet[:br]Termos e Condi\u00e7\u00f5e - Portugal Internet[:]","og_url":"https:\/\/www.portugalinternet.com\/privacy-police\/","og_site_name":"Get Internet in Portugal - Internet for your travel","article_publisher":"https:\/\/www.facebook.com\/portugalinternet","article_modified_time":"2025-06-03T14:12:04+00:00","twitter_card":"summary_large_image","twitter_misc":{"Est. reading time":"2 minutos"},"schema":{"@context":"https:\/\/schema.org","@graph":[{"@type":"WebPage","@id":"https:\/\/www.portugalinternet.com\/privacy-police\/","url":"https:\/\/www.portugalinternet.com\/privacy-police\/","name":"[:en]Terms and Conditions - Portugal Internet[:es]T\u00e9rminos y Condiciones - Portugal Internet[:fr]Termes et Conditions - Portugal Internet[:pt]Termos e Condi\u00e7\u00f5e - Portugal Internet[:br]Termos e Condi\u00e7\u00f5e - Portugal Internet[:]","isPartOf":{"@id":"https:\/\/www.portugalinternet.com\/br\/#website"},"datePublished":"2025-06-03T11:23:50+00:00","dateModified":"2025-06-03T14:12:04+00:00","breadcrumb":{"@id":"https:\/\/www.portugalinternet.com\/privacy-police\/#breadcrumb"},"inLanguage":"pt-PT","potentialAction":[{"@type":"ReadAction","target":["https:\/\/www.portugalinternet.com\/privacy-police\/"]}]},{"@type":"BreadcrumbList","@id":"https:\/\/www.portugalinternet.com\/privacy-police\/#breadcrumb","itemListElement":[{"@type":"ListItem","position":1,"name":"Home","item":"https:\/\/www.portugalinternet.com\/"},{"@type":"ListItem","position":2,"name":"Privacy Police"}]},{"@type":"WebSite","@id":"https:\/\/www.portugalinternet.com\/br\/#website","url":"https:\/\/www.portugalinternet.com\/br\/","name":"Portugal Internet","description":"If you want to access the Internet in Portugal during your trip, here&#039;s a low cost and convenient solution to get internet everywhere. Learn more.","publisher":{"@id":"https:\/\/www.portugalinternet.com\/br\/#organization"},"potentialAction":[{"@type":"SearchAction","target":{"@type":"EntryPoint","urlTemplate":"https:\/\/www.portugalinternet.com\/br\/?s={search_term_string}"},"query-input":"required name=search_term_string"}],"inLanguage":"pt-PT"},{"@type":"Organization","@id":"https:\/\/www.portugalinternet.com\/br\/#organization","name":"Portugal Internet","url":"https:\/\/www.portugalinternet.com\/br\/","logo":{"@type":"ImageObject","inLanguage":"pt-PT","@id":"https:\/\/www.portugalinternet.com\/br\/#\/schema\/logo\/image\/","url":"https:\/\/www.portugalinternet.com\/app\/uploads\/main_logo_100_final.png","contentUrl":"https:\/\/www.portugalinternet.com\/app\/uploads\/main_logo_100_final.png","width":166,"height":58,"caption":"Portugal Internet"},"image":{"@id":"https:\/\/www.portugalinternet.com\/br\/#\/schema\/logo\/image\/"},"sameAs":["https:\/\/www.instagram.com\/portugalinternet\/","https:\/\/www.facebook.com\/portugalinternet"]}]}},"_links":{"self":[{"href":"https:\/\/www.portugalinternet.com\/pt\/wp-json\/wp\/v2\/pages\/26838"}],"collection":[{"href":"https:\/\/www.portugalinternet.com\/pt\/wp-json\/wp\/v2\/pages"}],"about":[{"href":"https:\/\/www.portugalinternet.com\/pt\/wp-json\/wp\/v2\/types\/page"}],"author":[{"embeddable":true,"href":"https:\/\/www.portugalinternet.com\/pt\/wp-json\/wp\/v2\/users\/5"}],"replies":[{"embeddable":true,"href":"https:\/\/www.portugalinternet.com\/pt\/wp-json\/wp\/v2\/comments?post=26838"}],"version-history":[{"count":14,"href":"https:\/\/www.portugalinternet.com\/pt\/wp-json\/wp\/v2\/pages\/26838\/revisions"}],"predecessor-version":[{"id":26853,"href":"https:\/\/www.portugalinternet.com\/pt\/wp-json\/wp\/v2\/pages\/26838\/revisions\/26853"}],"wp:attachment":[{"href":"https:\/\/www.portugalinternet.com\/pt\/wp-json\/wp\/v2\/media?parent=26838"}],"curies":[{"name":"wp","href":"https:\/\/api.w.org\/{rel}","templated":true}]}}