{"id":22159,"date":"2015-12-28T15:53:44","date_gmt":"2015-12-28T15:53:44","guid":{"rendered":"http:\/\/www.portugalinternet.com\/?page_id=22159"},"modified":"2024-11-01T12:32:33","modified_gmt":"2024-11-01T12:32:33","slug":"about-us","status":"publish","type":"page","link":"https:\/\/www.portugalinternet.com\/pt\/about-us\/","title":{"rendered":"Sobre n\u00f3s"},"content":{"rendered":"<p>[vc_row type=&#8221;grid&#8221; background_color=&#8221;#ffffff&#8221; border_color=&#8221;#ffffff&#8221; padding_top=&#8221;30&#8243; css=&#8221;.vc_custom_1452651418494{background-color: #ffffff !important;}&#8221;][vc_column][vc_column_text css=&#8221;.vc_custom_1726251221270{margin-bottom: 20px !important;}&#8221;]<\/p>\n<h1 style=\"text-align: left;\">Sobre n\u00f3s<\/h1>\n<p>[\/vc_column_text][vc_empty_space][\/vc_column][\/vc_row][vc_row type=&#8221;grid&#8221; background_color=&#8221;#ffffff&#8221; border_color=&#8221;#ffffff&#8221; padding_top=&#8221;30&#8243; css=&#8221;.vc_custom_1452651418494{background-color: #ffffff !important;}&#8221;][vc_column][vc_text_separator title=&#8221;O nosso objetivo&#8221; background_color=&#8221;#ffffff&#8221;][vc_empty_space][vc_column_text css=&#8221;.vc_custom_1689143191643{margin-bottom: 20px !important;}&#8221;]<\/p>\n<p style=\"text-align: left;\">O nosso objetivo \u00e9 proporcionar acesso \u00e0 internet a qualquer momento e em qualquer lugar a todas as pessoas visitam Portugal e os outros pa\u00edses do Espa\u00e7o Econ\u00f3mico Europeu.<\/p>\n<p style=\"text-align: right;\"><span style=\"color: #ffffff;\">.<\/span><\/p>\n<p style=\"text-align: left;\">Ir\u00e1 desfrutar de uma liga\u00e7\u00e3o \u00e0 internet conveniente e sem preocupa\u00e7\u00f5es durante a sua viagem, para que possa estar ligado a casa e partilhar as suas experi\u00eancias.<\/p>\n<p style=\"text-align: right;\"><span style=\"color: #ffffff;\">.<\/span><\/p>\n<p style=\"text-align: left;\">N\u00f3s providenciamos isto tudo a um pre\u00e7o muito razo\u00e1vel, para que possa evitar as dispendiosas taxas de roaming da sua operadora m\u00f3vel, e surpresas desagrad\u00e1veis na sua fatura do telem\u00f3vel, quando regressar a casa.<\/p>\n<p style=\"text-align: left;\">Os nossos pre\u00e7os s\u00e3o simples, est\u00e1 tudo inclu\u00eddo, e sem taxas escondidas \u2013 Essa \u00e9 a nossa promessa.<\/p>\n<p>[\/vc_column_text][vc_empty_space][\/vc_column][\/vc_row][vc_row type=&#8221;grid&#8221; background_color=&#8221;#ffffff&#8221; border_color=&#8221;#ffffff&#8221; padding_top=&#8221;30&#8243; css=&#8221;.vc_custom_1452651418494{background-color: #ffffff !important;}&#8221;][vc_column][vc_text_separator title=&#8221;Quem somos&#8221; background_color=&#8221;#ffffff&#8221;][vc_empty_space][vc_column_text]A Portugal Internet tem vindo a fornecer conectividade \u00e0 internet a turistas e viajantes de todo o mundo h\u00e1 mais de 10 anos.<\/p>\n<p>Os nossos clientes adoram o nosso servi\u00e7o e avaliam-nos constantemente com 5 estrelas, um feito raro na ind\u00fastria das telecomunica\u00e7\u00f5es.<\/p>\n<p>&nbsp;<\/p>\n<p>&nbsp;<\/p>\n<p>Temos mais de <strong>2.000<\/strong> avalia\u00e7\u00f5es de <strong>5 estrelas<\/strong> no Google e no Facebook, o que \u00e9 um claro testemunho de quanto os nossos clientes adoram o nosso servi\u00e7o.<\/p>\n<p><a href=\"https:\/\/maps.app.goo.gl\/qiQbEsrdAceYmrE28\">4.9 estrelas nas avalia\u00e7\u00f5es do Google<\/a><\/p>\n<p><a href=\"https:\/\/www.facebook.com\/portugalinternet\/\">4.8 estrelas nas avalia\u00e7\u00f5es do Facebook<\/a><\/p>\n<p><a href=\"https:\/\/www.trustpilot.com\/review\/www.portugalinternet.com\">4.2 estrelas nas avalia\u00e7\u00f5es do Trustpilot<\/a><\/p>\n<p>Tamb\u00e9m fornecemos conectividade em qualquer pa\u00eds do mundo via eSIM no nosso site <a href=\"http:\/\/www.esimpass.com\">eSIMpass.com<\/a>.[\/vc_column_text][vc_empty_space][\/vc_column][\/vc_row][vc_row type=&#8221;grid&#8221; background_color=&#8221;#ffffff&#8221; padding_bottom=&#8221;50&#8243; css=&#8221;.vc_custom_1452650735210{padding-top: 15px !important;}&#8221;][vc_column][vc_text_separator title=&#8221;Onde estamos&#8221;][vc_empty_space][vc_gmaps link=&#8221;#E-8_JTNDaWZyYW1lJTIwc3JjJTNEJTIyaHR0cHMlM0ElMkYlMkZ3d3cuZ29vZ2xlLmNvbSUyRm1hcHMlMkZlbWJlZCUzRnBiJTNEJTIxMW0xOCUyMTFtMTIlMjExbTMlMjExZDY1MDkxMDUuMzgzMTkwNTA1JTIxMmQtMjMuMjMzMzYyMjY4MTY0MDgzJTIxM2QzNy4xOTM3MTgyMjYzNDYxODUlMjEybTMlMjExZjAlMjEyZjAlMjEzZjAlMjEzbTIlMjExaTEwMjQlMjEyaTc2OCUyMTRmMTMuMSUyMTNtMyUyMTFtMiUyMTFzMHhkMjQ2NDVlYTViYjc1MWIlMjUzQTB4NTI4N2VhMTljOTg2ODFhZSUyMTJzUG9ydHVnYWwlMjUyMEludGVybmV0JTIxNWUwJTIxM20yJTIxMXNlbiUyMTJzcHQlMjE0djE1ODAzMjAyOTI2NDclMjE1bTIlMjExc2VuJTIxMnNwdCUyMiUyMHdpZHRoJTNEJTIyNjAwJTIyJTIwaGVpZ2h0JTNEJTIyNDAwJTIyJTIwZnJhbWVib3JkZXIlM0QlMjIwJTIyJTIwc3R5bGUlM0QlMjJib3JkZXIlM0EwJTNCJTIyJTIwYWxsb3dmdWxsc2NyZWVuJTNEJTIyJTIyJTNFJTNDJTJGaWZyYW1lJTNF&#8221; size=&#8221;400&#8243;][vc_empty_space][\/vc_column][\/vc_row][vc_row type=&#8221;grid&#8221; background_color=&#8221;#ffffff&#8221; border_color=&#8221;#ffffff&#8221; padding_bottom=&#8221;50&#8243; css=&#8221;.vc_custom_1452650746630{padding-top: 15px !important;}&#8221;][vc_column][vc_text_separator title=&#8221;Contate-nos&#8221;][vc_empty_space][vc_column_text]<\/p>\n<p style=\"text-align: left;\">Na Portugal Internet acreditamos que uma empresa online deve ser t\u00e3o transparente e aberta como qualquer loja f\u00edsica. Nesta p\u00e1gina pode conhecer a empresa e as pessoas por tr\u00e1s da Portugal Internet. Tem quest\u00f5es? Entre em contacto! Ligue, envie um e-mail ou fa\u00e7a uma publica\u00e7\u00e3o na nossa\u00a0rede social.<\/p>\n<p>[\/vc_column_text][vc_empty_space height=&#8221;20px&#8221;][vc_column_text]<\/p>\n<p style=\"text-align: left;\"><strong>Email:<\/strong> <a href=\"mailto:help@portugalinternet.com\">help@portugalinternet.com<\/a><\/p>\n<p style=\"text-align: left;\"><strong>Telefone:<\/strong> +351 220 135 448<\/p>\n<p style=\"text-align: left;\"><strong>Telefone:<\/strong> +351 934 671 341 (WhatsApp)<\/p>\n<p style=\"text-align: left;\">Facebook: <a href=\"https:\/\/www.facebook.com\/portugalinternet\">https:\/\/www.facebook.com\/portugalinternet<\/a><\/p>\n<p style=\"text-align: left;\">Youtube: <a href=\"https:\/\/www.youtube.com\/channel\/UCzjLSwSLzdm-J3n79rmuzaw\">https:\/\/www.youtube.com\/portugalinternet<\/a><\/p>\n<p style=\"text-align: left;\">Instagram: <a href=\"https:\/\/www.instagram.com\/portugalinternet\/\">https:\/\/www.instagram.com\/portugalinternet\/<\/a><\/p>\n<p style=\"text-align: left;\">Endere\u00e7o:\u00a0Rua Jose Maria Carvalho Ramos Lt 390B<\/p>\n<p style=\"text-align: left;\">\u00a0 \u00a0 \u00a0 \u00a0 \u00a0 \u00a0 \u00a0 \u00a0 4470-407 Maia, Portugal<\/p>\n<p>[\/vc_column_text][vc_empty_space height=&#8221;20px&#8221;][\/vc_column][\/vc_row]<\/p>","protected":false},"excerpt":{"rendered":"<p>[vc_row type=&#8221;grid&#8221; background_color=&#8221;#ffffff&#8221; border_color=&#8221;#ffffff&#8221; padding_top=&#8221;30&#8243; css=&#8221;.vc_custom_1452651418494{background-color: #ffffff !important;}&#8221;][vc_column][vc_column_text css=&#8221;.vc_custom_1726251221270{margin-bottom: 20px !important;}&#8221;] Sobre n\u00f3s [\/vc_column_text][vc_empty_space][\/vc_column][\/vc_row][vc_row type=&#8221;grid&#8221; background_color=&#8221;#ffffff&#8221; border_color=&#8221;#ffffff&#8221; padding_top=&#8221;30&#8243; css=&#8221;.vc_custom_1452651418494{background-color: #ffffff !important;}&#8221;][vc_column][vc_text_separator title=&#8221;O nosso objetivo&#8221; background_color=&#8221;#ffffff&#8221;][vc_empty_space][vc_column_text css=&#8221;.vc_custom_1689143191643{margin-bottom: 20px !important;}&#8221;] O nosso objetivo \u00e9 proporcionar acesso \u00e0 internet a qualquer momento e em qualquer lugar a todas&#8230;<\/p>\n","protected":false},"author":1,"featured_media":0,"parent":0,"menu_order":7,"comment_status":"closed","ping_status":"closed","template":"full_width.php","meta":{"_et_pb_use_builder":"","_et_pb_old_content":"","_et_gb_content_width":"","_monsterinsights_skip_tracking":false,"_monsterinsights_sitenote_active":false,"_monsterinsights_sitenote_note":"","_monsterinsights_sitenote_category":0},"yoast_head":"<!-- This site is optimized with the Yoast SEO plugin v19.13 - https:\/\/yoast.com\/wordpress\/plugins\/seo\/ -->\n<title>Portugal Internet - Sobre n\u00f3s e Avalia\u00e7\u00f5es<\/title>\n<meta name=\"robots\" content=\"index, follow, max-snippet:-1, max-image-preview:large, max-video-preview:-1\" \/>\n<link rel=\"canonical\" href=\"https:\/\/www.portugalinternet.com\/pt\/about-us\/\" \/>\n<meta property=\"og:locale\" content=\"pt_PT\" \/>\n<meta property=\"og:type\" content=\"article\" \/>\n<meta property=\"og:title\" content=\"[:en]Portugal Internet - About us and Reviews[:es]Portugal Internet - Sobre nosotros y Opiniones[:fr]Portugal Internet - \u00c0 propos et Avis[:pt]Portugal Internet - Sobre n\u00f3s e Avalia\u00e7\u00f5es[:br]Portugal Internet - Sobre n\u00f3s e Avalia\u00e7\u00f5es[:]\" \/>\n<meta property=\"og:description\" content=\"[vc_row type=&#8221;grid&#8221; background_color=&#8221;#ffffff&#8221; border_color=&#8221;#ffffff&#8221; padding_top=&#8221;30&#8243; css=&#8221;.vc_custom_1452651418494{background-color: #ffffff !important;}&#8221;][vc_column][vc_column_text css=&#8221;.vc_custom_1726251221270{margin-bottom: 20px !important;}&#8221;] Sobre n\u00f3s [\/vc_column_text][vc_empty_space][\/vc_column][\/vc_row][vc_row type=&#8221;grid&#8221; background_color=&#8221;#ffffff&#8221; border_color=&#8221;#ffffff&#8221; padding_top=&#8221;30&#8243; css=&#8221;.vc_custom_1452651418494{background-color: #ffffff !important;}&#8221;][vc_column][vc_text_separator title=&#8221;O nosso objetivo&#8221; background_color=&#8221;#ffffff&#8221;][vc_empty_space][vc_column_text css=&#8221;.vc_custom_1689143191643{margin-bottom: 20px !important;}&#8221;] O nosso objetivo \u00e9 proporcionar acesso \u00e0 internet a qualquer momento e em qualquer lugar a todas...\" \/>\n<meta property=\"og:url\" content=\"https:\/\/www.portugalinternet.com\/about-us\/\" \/>\n<meta property=\"og:site_name\" content=\"Get Internet in Portugal - Internet for your travel\" \/>\n<meta property=\"article:publisher\" content=\"https:\/\/www.facebook.com\/portugalinternet\" \/>\n<meta property=\"article:modified_time\" content=\"2024-11-01T12:32:33+00:00\" \/>\n<meta name=\"twitter:card\" content=\"summary_large_image\" \/>\n<meta name=\"twitter:label1\" content=\"Est. reading time\" \/>\n\t<meta name=\"twitter:data1\" content=\"2 minutos\" \/>\n<script type=\"application\/ld+json\" class=\"yoast-schema-graph\">{\"@context\":\"https:\/\/schema.org\",\"@graph\":[{\"@type\":\"WebPage\",\"@id\":\"https:\/\/www.portugalinternet.com\/about-us\/\",\"url\":\"https:\/\/www.portugalinternet.com\/about-us\/\",\"name\":\"[:en]Portugal Internet - About us and Reviews[:es]Portugal Internet - Sobre nosotros y Opiniones[:fr]Portugal Internet - \u00c0 propos et Avis[:pt]Portugal Internet - Sobre n\u00f3s e Avalia\u00e7\u00f5es[:br]Portugal Internet - Sobre n\u00f3s e Avalia\u00e7\u00f5es[:]\",\"isPartOf\":{\"@id\":\"https:\/\/www.portugalinternet.com\/br\/#website\"},\"datePublished\":\"2015-12-28T15:53:44+00:00\",\"dateModified\":\"2024-11-01T12:32:33+00:00\",\"breadcrumb\":{\"@id\":\"https:\/\/www.portugalinternet.com\/about-us\/#breadcrumb\"},\"inLanguage\":\"pt-PT\",\"potentialAction\":[{\"@type\":\"ReadAction\",\"target\":[\"https:\/\/www.portugalinternet.com\/about-us\/\"]}]},{\"@type\":\"BreadcrumbList\",\"@id\":\"https:\/\/www.portugalinternet.com\/about-us\/#breadcrumb\",\"itemListElement\":[{\"@type\":\"ListItem\",\"position\":1,\"name\":\"Home\",\"item\":\"https:\/\/www.portugalinternet.com\/\"},{\"@type\":\"ListItem\",\"position\":2,\"name\":\"About Us\"}]},{\"@type\":\"WebSite\",\"@id\":\"https:\/\/www.portugalinternet.com\/br\/#website\",\"url\":\"https:\/\/www.portugalinternet.com\/br\/\",\"name\":\"Portugal Internet\",\"description\":\"If you want to access the Internet in Portugal during your trip, here&#039;s a low cost and convenient solution to get internet everywhere. Learn more.\",\"publisher\":{\"@id\":\"https:\/\/www.portugalinternet.com\/br\/#organization\"},\"potentialAction\":[{\"@type\":\"SearchAction\",\"target\":{\"@type\":\"EntryPoint\",\"urlTemplate\":\"https:\/\/www.portugalinternet.com\/br\/?s={search_term_string}\"},\"query-input\":\"required name=search_term_string\"}],\"inLanguage\":\"pt-PT\"},{\"@type\":\"Organization\",\"@id\":\"https:\/\/www.portugalinternet.com\/br\/#organization\",\"name\":\"Portugal Internet\",\"url\":\"https:\/\/www.portugalinternet.com\/br\/\",\"logo\":{\"@type\":\"ImageObject\",\"inLanguage\":\"pt-PT\",\"@id\":\"https:\/\/www.portugalinternet.com\/br\/#\/schema\/logo\/image\/\",\"url\":\"https:\/\/www.portugalinternet.com\/app\/uploads\/main_logo_100_final.png\",\"contentUrl\":\"https:\/\/www.portugalinternet.com\/app\/uploads\/main_logo_100_final.png\",\"width\":166,\"height\":58,\"caption\":\"Portugal Internet\"},\"image\":{\"@id\":\"https:\/\/www.portugalinternet.com\/br\/#\/schema\/logo\/image\/\"},\"sameAs\":[\"https:\/\/www.instagram.com\/portugalinternet\/\",\"https:\/\/www.facebook.com\/portugalinternet\"]}]}<\/script>\n<!-- \/ Yoast SEO plugin. -->","yoast_head_json":{"title":"[:en]Portugal Internet - About us and Reviews[:es]Portugal Internet - Sobre nosotros y Opiniones[:fr]Portugal Internet - \u00c0 propos et Avis[:pt]Portugal Internet - Sobre n\u00f3s e Avalia\u00e7\u00f5es[:br]Portugal Internet - Sobre n\u00f3s e Avalia\u00e7\u00f5es[:]","robots":{"index":"index","follow":"follow","max-snippet":"max-snippet:-1","max-image-preview":"max-image-preview:large","max-video-preview":"max-video-preview:-1"},"canonical":"https:\/\/www.portugalinternet.com\/pt\/about-us\/","og_locale":"pt_PT","og_type":"article","og_title":"[:en]Portugal Internet - About us and Reviews[:es]Portugal Internet - Sobre nosotros y Opiniones[:fr]Portugal Internet - \u00c0 propos et Avis[:pt]Portugal Internet - Sobre n\u00f3s e Avalia\u00e7\u00f5es[:br]Portugal Internet - Sobre n\u00f3s e Avalia\u00e7\u00f5es[:]","og_description":"[vc_row type=&#8221;grid&#8221; background_color=&#8221;#ffffff&#8221; border_color=&#8221;#ffffff&#8221; padding_top=&#8221;30&#8243; css=&#8221;.vc_custom_1452651418494{background-color: #ffffff !important;}&#8221;][vc_column][vc_column_text css=&#8221;.vc_custom_1726251221270{margin-bottom: 20px !important;}&#8221;] Sobre n\u00f3s [\/vc_column_text][vc_empty_space][\/vc_column][\/vc_row][vc_row type=&#8221;grid&#8221; background_color=&#8221;#ffffff&#8221; border_color=&#8221;#ffffff&#8221; padding_top=&#8221;30&#8243; css=&#8221;.vc_custom_1452651418494{background-color: #ffffff !important;}&#8221;][vc_column][vc_text_separator title=&#8221;O nosso objetivo&#8221; background_color=&#8221;#ffffff&#8221;][vc_empty_space][vc_column_text css=&#8221;.vc_custom_1689143191643{margin-bottom: 20px !important;}&#8221;] O nosso objetivo \u00e9 proporcionar acesso \u00e0 internet a qualquer momento e em qualquer lugar a todas...","og_url":"https:\/\/www.portugalinternet.com\/about-us\/","og_site_name":"Get Internet in Portugal - Internet for your travel","article_publisher":"https:\/\/www.facebook.com\/portugalinternet","article_modified_time":"2024-11-01T12:32:33+00:00","twitter_card":"summary_large_image","twitter_misc":{"Est. reading time":"2 minutos"},"schema":{"@context":"https:\/\/schema.org","@graph":[{"@type":"WebPage","@id":"https:\/\/www.portugalinternet.com\/about-us\/","url":"https:\/\/www.portugalinternet.com\/about-us\/","name":"[:en]Portugal Internet - About us and Reviews[:es]Portugal Internet - Sobre nosotros y Opiniones[:fr]Portugal Internet - \u00c0 propos et Avis[:pt]Portugal Internet - Sobre n\u00f3s e Avalia\u00e7\u00f5es[:br]Portugal Internet - Sobre n\u00f3s e Avalia\u00e7\u00f5es[:]","isPartOf":{"@id":"https:\/\/www.portugalinternet.com\/br\/#website"},"datePublished":"2015-12-28T15:53:44+00:00","dateModified":"2024-11-01T12:32:33+00:00","breadcrumb":{"@id":"https:\/\/www.portugalinternet.com\/about-us\/#breadcrumb"},"inLanguage":"pt-PT","potentialAction":[{"@type":"ReadAction","target":["https:\/\/www.portugalinternet.com\/about-us\/"]}]},{"@type":"BreadcrumbList","@id":"https:\/\/www.portugalinternet.com\/about-us\/#breadcrumb","itemListElement":[{"@type":"ListItem","position":1,"name":"Home","item":"https:\/\/www.portugalinternet.com\/"},{"@type":"ListItem","position":2,"name":"About Us"}]},{"@type":"WebSite","@id":"https:\/\/www.portugalinternet.com\/br\/#website","url":"https:\/\/www.portugalinternet.com\/br\/","name":"Portugal Internet","description":"If you want to access the Internet in Portugal during your trip, here&#039;s a low cost and convenient solution to get internet everywhere. Learn more.","publisher":{"@id":"https:\/\/www.portugalinternet.com\/br\/#organization"},"potentialAction":[{"@type":"SearchAction","target":{"@type":"EntryPoint","urlTemplate":"https:\/\/www.portugalinternet.com\/br\/?s={search_term_string}"},"query-input":"required name=search_term_string"}],"inLanguage":"pt-PT"},{"@type":"Organization","@id":"https:\/\/www.portugalinternet.com\/br\/#organization","name":"Portugal Internet","url":"https:\/\/www.portugalinternet.com\/br\/","logo":{"@type":"ImageObject","inLanguage":"pt-PT","@id":"https:\/\/www.portugalinternet.com\/br\/#\/schema\/logo\/image\/","url":"https:\/\/www.portugalinternet.com\/app\/uploads\/main_logo_100_final.png","contentUrl":"https:\/\/www.portugalinternet.com\/app\/uploads\/main_logo_100_final.png","width":166,"height":58,"caption":"Portugal Internet"},"image":{"@id":"https:\/\/www.portugalinternet.com\/br\/#\/schema\/logo\/image\/"},"sameAs":["https:\/\/www.instagram.com\/portugalinternet\/","https:\/\/www.facebook.com\/portugalinternet"]}]}},"_links":{"self":[{"href":"https:\/\/www.portugalinternet.com\/pt\/wp-json\/wp\/v2\/pages\/22159"}],"collection":[{"href":"https:\/\/www.portugalinternet.com\/pt\/wp-json\/wp\/v2\/pages"}],"about":[{"href":"https:\/\/www.portugalinternet.com\/pt\/wp-json\/wp\/v2\/types\/page"}],"author":[{"embeddable":true,"href":"https:\/\/www.portugalinternet.com\/pt\/wp-json\/wp\/v2\/users\/1"}],"replies":[{"embeddable":true,"href":"https:\/\/www.portugalinternet.com\/pt\/wp-json\/wp\/v2\/comments?post=22159"}],"version-history":[{"count":93,"href":"https:\/\/www.portugalinternet.com\/pt\/wp-json\/wp\/v2\/pages\/22159\/revisions"}],"predecessor-version":[{"id":24917,"href":"https:\/\/www.portugalinternet.com\/pt\/wp-json\/wp\/v2\/pages\/22159\/revisions\/24917"}],"wp:attachment":[{"href":"https:\/\/www.portugalinternet.com\/pt\/wp-json\/wp\/v2\/media?parent=22159"}],"curies":[{"name":"wp","href":"https:\/\/api.w.org\/{rel}","templated":true}]}}