{"id":21736,"date":"2015-09-05T15:41:48","date_gmt":"2015-09-05T15:41:48","guid":{"rendered":"http:\/\/www.portugalinternet.com\/?page_id=21736"},"modified":"2025-10-31T09:55:08","modified_gmt":"2025-10-31T09:55:08","slug":"airport-pickup","status":"publish","type":"page","link":"https:\/\/www.portugalinternet.com\/pt\/pickup-return-wifi-rent-data-sim\/airport-pickup\/","title":{"rendered":"Levantamento no aeroporto"},"content":{"rendered":"<p>[vc_row type=&#8221;grid&#8221; background_color=&#8221;#ffffff&#8221; padding_top=&#8221;160&#8243; padding_bottom=&#8221;50&#8243;][vc_column][vc_column_text]<\/p>\n<h1>ENTREGA NO AEROPORTO<\/h1>\n<p>Os nossos itens podem ser entregues no s\u00edtio onde vai ficar alojado, em qualquer local em Portugal (seja num hotel ou numa resid\u00eancia). Pode tamb\u00e9m fazer o levantamento\u00a0no aeroporto onde vai desembarcar.[\/vc_column_text][\/vc_column][\/vc_row][vc_row type=&#8221;grid&#8221; background_color=&#8221;#ffffff&#8221; padding_top=&#8221;20&#8243; padding_bottom=&#8221;40&#8243;][vc_column][vc_column_text]<\/p>\n<h3>Onde e quando levantar no aeroporto<\/h3>\n<p style=\"text-align: left;\">Para receber o seu Hotspot ou cart\u00e3o SIM, apenas necessita de mencionar que est\u00e1 a levantar uma encomenda endere\u00e7ada a si, mostrar uma identifica\u00e7\u00e3o e indicar o c\u00f3digo de rastreio. <span style=\"color: #ffffff;\">.<\/span><\/p>\n<p style=\"text-align: left;\"><span style=\"color: #ffffff;\">n<\/span><\/p>\n<p style=\"text-align: left;\">Pode receber a sua encomenda nos seguintes locais:<\/p>\n<p>[\/vc_column_text][\/vc_column][\/vc_row][vc_row type=&#8221;grid&#8221; background_color=&#8221;#ffffff&#8221; padding_bottom=&#8221;30&#8243;][vc_column][vc_separator border_style=&#8221;solid&#8221;][vc_column_text]<\/p>\n<h5><span style=\"color: #ff9900;\">AEROPORTO DE FARO (NO EXTERIOR DO AEROPORTO)\u00a0<\/span><\/h5>\n<p>[\/vc_column_text][vc_row_inner padding_top=&#8221;25&#8243;][vc_column_inner width=&#8221;1\/4&#8243;][vc_column_text]<\/p>\n<p><strong>Ponto de entrega:<\/strong><\/p>\n<p>[\/vc_column_text][vc_empty_space height=&#8221;20px&#8221;][vc_column_text]<\/p>\n<p style=\"text-align: center;\">Empresa de Aluguer de Carros<\/p>\n<p>[\/vc_column_text][vc_single_image image=&#8221;26175&#8243; img_size=&#8221;80&#215;80&#8243; alignment=&#8221;center&#8221;][vc_empty_space height=&#8221;20px&#8221;][\/vc_column_inner][vc_column_inner width=&#8221;3\/4&#8243;][vc_column_text]<b>Hor\u00e1rio<\/b><strong>\u00a0de Funcionamento:<\/strong><br \/>\n9:00 &#8211; 13:00 , 14:30 &#8211; 19:00 Todos os Dias[\/vc_column_text][vc_empty_space height=&#8221;16px&#8221;][vc_column_text]<strong>Localiza\u00e7\u00e3o no exterior do aeroporto:<\/strong><br \/>\nMorada: Rua Samuel Ga\u00e7on, Faro (dist\u00e2ncia do aeroporto: 5 minutos a p\u00e9)[\/vc_column_text][vc_empty_space height=&#8221;8px&#8221;]<a href=\"https:\/\/www.portugalinternet.com\/app\/uploads\/Faro-Airport-Visacar_br-pt.png\" target=\"_blank\"  class=\"qbutton \" style=\"border-radius: 20px;-moz-border-radius: 20px;-webkit-border-radius: 20px; \">Mapa<\/a>[\/vc_column_inner][\/vc_row_inner][\/vc_column][\/vc_row][vc_row type=&#8221;grid&#8221; background_color=&#8221;#ffffff&#8221; padding_bottom=&#8221;30&#8243;][vc_column][vc_separator border_style=&#8221;solid&#8221;][vc_column_text]<\/p>\n<h5><span style=\"color: #ff9900;\">Aeroporto de\u00a0Lisboa (Humberto Delgado)\u00a0<\/span><\/h5>\n<p>[\/vc_column_text][vc_row_inner padding_top=&#8221;25&#8243;][vc_column_inner width=&#8221;1\/4&#8243;][vc_column_text]<\/p>\n<p><strong>Ponto de entrega:<\/strong><\/p>\n<p>[\/vc_column_text][vc_empty_space height=&#8221;20px&#8221;][vc_column_text]<\/p>\n<p style=\"text-align: center;\">Farm\u00e1cia<\/p>\n<p>[\/vc_column_text][vc_single_image image=&#8221;26820&#8243; img_size=&#8221;100&#215;100&#8243; alignment=&#8221;center&#8221;][vc_empty_space height=&#8221;20px&#8221;][\/vc_column_inner][vc_column_inner width=&#8221;3\/4&#8243;][vc_column_text]<b>Hor\u00e1rio<\/b><strong>\u00a0de Funcionamento:<\/strong><br \/>\n06:00 &#8211; 22:00 Todos os Dias[\/vc_column_text][vc_empty_space height=&#8221;16px&#8221;][vc_column_text]<strong>Localiza\u00e7\u00e3o no aeroporto:<\/strong><br \/>\nTerminal 1 Partidas, Piso 0 (lojas na entrada do Embarque)[\/vc_column_text][vc_empty_space height=&#8221;8px&#8221;]<a href=\"http:\/\/www.portugalinternet.com\/app\/uploads\/Pickup-Point-Lisbon-Airport-Farmacia-Aeroporto.jpg\" target=\"_blank\"  class=\"qbutton \" style=\"border-radius: 20px;-moz-border-radius: 20px;-webkit-border-radius: 20px; \">Mapa<\/a>[\/vc_column_inner][\/vc_row_inner][\/vc_column][\/vc_row][vc_row type=&#8221;grid&#8221; background_color=&#8221;#ffffff&#8221; padding_bottom=&#8221;30&#8243;][vc_column][vc_separator border_style=&#8221;solid&#8221;][vc_column_text]<\/p>\n<h5><span style=\"color: #ff9900;\">Aeroporto do Porto (Francisco S\u00e1 Carneiro)\u00a0<\/span><\/h5>\n<p>[\/vc_column_text][vc_row_inner padding_top=&#8221;25&#8243;][vc_column_inner width=&#8221;1\/4&#8243;][vc_column_text]<\/p>\n<p><strong>Ponto de entrega:<\/strong><\/p>\n<p>[\/vc_column_text][vc_empty_space height=&#8221;20px&#8221;][vc_column_text]<\/p>\n<p style=\"text-align: center;\">Esta\u00e7\u00e3o de Correios<\/p>\n<p>[\/vc_column_text][vc_single_image image=&#8221;21756&#8243; alignment=&#8221;center&#8221;][vc_empty_space height=&#8221;20px&#8221;][\/vc_column_inner][vc_column_inner width=&#8221;3\/4&#8243;][vc_column_text]<b>Hor\u00e1rio<\/b><strong>\u00a0de Funcionamento:<\/strong><br \/>\n09:00 &#8211; 21:00 2\u00aafeira a 6\u00aafeira[\/vc_column_text][vc_empty_space height=&#8221;16px&#8221;][vc_column_text]<strong>Localiza\u00e7\u00e3o no aeroporto:<\/strong><br \/>\nLobby das Chegadas, Piso 0 (lojas \u00e0 esquerda ap\u00f3s controle alfandeg\u00e1rio)[\/vc_column_text][vc_empty_space height=&#8221;8px&#8221;]<a href=\"https:\/\/www.portugalinternet.com\/app\/uploads\/2015\/09\/Porto_airport_map-e1475853926452.jpg\" target=\"_blank\"  class=\"qbutton \" style=\"border-radius: 20px;-moz-border-radius: 20px;-webkit-border-radius: 20px; \">Mapa<\/a>[\/vc_column_inner][\/vc_row_inner][\/vc_column][\/vc_row][vc_row type=&#8221;grid&#8221; background_color=&#8221;#ffffff&#8221; padding_bottom=&#8221;30&#8243;][vc_column][vc_separator border_style=&#8221;solid&#8221;][vc_column_text]<\/p>\n<h5><span style=\"color: #ff9900;\">Aeroporto de Ponta Delgada A\u00e7ores (S\u00e3o Miguel)\u00a0<\/span><\/h5>\n<p>[\/vc_column_text][vc_row_inner padding_top=&#8221;25&#8243;][vc_column_inner width=&#8221;1\/4&#8243;][vc_column_text]<\/p>\n<p><strong>Ponto de entrega:<\/strong><\/p>\n<p>[\/vc_column_text][vc_empty_space height=&#8221;20px&#8221;][vc_column_text]<\/p>\n<p style=\"text-align: center;\">Esta\u00e7\u00e3o de Correios<\/p>\n<p>[\/vc_column_text][vc_single_image image=&#8221;21756&#8243; alignment=&#8221;center&#8221;][vc_empty_space height=&#8221;20px&#8221;][\/vc_column_inner][vc_column_inner width=&#8221;3\/4&#8243;][vc_column_text]<b>Hor\u00e1rio<\/b><strong>\u00a0de Funcionamento:<\/strong><br \/>\n09:00 \u2013 12:30 , 14:00 \u2013 17:30 2\u00aafeira a 6\u00aafeira[\/vc_column_text][vc_empty_space height=&#8221;16px&#8221;][vc_column_text]<strong>Localiza\u00e7\u00e3o no aeroporto:<\/strong><br \/>\nLobby das Chegadas (lojas \u00e0 esquerda ap\u00f3s controle alfandeg\u00e1rio)[\/vc_column_text][vc_empty_space height=&#8221;8px&#8221;]<a href=\"https:\/\/www.portugalinternet.com\/app\/uploads\/2015\/10\/Mapa_Ponta_delgada-e1475853952984.png\" target=\"_blank\"  class=\"qbutton \" style=\"border-radius: 20px;-moz-border-radius: 20px;-webkit-border-radius: 20px; \">Mapa<\/a>[\/vc_column_inner][\/vc_row_inner][\/vc_column][\/vc_row][vc_row type=&#8221;grid&#8221; background_color=&#8221;#ffffff&#8221; padding_bottom=&#8221;30&#8243;][vc_column][vc_separator border_style=&#8221;solid&#8221;][vc_column_text]<\/p>\n<h5><span style=\"color: #ff9900;\">Aeroporto das Lajes A\u00e7ores (Terceira)\u00a0<\/span><\/h5>\n<p>[\/vc_column_text][vc_row_inner padding_top=&#8221;25&#8243;][vc_column_inner width=&#8221;1\/4&#8243;][vc_column_text]<\/p>\n<p><strong>Ponto de entrega:<\/strong><\/p>\n<p>[\/vc_column_text][vc_empty_space height=&#8221;20px&#8221;][vc_column_text]<\/p>\n<p style=\"text-align: center;\">Esta\u00e7\u00e3o de Correios<\/p>\n<p>[\/vc_column_text][vc_single_image image=&#8221;21756&#8243; alignment=&#8221;center&#8221;][vc_empty_space height=&#8221;20px&#8221;][\/vc_column_inner][vc_column_inner width=&#8221;3\/4&#8243;][vc_column_text]<b>Hor\u00e1rio<\/b><strong>\u00a0de Funcionamento:<\/strong><br \/>\n09:00 \u2013 12:30 , 14:00 \u2013 17:30 2\u00aafeira a 6\u00aafeira[\/vc_column_text][vc_empty_space height=&#8221;16px&#8221;][vc_column_text]<strong>Localiza\u00e7\u00e3o no aeroporto:<\/strong><br \/>\nLobby das Chegadas[\/vc_column_text][vc_empty_space height=&#8221;8px&#8221;]<a href=\"https:\/\/www.portugalinternet.com\/pt\/pickup-return-wifi-rent-data-sim\/airport-pickup\/\" target=\"_blank\"  class=\"qbutton \" style=\"border-radius: 20px;-moz-border-radius: 20px;-webkit-border-radius: 20px; \">Mapa<\/a>[\/vc_column_inner][\/vc_row_inner][\/vc_column][\/vc_row][vc_row type=&#8221;grid&#8221; background_color=&#8221;#ffffff&#8221; padding_bottom=&#8221;30&#8243;][vc_column][vc_separator border_style=&#8221;solid&#8221;][vc_column_text]<\/p>\n<h5><span style=\"color: #ff9900;\">Aeroporto da Madeira (Funchal)\u00a0<\/span><\/h5>\n<p>[\/vc_column_text][vc_row_inner padding_top=&#8221;25&#8243;][vc_column_inner width=&#8221;1\/4&#8243;][vc_column_text]<\/p>\n<p><strong>Ponto de entrega:<\/strong><\/p>\n<p>[\/vc_column_text][vc_empty_space height=&#8221;20px&#8221;][vc_column_text]<\/p>\n<p style=\"text-align: center;\">Esta\u00e7\u00e3o de Correios<\/p>\n<p>[\/vc_column_text][vc_single_image image=&#8221;21756&#8243; alignment=&#8221;center&#8221;][vc_empty_space height=&#8221;20px&#8221;][\/vc_column_inner][vc_column_inner width=&#8221;3\/4&#8243;][vc_column_text]Levantamento temporariamente indispon\u00edvel.<br \/>\nNo entanto poder\u00e1 fazer a devolu\u00e7\u00e3o usando as caixas do correio.[\/vc_column_text][vc_empty_space height=&#8221;16px&#8221;][vc_empty_space height=&#8221;8px&#8221;][\/vc_column_inner][\/vc_row_inner][\/vc_column][\/vc_row][vc_row type=&#8221;grid&#8221; background_color=&#8221;#ffffff&#8221; padding_bottom=&#8221;30&#8243;][vc_column][vc_separator border_style=&#8221;solid&#8221;][\/vc_column][\/vc_row][vc_row type=&#8221;grid&#8221; background_color=&#8221;#ffffff&#8221; padding_top=&#8221;50&#8243; padding_bottom=&#8221;100&#8243;][vc_column][vc_column_text]<\/p>\n<p style=\"text-align: left;\"><strong>IMPORTANTE<\/strong><\/p>\n<p style=\"text-align: left;\">*Considerando a possibilidade de atrasos dos voos e filas no controle de passaporte, por favor, assegure que deixa bastante tempo entre a chegada do seu voo e o hor\u00e1rio em que a esta\u00e7\u00e3o de correios est\u00e1 fechada.<\/p>\n<p style=\"text-align: left;\">*Se n\u00e3o tem certeza que ter\u00e1 tempo suficiente, recomendamos que escolha receber a encomenda no Hotel ou Resid\u00eancia.<\/p>\n<p style=\"text-align: left;\">*Ir\u00e1 necessitar de apresentar uma identifica\u00e7\u00e3o para levantar a encomenda. Por favor, certifique-se de preencher o nome tal como est\u00e1 no documento que ser\u00e1 apresentado.<\/p>\n<p>[\/vc_column_text][\/vc_column][\/vc_row]<\/p>","protected":false},"excerpt":{"rendered":"<p>[vc_row type=&#8221;grid&#8221; background_color=&#8221;#ffffff&#8221; padding_top=&#8221;160&#8243; padding_bottom=&#8221;50&#8243;][vc_column][vc_column_text] ENTREGA NO AEROPORTO Os nossos itens podem ser entregues no s\u00edtio onde vai ficar alojado, em qualquer local em Portugal (seja num hotel ou numa resid\u00eancia). Pode tamb\u00e9m fazer o levantamento\u00a0no aeroporto onde vai desembarcar.[\/vc_column_text][\/vc_column][\/vc_row][vc_row type=&#8221;grid&#8221; background_color=&#8221;#ffffff&#8221; padding_top=&#8221;20&#8243; padding_bottom=&#8221;40&#8243;][vc_column][vc_column_text] Onde&#8230;<\/p>\n","protected":false},"author":1,"featured_media":0,"parent":62,"menu_order":0,"comment_status":"closed","ping_status":"closed","template":"full_width.php","meta":{"_et_pb_use_builder":"","_et_pb_old_content":"","_et_gb_content_width":"","_monsterinsights_skip_tracking":false,"_monsterinsights_sitenote_active":false,"_monsterinsights_sitenote_note":"","_monsterinsights_sitenote_category":0},"yoast_head":"<!-- This site is optimized with the Yoast SEO plugin v19.13 - https:\/\/yoast.com\/wordpress\/plugins\/seo\/ -->\n<title>Portugal Internet - Aeroporto, recolha e devolu\u00e7\u00e3o<\/title>\n<meta name=\"robots\" content=\"index, follow, max-snippet:-1, max-image-preview:large, max-video-preview:-1\" \/>\n<link rel=\"canonical\" href=\"https:\/\/www.portugalinternet.com\/pt\/pickup-return-wifi-rent-data-sim\/airport-pickup\/\" \/>\n<meta property=\"og:locale\" content=\"pt_PT\" \/>\n<meta property=\"og:type\" content=\"article\" \/>\n<meta property=\"og:title\" content=\"[:en]Portugal Internet - Airport pickup and return[:es]Portugal Internet - Aeropuerto alquiler, recogida y devoluci\u00f3n[:fr]Portugal Internet - a\u00e9roport, retrait et retour faciles[:pt]Portugal Internet - Aeroporto, recolha e devolu\u00e7\u00e3o[:br]Portugal Internet - Aeroporto retirada e devolu\u00e7\u00e3o[:]\" \/>\n<meta property=\"og:description\" content=\"[vc_row type=&#8221;grid&#8221; background_color=&#8221;#ffffff&#8221; padding_top=&#8221;160&#8243; padding_bottom=&#8221;50&#8243;][vc_column][vc_column_text] ENTREGA NO AEROPORTO Os nossos itens podem ser entregues no s\u00edtio onde vai ficar alojado, em qualquer local em Portugal (seja num hotel ou numa resid\u00eancia). Pode tamb\u00e9m fazer o levantamento\u00a0no aeroporto onde vai desembarcar.[\/vc_column_text][\/vc_column][\/vc_row][vc_row type=&#8221;grid&#8221; background_color=&#8221;#ffffff&#8221; padding_top=&#8221;20&#8243; padding_bottom=&#8221;40&#8243;][vc_column][vc_column_text] Onde...\" \/>\n<meta property=\"og:url\" content=\"https:\/\/www.portugalinternet.com\/pickup-return-wifi-rent-data-sim\/airport-pickup\/\" \/>\n<meta property=\"og:site_name\" content=\"Get Internet in Portugal - Internet for your travel\" \/>\n<meta property=\"article:publisher\" content=\"https:\/\/www.facebook.com\/portugalinternet\" \/>\n<meta property=\"article:modified_time\" content=\"2025-10-31T09:55:08+00:00\" \/>\n<meta name=\"twitter:card\" content=\"summary_large_image\" \/>\n<meta name=\"twitter:label1\" content=\"Est. reading time\" \/>\n\t<meta name=\"twitter:data1\" content=\"3 minutos\" \/>\n<script type=\"application\/ld+json\" class=\"yoast-schema-graph\">{\"@context\":\"https:\/\/schema.org\",\"@graph\":[{\"@type\":\"WebPage\",\"@id\":\"https:\/\/www.portugalinternet.com\/pickup-return-wifi-rent-data-sim\/airport-pickup\/\",\"url\":\"https:\/\/www.portugalinternet.com\/pickup-return-wifi-rent-data-sim\/airport-pickup\/\",\"name\":\"[:en]Portugal Internet - Airport pickup and return[:es]Portugal Internet - Aeropuerto alquiler, recogida y devoluci\u00f3n[:fr]Portugal Internet - a\u00e9roport, retrait et retour faciles[:pt]Portugal Internet - Aeroporto, recolha e devolu\u00e7\u00e3o[:br]Portugal Internet - Aeroporto retirada e devolu\u00e7\u00e3o[:]\",\"isPartOf\":{\"@id\":\"https:\/\/www.portugalinternet.com\/br\/#website\"},\"datePublished\":\"2015-09-05T15:41:48+00:00\",\"dateModified\":\"2025-10-31T09:55:08+00:00\",\"breadcrumb\":{\"@id\":\"https:\/\/www.portugalinternet.com\/pickup-return-wifi-rent-data-sim\/airport-pickup\/#breadcrumb\"},\"inLanguage\":\"pt-PT\",\"potentialAction\":[{\"@type\":\"ReadAction\",\"target\":[\"https:\/\/www.portugalinternet.com\/pickup-return-wifi-rent-data-sim\/airport-pickup\/\"]}]},{\"@type\":\"BreadcrumbList\",\"@id\":\"https:\/\/www.portugalinternet.com\/pickup-return-wifi-rent-data-sim\/airport-pickup\/#breadcrumb\",\"itemListElement\":[{\"@type\":\"ListItem\",\"position\":1,\"name\":\"Home\",\"item\":\"https:\/\/www.portugalinternet.com\/\"},{\"@type\":\"ListItem\",\"position\":2,\"name\":\"Pickup and return\",\"item\":\"https:\/\/www.portugalinternet.com\/pickup-return-wifi-rent-data-sim\/\"},{\"@type\":\"ListItem\",\"position\":3,\"name\":\"Airport pickup\"}]},{\"@type\":\"WebSite\",\"@id\":\"https:\/\/www.portugalinternet.com\/br\/#website\",\"url\":\"https:\/\/www.portugalinternet.com\/br\/\",\"name\":\"Portugal Internet\",\"description\":\"If you want to access the Internet in Portugal during your trip, here&#039;s a low cost and convenient solution to get internet everywhere. Learn more.\",\"publisher\":{\"@id\":\"https:\/\/www.portugalinternet.com\/br\/#organization\"},\"potentialAction\":[{\"@type\":\"SearchAction\",\"target\":{\"@type\":\"EntryPoint\",\"urlTemplate\":\"https:\/\/www.portugalinternet.com\/br\/?s={search_term_string}\"},\"query-input\":\"required name=search_term_string\"}],\"inLanguage\":\"pt-PT\"},{\"@type\":\"Organization\",\"@id\":\"https:\/\/www.portugalinternet.com\/br\/#organization\",\"name\":\"Portugal Internet\",\"url\":\"https:\/\/www.portugalinternet.com\/br\/\",\"logo\":{\"@type\":\"ImageObject\",\"inLanguage\":\"pt-PT\",\"@id\":\"https:\/\/www.portugalinternet.com\/br\/#\/schema\/logo\/image\/\",\"url\":\"https:\/\/www.portugalinternet.com\/app\/uploads\/main_logo_100_final.png\",\"contentUrl\":\"https:\/\/www.portugalinternet.com\/app\/uploads\/main_logo_100_final.png\",\"width\":166,\"height\":58,\"caption\":\"Portugal Internet\"},\"image\":{\"@id\":\"https:\/\/www.portugalinternet.com\/br\/#\/schema\/logo\/image\/\"},\"sameAs\":[\"https:\/\/www.instagram.com\/portugalinternet\/\",\"https:\/\/www.facebook.com\/portugalinternet\"]}]}<\/script>\n<!-- \/ Yoast SEO plugin. -->","yoast_head_json":{"title":"[:en]Portugal Internet - Airport pickup and return[:es]Portugal Internet - Aeropuerto alquiler, recogida y devoluci\u00f3n[:fr]Portugal Internet - a\u00e9roport, retrait et retour faciles[:pt]Portugal Internet - Aeroporto, recolha e devolu\u00e7\u00e3o[:br]Portugal Internet - Aeroporto retirada e devolu\u00e7\u00e3o[:]","robots":{"index":"index","follow":"follow","max-snippet":"max-snippet:-1","max-image-preview":"max-image-preview:large","max-video-preview":"max-video-preview:-1"},"canonical":"https:\/\/www.portugalinternet.com\/pt\/pickup-return-wifi-rent-data-sim\/airport-pickup\/","og_locale":"pt_PT","og_type":"article","og_title":"[:en]Portugal Internet - Airport pickup and return[:es]Portugal Internet - Aeropuerto alquiler, recogida y devoluci\u00f3n[:fr]Portugal Internet - a\u00e9roport, retrait et retour faciles[:pt]Portugal Internet - Aeroporto, recolha e devolu\u00e7\u00e3o[:br]Portugal Internet - Aeroporto retirada e devolu\u00e7\u00e3o[:]","og_description":"[vc_row type=&#8221;grid&#8221; background_color=&#8221;#ffffff&#8221; padding_top=&#8221;160&#8243; padding_bottom=&#8221;50&#8243;][vc_column][vc_column_text] ENTREGA NO AEROPORTO Os nossos itens podem ser entregues no s\u00edtio onde vai ficar alojado, em qualquer local em Portugal (seja num hotel ou numa resid\u00eancia). Pode tamb\u00e9m fazer o levantamento\u00a0no aeroporto onde vai desembarcar.[\/vc_column_text][\/vc_column][\/vc_row][vc_row type=&#8221;grid&#8221; background_color=&#8221;#ffffff&#8221; padding_top=&#8221;20&#8243; padding_bottom=&#8221;40&#8243;][vc_column][vc_column_text] Onde...","og_url":"https:\/\/www.portugalinternet.com\/pickup-return-wifi-rent-data-sim\/airport-pickup\/","og_site_name":"Get Internet in Portugal - Internet for your travel","article_publisher":"https:\/\/www.facebook.com\/portugalinternet","article_modified_time":"2025-10-31T09:55:08+00:00","twitter_card":"summary_large_image","twitter_misc":{"Est. reading time":"3 minutos"},"schema":{"@context":"https:\/\/schema.org","@graph":[{"@type":"WebPage","@id":"https:\/\/www.portugalinternet.com\/pickup-return-wifi-rent-data-sim\/airport-pickup\/","url":"https:\/\/www.portugalinternet.com\/pickup-return-wifi-rent-data-sim\/airport-pickup\/","name":"[:en]Portugal Internet - Airport pickup and return[:es]Portugal Internet - Aeropuerto alquiler, recogida y devoluci\u00f3n[:fr]Portugal Internet - a\u00e9roport, retrait et retour faciles[:pt]Portugal Internet - Aeroporto, recolha e devolu\u00e7\u00e3o[:br]Portugal Internet - Aeroporto retirada e devolu\u00e7\u00e3o[:]","isPartOf":{"@id":"https:\/\/www.portugalinternet.com\/br\/#website"},"datePublished":"2015-09-05T15:41:48+00:00","dateModified":"2025-10-31T09:55:08+00:00","breadcrumb":{"@id":"https:\/\/www.portugalinternet.com\/pickup-return-wifi-rent-data-sim\/airport-pickup\/#breadcrumb"},"inLanguage":"pt-PT","potentialAction":[{"@type":"ReadAction","target":["https:\/\/www.portugalinternet.com\/pickup-return-wifi-rent-data-sim\/airport-pickup\/"]}]},{"@type":"BreadcrumbList","@id":"https:\/\/www.portugalinternet.com\/pickup-return-wifi-rent-data-sim\/airport-pickup\/#breadcrumb","itemListElement":[{"@type":"ListItem","position":1,"name":"Home","item":"https:\/\/www.portugalinternet.com\/"},{"@type":"ListItem","position":2,"name":"Pickup and return","item":"https:\/\/www.portugalinternet.com\/pickup-return-wifi-rent-data-sim\/"},{"@type":"ListItem","position":3,"name":"Airport pickup"}]},{"@type":"WebSite","@id":"https:\/\/www.portugalinternet.com\/br\/#website","url":"https:\/\/www.portugalinternet.com\/br\/","name":"Portugal Internet","description":"If you want to access the Internet in Portugal during your trip, here&#039;s a low cost and convenient solution to get internet everywhere. Learn more.","publisher":{"@id":"https:\/\/www.portugalinternet.com\/br\/#organization"},"potentialAction":[{"@type":"SearchAction","target":{"@type":"EntryPoint","urlTemplate":"https:\/\/www.portugalinternet.com\/br\/?s={search_term_string}"},"query-input":"required name=search_term_string"}],"inLanguage":"pt-PT"},{"@type":"Organization","@id":"https:\/\/www.portugalinternet.com\/br\/#organization","name":"Portugal Internet","url":"https:\/\/www.portugalinternet.com\/br\/","logo":{"@type":"ImageObject","inLanguage":"pt-PT","@id":"https:\/\/www.portugalinternet.com\/br\/#\/schema\/logo\/image\/","url":"https:\/\/www.portugalinternet.com\/app\/uploads\/main_logo_100_final.png","contentUrl":"https:\/\/www.portugalinternet.com\/app\/uploads\/main_logo_100_final.png","width":166,"height":58,"caption":"Portugal Internet"},"image":{"@id":"https:\/\/www.portugalinternet.com\/br\/#\/schema\/logo\/image\/"},"sameAs":["https:\/\/www.instagram.com\/portugalinternet\/","https:\/\/www.facebook.com\/portugalinternet"]}]}},"_links":{"self":[{"href":"https:\/\/www.portugalinternet.com\/pt\/wp-json\/wp\/v2\/pages\/21736"}],"collection":[{"href":"https:\/\/www.portugalinternet.com\/pt\/wp-json\/wp\/v2\/pages"}],"about":[{"href":"https:\/\/www.portugalinternet.com\/pt\/wp-json\/wp\/v2\/types\/page"}],"author":[{"embeddable":true,"href":"https:\/\/www.portugalinternet.com\/pt\/wp-json\/wp\/v2\/users\/1"}],"replies":[{"embeddable":true,"href":"https:\/\/www.portugalinternet.com\/pt\/wp-json\/wp\/v2\/comments?post=21736"}],"version-history":[{"count":213,"href":"https:\/\/www.portugalinternet.com\/pt\/wp-json\/wp\/v2\/pages\/21736\/revisions"}],"predecessor-version":[{"id":27019,"href":"https:\/\/www.portugalinternet.com\/pt\/wp-json\/wp\/v2\/pages\/21736\/revisions\/27019"}],"up":[{"embeddable":true,"href":"https:\/\/www.portugalinternet.com\/pt\/wp-json\/wp\/v2\/pages\/62"}],"wp:attachment":[{"href":"https:\/\/www.portugalinternet.com\/pt\/wp-json\/wp\/v2\/media?parent=21736"}],"curies":[{"name":"wp","href":"https:\/\/api.w.org\/{rel}","templated":true}]}}