{"id":22159,"date":"2015-12-28T15:53:44","date_gmt":"2015-12-28T15:53:44","guid":{"rendered":"http:\/\/www.portugalinternet.com\/?page_id=22159"},"modified":"2024-11-01T12:32:33","modified_gmt":"2024-11-01T12:32:33","slug":"about-us","status":"publish","type":"page","link":"https:\/\/www.portugalinternet.com\/fr\/about-us\/","title":{"rendered":"\u00c0 propos de nous"},"content":{"rendered":"<p>[vc_row type=\u00a0\u00bbgrid\u00a0\u00bb background_color=\u00a0\u00bb#ffffff\u00a0\u00bb border_color=\u00a0\u00bb#ffffff\u00a0\u00bb padding_top=\u00a0\u00bb30&Prime; css=\u00a0\u00bb.vc_custom_1452651418494{background-color: #ffffff !important;}\u00a0\u00bb][vc_column][vc_column_text css=\u00a0\u00bb.vc_custom_1726251247886{margin-bottom: 20px !important;}\u00a0\u00bb]<\/p>\n<h1 style=\"text-align: left;\">\u00c0 propos de nous<\/h1>\n<p>[\/vc_column_text][vc_empty_space][\/vc_column][\/vc_row][vc_row type=\u00a0\u00bbgrid\u00a0\u00bb background_color=\u00a0\u00bb#ffffff\u00a0\u00bb border_color=\u00a0\u00bb#ffffff\u00a0\u00bb padding_top=\u00a0\u00bb30&Prime; css=\u00a0\u00bb.vc_custom_1452651418494{background-color: #ffffff !important;}\u00a0\u00bb][vc_column][vc_text_separator title=\u00a0\u00bbNotre objectif\u00a0\u00bb background_color=\u00a0\u00bb#ffffff\u00a0\u00bb][vc_empty_space][vc_column_text css=\u00a0\u00bb.vc_custom_1689143262292{margin-bottom: 20px !important;}\u00a0\u00bb]<\/p>\n<p style=\"text-align: left;\">Notre objectif est de fournir un acc\u00e8s internet n&rsquo;importe quand et n&rsquo;importe o\u00f9 \u00e0 tous ceux qui visitent le Portugal et les autres pays de l&rsquo;Espace \u00e9conomique europ\u00e9eninsouciant.<\/p>\n<p style=\"text-align: right;\"><span style=\"color: #ffffff;\">.<\/span><\/p>\n<p style=\"text-align: left;\">Vous b\u00e9n\u00e9ficierez d&rsquo;un acc\u00e8s pratique et sans soucis \u00e0 l&rsquo;internet pendant votre voyage, afin que vous puissiez \u00eatre connect\u00e9 \u00e0 la maison et de partager les exp\u00e9riences de votre voyage.<\/p>\n<p style=\"text-align: right;\"><span style=\"color: #ffffff;\">.<\/span><\/p>\n<p style=\"text-align: left;\">Nous fournissons tout cela \u00e0 un co\u00fbt tr\u00e8s raisonnable, afin que vous puissiez \u00e9viter les frais d&rsquo;itin\u00e9rance co\u00fbteux de votre op\u00e9rateur de t\u00e9l\u00e9phonie mobile, et de mauvaises surprises sur votre facture de t\u00e9l\u00e9phone, quand vous rentrez chez vous.<\/p>\n<p style=\"text-align: left;\">Nos prix sont simples, tous inclus, et sans frais cach\u00e9s &#8211; C&rsquo;est notre promesse.<\/p>\n<p>[\/vc_column_text][vc_empty_space][\/vc_column][\/vc_row][vc_row type=\u00a0\u00bbgrid\u00a0\u00bb background_color=\u00a0\u00bb#ffffff\u00a0\u00bb border_color=\u00a0\u00bb#ffffff\u00a0\u00bb padding_top=\u00a0\u00bb30&Prime; css=\u00a0\u00bb.vc_custom_1452651418494{background-color: #ffffff !important;}\u00a0\u00bb][vc_column][vc_text_separator title=\u00a0\u00bbQui nous sommes\u00a0\u00bb background_color=\u00a0\u00bb#ffffff\u00a0\u00bb][vc_empty_space][vc_column_text]Portugal Internet fournit une connexion internet aux touristes et aux voyageurs du monde entier depuis plus de 10 ans.<\/p>\n<p>Nos clients adorent notre service et nous attribuent constamment des avis 5 \u00e9toiles, un exploit rare dans l&rsquo;industrie des t\u00e9l\u00e9communications.<\/p>\n<p>&nbsp;<\/p>\n<p>&nbsp;<\/p>\n<p>Nous avons plus de <strong>2.000<\/strong> avis <strong>5 \u00e9toiles<\/strong> sur Google et Facebook, un t\u00e9moignage clair de l&rsquo;amour que nos clients ont pour notre service.<\/p>\n<p><a href=\"https:\/\/maps.app.goo.gl\/qiQbEsrdAceYmrE28\">4,9 \u00e9toiles sur les avis Google<\/a><\/p>\n<p><a href=\"https:\/\/www.facebook.com\/portugalinternet\/\">4,8 \u00e9toiles sur les avis Facebook<\/a><\/p>\n<p><a href=\"https:\/\/www.trustpilot.com\/review\/www.portugalinternet.com\">4,2 \u00e9toiles sur les avis Trustpilot<\/a><\/p>\n<p>Nous fournissons \u00e9galement une connexion dans n&rsquo;importe quel pays du monde via eSIM sur notre site <a href=\"http:\/\/www.esimpass.com\">eSIMpass.com<\/a>.[\/vc_column_text][vc_empty_space][\/vc_column][\/vc_row][vc_row type=\u00a0\u00bbgrid\u00a0\u00bb background_color=\u00a0\u00bb#ffffff\u00a0\u00bb padding_bottom=\u00a0\u00bb50&Prime; css=\u00a0\u00bb.vc_custom_1452650735210{padding-top: 15px !important;}\u00a0\u00bb][vc_column][vc_text_separator title=\u00a0\u00bbO\u00f9 nous sommes\u00a0\u00bb][vc_empty_space][vc_gmaps link=\u00a0\u00bb#E-8_JTNDaWZyYW1lJTIwc3JjJTNEJTIyaHR0cHMlM0ElMkYlMkZ3d3cuZ29vZ2xlLmNvbSUyRm1hcHMlMkZlbWJlZCUzRnBiJTNEJTIxMW0xOCUyMTFtMTIlMjExbTMlMjExZDY1MDkxMDUuMzgzMTkwNTA1JTIxMmQtMjMuMjMzMzYyMjY4MTY0MDgzJTIxM2QzNy4xOTM3MTgyMjYzNDYxODUlMjEybTMlMjExZjAlMjEyZjAlMjEzZjAlMjEzbTIlMjExaTEwMjQlMjEyaTc2OCUyMTRmMTMuMSUyMTNtMyUyMTFtMiUyMTFzMHhkMjQ2NDVlYTViYjc1MWIlMjUzQTB4NTI4N2VhMTljOTg2ODFhZSUyMTJzUG9ydHVnYWwlMjUyMEludGVybmV0JTIxNWUwJTIxM20yJTIxMXNlbiUyMTJzcHQlMjE0djE1ODAzMjAyOTI2NDclMjE1bTIlMjExc2VuJTIxMnNwdCUyMiUyMHdpZHRoJTNEJTIyNjAwJTIyJTIwaGVpZ2h0JTNEJTIyNDAwJTIyJTIwZnJhbWVib3JkZXIlM0QlMjIwJTIyJTIwc3R5bGUlM0QlMjJib3JkZXIlM0EwJTNCJTIyJTIwYWxsb3dmdWxsc2NyZWVuJTNEJTIyJTIyJTNFJTNDJTJGaWZyYW1lJTNF\u00a0\u00bb size=\u00a0\u00bb400&Prime;][vc_empty_space][\/vc_column][\/vc_row][vc_row type=\u00a0\u00bbgrid\u00a0\u00bb background_color=\u00a0\u00bb#ffffff\u00a0\u00bb border_color=\u00a0\u00bb#ffffff\u00a0\u00bb padding_bottom=\u00a0\u00bb50&Prime; css=\u00a0\u00bb.vc_custom_1452650746630{padding-top: 15px !important;}\u00a0\u00bb][vc_column][vc_text_separator title=\u00a0\u00bbContactez nous\u00a0\u00bb][vc_empty_space][vc_column_text]<\/p>\n<p style=\"text-align: left;\">Au Portugal Internet, nous croyons que toute commerce en ligne doit \u00eatre transparent et ouverte comme n&rsquo;importe quel magasin physique. Sur cette page vous pouvez trouver sur l&rsquo;entreprise et les personnes derri\u00e8re Portugal Internet. Avez-vous des questions? Entrer en contact! Appelez-nous, envoyez un email, ou faites un post sur notre r\u00e9seau social.<\/p>\n<p>[\/vc_column_text][vc_empty_space height=\u00a0\u00bb20px\u00a0\u00bb][vc_column_text]<\/p>\n<p style=\"text-align: left;\"><strong>Email:<\/strong> <a href=\"mailto:help@portugalinternet.com\">help@portugalinternet.com<\/a><\/p>\n<p style=\"text-align: left;\"><strong>T\u00e9l\u00e9phone:<\/strong> +351 220 135 448<\/p>\n<p style=\"text-align: left;\"><strong>T\u00e9l\u00e9phone:<\/strong>\u00a0+351 934 671 341 (WhatsApp)<\/p>\n<p style=\"text-align: left;\">Facebook: <a href=\"https:\/\/www.facebook.com\/portugalinternet\">https:\/\/www.facebook.com\/portugalinternet<\/a><\/p>\n<p style=\"text-align: left;\">Youtube: <a href=\"https:\/\/www.youtube.com\/channel\/UCzjLSwSLzdm-J3n79rmuzaw\">https:\/\/www.youtube.com\/portugalinternet<\/a><\/p>\n<p style=\"text-align: left;\">Instagram: <a href=\"https:\/\/www.instagram.com\/portugalinternet\/\">https:\/\/www.instagram.com\/portugalinternet\/<\/a><\/p>\n<p style=\"text-align: left;\">Adresse:\u00a0Rua Jose Maria Carvalho Ramos Lt 390B<\/p>\n<p style=\"text-align: left;\">\u00a0 \u00a0 \u00a0 \u00a0 \u00a0 \u00a0 \u00a0 \u00a0 4470-407 Maia, Portugal<\/p>\n<p>[\/vc_column_text][vc_empty_space height=\u00a0\u00bb20px\u00a0\u00bb][\/vc_column][\/vc_row]<\/p>","protected":false},"excerpt":{"rendered":"<p>[vc_row type=\u00a0\u00bbgrid\u00a0\u00bb background_color=\u00a0\u00bb#ffffff\u00a0\u00bb border_color=\u00a0\u00bb#ffffff\u00a0\u00bb padding_top=\u00a0\u00bb30&Prime; css=\u00a0\u00bb.vc_custom_1452651418494{background-color: #ffffff !important;}\u00a0\u00bb][vc_column][vc_column_text css=\u00a0\u00bb.vc_custom_1726251247886{margin-bottom: 20px !important;}\u00a0\u00bb] \u00c0 propos de nous [\/vc_column_text][vc_empty_space][\/vc_column][\/vc_row][vc_row type=\u00a0\u00bbgrid\u00a0\u00bb background_color=\u00a0\u00bb#ffffff\u00a0\u00bb border_color=\u00a0\u00bb#ffffff\u00a0\u00bb padding_top=\u00a0\u00bb30&Prime; css=\u00a0\u00bb.vc_custom_1452651418494{background-color: #ffffff !important;}\u00a0\u00bb][vc_column][vc_text_separator title=\u00a0\u00bbNotre objectif\u00a0\u00bb background_color=\u00a0\u00bb#ffffff\u00a0\u00bb][vc_empty_space][vc_column_text css=\u00a0\u00bb.vc_custom_1689143262292{margin-bottom: 20px !important;}\u00a0\u00bb] Notre objectif est de fournir un acc\u00e8s internet n&rsquo;importe quand et n&rsquo;importe o\u00f9 \u00e0 tous ceux&#8230;<\/p>\n","protected":false},"author":1,"featured_media":0,"parent":0,"menu_order":7,"comment_status":"closed","ping_status":"closed","template":"full_width.php","meta":{"_et_pb_use_builder":"","_et_pb_old_content":"","_et_gb_content_width":"","_monsterinsights_skip_tracking":false,"_monsterinsights_sitenote_active":false,"_monsterinsights_sitenote_note":"","_monsterinsights_sitenote_category":0},"yoast_head":"<!-- This site is optimized with the Yoast SEO plugin v19.13 - https:\/\/yoast.com\/wordpress\/plugins\/seo\/ -->\n<title>Portugal Internet - \u00c0 propos et Avis<\/title>\n<meta name=\"robots\" content=\"index, follow, max-snippet:-1, max-image-preview:large, max-video-preview:-1\" \/>\n<link rel=\"canonical\" href=\"https:\/\/www.portugalinternet.com\/fr\/about-us\/\" \/>\n<meta property=\"og:locale\" content=\"fr_FR\" \/>\n<meta property=\"og:type\" content=\"article\" \/>\n<meta property=\"og:title\" content=\"[:en]Portugal Internet - About us and Reviews[:es]Portugal Internet - Sobre nosotros y Opiniones[:fr]Portugal Internet - \u00c0 propos et Avis[:pt]Portugal Internet - Sobre n\u00f3s e Avalia\u00e7\u00f5es[:br]Portugal Internet - Sobre n\u00f3s e Avalia\u00e7\u00f5es[:]\" \/>\n<meta property=\"og:description\" content=\"[vc_row type=\u00a0\u00bbgrid\u00a0\u00bb background_color=\u00a0\u00bb#ffffff\u00a0\u00bb border_color=\u00a0\u00bb#ffffff\u00a0\u00bb padding_top=\u00a0\u00bb30&Prime; css=\u00a0\u00bb.vc_custom_1452651418494{background-color: #ffffff !important;}\u00a0\u00bb][vc_column][vc_column_text css=\u00a0\u00bb.vc_custom_1726251247886{margin-bottom: 20px !important;}\u00a0\u00bb] \u00c0 propos de nous [\/vc_column_text][vc_empty_space][\/vc_column][\/vc_row][vc_row type=\u00a0\u00bbgrid\u00a0\u00bb background_color=\u00a0\u00bb#ffffff\u00a0\u00bb border_color=\u00a0\u00bb#ffffff\u00a0\u00bb padding_top=\u00a0\u00bb30&Prime; css=\u00a0\u00bb.vc_custom_1452651418494{background-color: #ffffff !important;}\u00a0\u00bb][vc_column][vc_text_separator title=\u00a0\u00bbNotre objectif\u00a0\u00bb background_color=\u00a0\u00bb#ffffff\u00a0\u00bb][vc_empty_space][vc_column_text css=\u00a0\u00bb.vc_custom_1689143262292{margin-bottom: 20px !important;}\u00a0\u00bb] Notre objectif est de fournir un acc\u00e8s internet n&rsquo;importe quand et n&rsquo;importe o\u00f9 \u00e0 tous ceux...\" \/>\n<meta property=\"og:url\" content=\"https:\/\/www.portugalinternet.com\/about-us\/\" \/>\n<meta property=\"og:site_name\" content=\"Get Internet in Portugal - Internet for your travel\" \/>\n<meta property=\"article:publisher\" content=\"https:\/\/www.facebook.com\/portugalinternet\" \/>\n<meta property=\"article:modified_time\" content=\"2024-11-01T12:32:33+00:00\" \/>\n<meta name=\"twitter:card\" content=\"summary_large_image\" \/>\n<meta name=\"twitter:label1\" content=\"Est. reading time\" \/>\n\t<meta name=\"twitter:data1\" content=\"2 minutes\" \/>\n<script type=\"application\/ld+json\" class=\"yoast-schema-graph\">{\"@context\":\"https:\/\/schema.org\",\"@graph\":[{\"@type\":\"WebPage\",\"@id\":\"https:\/\/www.portugalinternet.com\/about-us\/\",\"url\":\"https:\/\/www.portugalinternet.com\/about-us\/\",\"name\":\"[:en]Portugal Internet - About us and Reviews[:es]Portugal Internet - Sobre nosotros y Opiniones[:fr]Portugal Internet - \u00c0 propos et Avis[:pt]Portugal Internet - Sobre n\u00f3s e Avalia\u00e7\u00f5es[:br]Portugal Internet - Sobre n\u00f3s e Avalia\u00e7\u00f5es[:]\",\"isPartOf\":{\"@id\":\"https:\/\/www.portugalinternet.com\/br\/#website\"},\"datePublished\":\"2015-12-28T15:53:44+00:00\",\"dateModified\":\"2024-11-01T12:32:33+00:00\",\"breadcrumb\":{\"@id\":\"https:\/\/www.portugalinternet.com\/about-us\/#breadcrumb\"},\"inLanguage\":\"fr-FR\",\"potentialAction\":[{\"@type\":\"ReadAction\",\"target\":[\"https:\/\/www.portugalinternet.com\/about-us\/\"]}]},{\"@type\":\"BreadcrumbList\",\"@id\":\"https:\/\/www.portugalinternet.com\/about-us\/#breadcrumb\",\"itemListElement\":[{\"@type\":\"ListItem\",\"position\":1,\"name\":\"Home\",\"item\":\"https:\/\/www.portugalinternet.com\/\"},{\"@type\":\"ListItem\",\"position\":2,\"name\":\"About Us\"}]},{\"@type\":\"WebSite\",\"@id\":\"https:\/\/www.portugalinternet.com\/br\/#website\",\"url\":\"https:\/\/www.portugalinternet.com\/br\/\",\"name\":\"Portugal Internet\",\"description\":\"If you want to access the Internet in Portugal during your trip, here&#039;s a low cost and convenient solution to get internet everywhere. Learn more.\",\"publisher\":{\"@id\":\"https:\/\/www.portugalinternet.com\/br\/#organization\"},\"potentialAction\":[{\"@type\":\"SearchAction\",\"target\":{\"@type\":\"EntryPoint\",\"urlTemplate\":\"https:\/\/www.portugalinternet.com\/br\/?s={search_term_string}\"},\"query-input\":\"required name=search_term_string\"}],\"inLanguage\":\"fr-FR\"},{\"@type\":\"Organization\",\"@id\":\"https:\/\/www.portugalinternet.com\/br\/#organization\",\"name\":\"Portugal Internet\",\"url\":\"https:\/\/www.portugalinternet.com\/br\/\",\"logo\":{\"@type\":\"ImageObject\",\"inLanguage\":\"fr-FR\",\"@id\":\"https:\/\/www.portugalinternet.com\/br\/#\/schema\/logo\/image\/\",\"url\":\"https:\/\/www.portugalinternet.com\/app\/uploads\/main_logo_100_final.png\",\"contentUrl\":\"https:\/\/www.portugalinternet.com\/app\/uploads\/main_logo_100_final.png\",\"width\":166,\"height\":58,\"caption\":\"Portugal Internet\"},\"image\":{\"@id\":\"https:\/\/www.portugalinternet.com\/br\/#\/schema\/logo\/image\/\"},\"sameAs\":[\"https:\/\/www.instagram.com\/portugalinternet\/\",\"https:\/\/www.facebook.com\/portugalinternet\"]}]}<\/script>\n<!-- \/ Yoast SEO plugin. -->","yoast_head_json":{"title":"[:en]Portugal Internet - About us and Reviews[:es]Portugal Internet - Sobre nosotros y Opiniones[:fr]Portugal Internet - \u00c0 propos et Avis[:pt]Portugal Internet - Sobre n\u00f3s e Avalia\u00e7\u00f5es[:br]Portugal Internet - Sobre n\u00f3s e Avalia\u00e7\u00f5es[:]","robots":{"index":"index","follow":"follow","max-snippet":"max-snippet:-1","max-image-preview":"max-image-preview:large","max-video-preview":"max-video-preview:-1"},"canonical":"https:\/\/www.portugalinternet.com\/fr\/about-us\/","og_locale":"fr_FR","og_type":"article","og_title":"[:en]Portugal Internet - About us and Reviews[:es]Portugal Internet - Sobre nosotros y Opiniones[:fr]Portugal Internet - \u00c0 propos et Avis[:pt]Portugal Internet - Sobre n\u00f3s e Avalia\u00e7\u00f5es[:br]Portugal Internet - Sobre n\u00f3s e Avalia\u00e7\u00f5es[:]","og_description":"[vc_row type=\u00a0\u00bbgrid\u00a0\u00bb background_color=\u00a0\u00bb#ffffff\u00a0\u00bb border_color=\u00a0\u00bb#ffffff\u00a0\u00bb padding_top=\u00a0\u00bb30&Prime; css=\u00a0\u00bb.vc_custom_1452651418494{background-color: #ffffff !important;}\u00a0\u00bb][vc_column][vc_column_text css=\u00a0\u00bb.vc_custom_1726251247886{margin-bottom: 20px !important;}\u00a0\u00bb] \u00c0 propos de nous [\/vc_column_text][vc_empty_space][\/vc_column][\/vc_row][vc_row type=\u00a0\u00bbgrid\u00a0\u00bb background_color=\u00a0\u00bb#ffffff\u00a0\u00bb border_color=\u00a0\u00bb#ffffff\u00a0\u00bb padding_top=\u00a0\u00bb30&Prime; css=\u00a0\u00bb.vc_custom_1452651418494{background-color: #ffffff !important;}\u00a0\u00bb][vc_column][vc_text_separator title=\u00a0\u00bbNotre objectif\u00a0\u00bb background_color=\u00a0\u00bb#ffffff\u00a0\u00bb][vc_empty_space][vc_column_text css=\u00a0\u00bb.vc_custom_1689143262292{margin-bottom: 20px !important;}\u00a0\u00bb] Notre objectif est de fournir un acc\u00e8s internet n&rsquo;importe quand et n&rsquo;importe o\u00f9 \u00e0 tous ceux...","og_url":"https:\/\/www.portugalinternet.com\/about-us\/","og_site_name":"Get Internet in Portugal - Internet for your travel","article_publisher":"https:\/\/www.facebook.com\/portugalinternet","article_modified_time":"2024-11-01T12:32:33+00:00","twitter_card":"summary_large_image","twitter_misc":{"Est. reading time":"2 minutes"},"schema":{"@context":"https:\/\/schema.org","@graph":[{"@type":"WebPage","@id":"https:\/\/www.portugalinternet.com\/about-us\/","url":"https:\/\/www.portugalinternet.com\/about-us\/","name":"[:en]Portugal Internet - About us and Reviews[:es]Portugal Internet - Sobre nosotros y Opiniones[:fr]Portugal Internet - \u00c0 propos et Avis[:pt]Portugal Internet - Sobre n\u00f3s e Avalia\u00e7\u00f5es[:br]Portugal Internet - Sobre n\u00f3s e Avalia\u00e7\u00f5es[:]","isPartOf":{"@id":"https:\/\/www.portugalinternet.com\/br\/#website"},"datePublished":"2015-12-28T15:53:44+00:00","dateModified":"2024-11-01T12:32:33+00:00","breadcrumb":{"@id":"https:\/\/www.portugalinternet.com\/about-us\/#breadcrumb"},"inLanguage":"fr-FR","potentialAction":[{"@type":"ReadAction","target":["https:\/\/www.portugalinternet.com\/about-us\/"]}]},{"@type":"BreadcrumbList","@id":"https:\/\/www.portugalinternet.com\/about-us\/#breadcrumb","itemListElement":[{"@type":"ListItem","position":1,"name":"Home","item":"https:\/\/www.portugalinternet.com\/"},{"@type":"ListItem","position":2,"name":"About Us"}]},{"@type":"WebSite","@id":"https:\/\/www.portugalinternet.com\/br\/#website","url":"https:\/\/www.portugalinternet.com\/br\/","name":"Portugal Internet","description":"If you want to access the Internet in Portugal during your trip, here&#039;s a low cost and convenient solution to get internet everywhere. Learn more.","publisher":{"@id":"https:\/\/www.portugalinternet.com\/br\/#organization"},"potentialAction":[{"@type":"SearchAction","target":{"@type":"EntryPoint","urlTemplate":"https:\/\/www.portugalinternet.com\/br\/?s={search_term_string}"},"query-input":"required name=search_term_string"}],"inLanguage":"fr-FR"},{"@type":"Organization","@id":"https:\/\/www.portugalinternet.com\/br\/#organization","name":"Portugal Internet","url":"https:\/\/www.portugalinternet.com\/br\/","logo":{"@type":"ImageObject","inLanguage":"fr-FR","@id":"https:\/\/www.portugalinternet.com\/br\/#\/schema\/logo\/image\/","url":"https:\/\/www.portugalinternet.com\/app\/uploads\/main_logo_100_final.png","contentUrl":"https:\/\/www.portugalinternet.com\/app\/uploads\/main_logo_100_final.png","width":166,"height":58,"caption":"Portugal Internet"},"image":{"@id":"https:\/\/www.portugalinternet.com\/br\/#\/schema\/logo\/image\/"},"sameAs":["https:\/\/www.instagram.com\/portugalinternet\/","https:\/\/www.facebook.com\/portugalinternet"]}]}},"_links":{"self":[{"href":"https:\/\/www.portugalinternet.com\/fr\/wp-json\/wp\/v2\/pages\/22159"}],"collection":[{"href":"https:\/\/www.portugalinternet.com\/fr\/wp-json\/wp\/v2\/pages"}],"about":[{"href":"https:\/\/www.portugalinternet.com\/fr\/wp-json\/wp\/v2\/types\/page"}],"author":[{"embeddable":true,"href":"https:\/\/www.portugalinternet.com\/fr\/wp-json\/wp\/v2\/users\/1"}],"replies":[{"embeddable":true,"href":"https:\/\/www.portugalinternet.com\/fr\/wp-json\/wp\/v2\/comments?post=22159"}],"version-history":[{"count":93,"href":"https:\/\/www.portugalinternet.com\/fr\/wp-json\/wp\/v2\/pages\/22159\/revisions"}],"predecessor-version":[{"id":24917,"href":"https:\/\/www.portugalinternet.com\/fr\/wp-json\/wp\/v2\/pages\/22159\/revisions\/24917"}],"wp:attachment":[{"href":"https:\/\/www.portugalinternet.com\/fr\/wp-json\/wp\/v2\/media?parent=22159"}],"curies":[{"name":"wp","href":"https:\/\/api.w.org\/{rel}","templated":true}]}}