{"id":21736,"date":"2015-09-05T15:41:48","date_gmt":"2015-09-05T15:41:48","guid":{"rendered":"http:\/\/www.portugalinternet.com\/?page_id=21736"},"modified":"2025-10-31T09:55:08","modified_gmt":"2025-10-31T09:55:08","slug":"airport-pickup","status":"publish","type":"page","link":"https:\/\/www.portugalinternet.com\/fr\/pickup-return-wifi-rent-data-sim\/airport-pickup\/","title":{"rendered":"RAMASSAGE \u00c0 L&rsquo;A\u00c9ROPORT"},"content":{"rendered":"<p>[vc_row type=\u00a0\u00bbgrid\u00a0\u00bb background_color=\u00a0\u00bb#ffffff\u00a0\u00bb padding_top=\u00a0\u00bb160&Prime; padding_bottom=\u00a0\u00bb50&Prime;][vc_column][vc_column_text]<\/p>\n<h1>LIVRAISON \u00c0 l&rsquo;A\u00c9ROPORT<\/h1>\n<p>Nos items peuvent \u00eatre livr\u00e9s \u00e0 l&rsquo;endroit o\u00f9 vous allez s\u00e9journer, n&rsquo;importe o\u00f9 au Portugal (si c&rsquo;est un h\u00f4tel ou une r\u00e9sidence), ou vous pouvez le ramasser dans le bureau de poste de l&rsquo;a\u00e9roport quand vous arrivez.[\/vc_column_text][\/vc_column][\/vc_row][vc_row type=\u00a0\u00bbgrid\u00a0\u00bb background_color=\u00a0\u00bb#ffffff\u00a0\u00bb padding_top=\u00a0\u00bb20&Prime; padding_bottom=\u00a0\u00bb40&Prime;][vc_column][vc_column_text]<\/p>\n<h3>O\u00f9 et quand ramasser \u00e0 l&rsquo;a\u00e9roport<\/h3>\n<p style=\"text-align: left;\">Pour recevoir votre Hotspot ou votre carte SIM, mentionnez simplement que vous recevez un colis qui vous est adress\u00e9, montrer quelque identifiant et indiquez le code de suivi de votre commande. Assurez-vous d&rsquo;utiliser le m\u00eame nom lors de la commande. <span style=\"color: #ffffff;\">.<\/span><\/p>\n<p style=\"text-align: left;\"><span style=\"color: #ffffff;\">n<\/span><\/p>\n<p style=\"text-align: left;\">Vous recevrez votre colis aux points de ramassage suivants:<\/p>\n<p>[\/vc_column_text][\/vc_column][\/vc_row][vc_row type=\u00a0\u00bbgrid\u00a0\u00bb background_color=\u00a0\u00bb#ffffff\u00a0\u00bb padding_bottom=\u00a0\u00bb30&Prime;][vc_column][vc_separator border_style=\u00a0\u00bbsolid\u00a0\u00bb][vc_column_text]<\/p>\n<h5><span style=\"color: #ff9900;\">A\u00c9ROPORT DE FARO (\u00c0 L&rsquo;EXT\u00c9RIEUR DE L&rsquo;A\u00c9ROPORT)<\/span><\/h5>\n<p>[\/vc_column_text][vc_row_inner padding_top=\u00a0\u00bb25&Prime;][vc_column_inner width=\u00a0\u00bb1\/4&Prime;][vc_column_text]<\/p>\n<p><strong>Point de Ramassage:<\/strong><\/p>\n<p>[\/vc_column_text][vc_empty_space height=\u00a0\u00bb20px\u00a0\u00bb][vc_column_text]<\/p>\n<p style=\"text-align: center;\">Soci\u00e9t\u00e9 de Location de Voitures<\/p>\n<p>[\/vc_column_text][vc_single_image image=\u00a0\u00bb26175&Prime; img_size=\u00a0\u00bb80&#215;80&Prime; alignment=\u00a0\u00bbcenter\u00a0\u00bb][vc_empty_space height=\u00a0\u00bb20px\u00a0\u00bb][\/vc_column_inner][vc_column_inner width=\u00a0\u00bb3\/4&Prime;][vc_column_text]<strong>Heures d&rsquo;ouverture:<\/strong><br \/>\n9:00 &#8211; 13:00 , 14:30 &#8211; 19:00 Tous les Jours[\/vc_column_text][vc_empty_space height=\u00a0\u00bb16px\u00a0\u00bb][vc_column_text]<strong>Localisation \u00e0 l&rsquo;ext\u00e9rieur de l&rsquo;a\u00e9roport:<\/strong><br \/>\nAdresse: Rua Samuel Ga\u00e7on, Faro (distance de l&rsquo;a\u00e9roport : 5 minutes \u00e0 pied)[\/vc_column_text][vc_empty_space height=\u00a0\u00bb8px\u00a0\u00bb]<a href=\"https:\/\/www.portugalinternet.com\/app\/uploads\/Faro-airport-Visacar-route_fr.png\" target=\"_blank\"  class=\"qbutton \" style=\"border-radius: 20px;-moz-border-radius: 20px;-webkit-border-radius: 20px; \">PLAN<\/a>[\/vc_column_inner][\/vc_row_inner][\/vc_column][\/vc_row][vc_row type=\u00a0\u00bbgrid\u00a0\u00bb background_color=\u00a0\u00bb#ffffff\u00a0\u00bb padding_bottom=\u00a0\u00bb30&Prime;][vc_column][vc_separator border_style=\u00a0\u00bbsolid\u00a0\u00bb][vc_column_text]<\/p>\n<h5><span style=\"color: #ff9900;\">A\u00c9ROPORT DE LISBONNE (Humberto Delgado)<\/span><\/h5>\n<p>[\/vc_column_text][vc_row_inner padding_top=\u00a0\u00bb25&Prime;][vc_column_inner width=\u00a0\u00bb1\/4&Prime;][vc_column_text]<\/p>\n<p><strong>Point de Ramassage:<\/strong><\/p>\n<p>[\/vc_column_text][vc_empty_space height=\u00a0\u00bb20px\u00a0\u00bb][vc_column_text]<\/p>\n<p style=\"text-align: center;\">Pharmacie<\/p>\n<p>[\/vc_column_text][vc_single_image image=\u00a0\u00bb26820&Prime; img_size=\u00a0\u00bb100&#215;100&Prime; alignment=\u00a0\u00bbcenter\u00a0\u00bb][vc_empty_space height=\u00a0\u00bb20px\u00a0\u00bb][\/vc_column_inner][vc_column_inner width=\u00a0\u00bb3\/4&Prime;][vc_column_text]<strong>Heures d&rsquo;ouverture:<\/strong><br \/>\n06:00 &#8211; 22:00 Tous les Jours[\/vc_column_text][vc_empty_space height=\u00a0\u00bb16px\u00a0\u00bb][vc_column_text]<strong>Localisation \u00e0 l&rsquo;a\u00e9roport:<\/strong><br \/>\nTerminal 1 Lobby de D\u00e9part, Niveau 0 (magasins \u00e0 l\u2019entr\u00e9e du lobby de d\u00e9part)[\/vc_column_text][vc_empty_space height=\u00a0\u00bb8px\u00a0\u00bb]<a href=\"http:\/\/www.portugalinternet.com\/app\/uploads\/Pickup-Point-Lisbon-Airport-Farmacia-Aeroporto.jpg\" target=\"_blank\"  class=\"qbutton \" style=\"border-radius: 20px;-moz-border-radius: 20px;-webkit-border-radius: 20px; \">PLAN<\/a>[\/vc_column_inner][\/vc_row_inner][\/vc_column][\/vc_row][vc_row type=\u00a0\u00bbgrid\u00a0\u00bb background_color=\u00a0\u00bb#ffffff\u00a0\u00bb padding_bottom=\u00a0\u00bb30&Prime;][vc_column][vc_separator border_style=\u00a0\u00bbsolid\u00a0\u00bb][vc_column_text]<\/p>\n<h5><span style=\"color: #ff9900;\">A\u00c9ROPORT DE PORTO (Francisco S\u00e1 Carneiro)<\/span><\/h5>\n<p>[\/vc_column_text][vc_row_inner padding_top=\u00a0\u00bb25&Prime;][vc_column_inner width=\u00a0\u00bb1\/4&Prime;][vc_column_text]<\/p>\n<p><strong>Point de Ramassage:<\/strong><\/p>\n<p>[\/vc_column_text][vc_empty_space height=\u00a0\u00bb20px\u00a0\u00bb][vc_column_text]<\/p>\n<p style=\"text-align: center;\">Bureau de Poste<\/p>\n<p>[\/vc_column_text][vc_single_image image=\u00a0\u00bb21756&Prime; alignment=\u00a0\u00bbcenter\u00a0\u00bb][vc_empty_space height=\u00a0\u00bb20px\u00a0\u00bb][\/vc_column_inner][vc_column_inner width=\u00a0\u00bb3\/4&Prime;][vc_column_text]<strong>Heures d&rsquo;ouverture:<\/strong><br \/>\n09:00 &#8211; 21:00 Lundi \u00e0 Vendredi[\/vc_column_text][vc_empty_space height=\u00a0\u00bb16px\u00a0\u00bb][vc_column_text]<strong>Localisation \u00e0 l&rsquo;a\u00e9roport:<\/strong><br \/>\nLobby d&rsquo;Arriv\u00e9e, Niveau 0 (magasins \u00e0 gauche apr\u00e8s le contr\u00f4le douanier)[\/vc_column_text][vc_empty_space height=\u00a0\u00bb8px\u00a0\u00bb]<a href=\"https:\/\/www.portugalinternet.com\/app\/uploads\/2015\/09\/Porto_airport_map-e1475853926452.jpg\" target=\"_blank\"  class=\"qbutton \" style=\"border-radius: 20px;-moz-border-radius: 20px;-webkit-border-radius: 20px; \">PLAN<\/a>[\/vc_column_inner][\/vc_row_inner][\/vc_column][\/vc_row][vc_row type=\u00a0\u00bbgrid\u00a0\u00bb background_color=\u00a0\u00bb#ffffff\u00a0\u00bb padding_bottom=\u00a0\u00bb30&Prime;][vc_column][vc_separator border_style=\u00a0\u00bbsolid\u00a0\u00bb][vc_column_text]<\/p>\n<h5><span style=\"color: #ff9900;\">A\u00c9ROPORT DE PONTA DELGADA A\u00c7ORES (S\u00c3O MIGUEL)<\/span><\/h5>\n<p>[\/vc_column_text][vc_row_inner padding_top=\u00a0\u00bb25&Prime;][vc_column_inner width=\u00a0\u00bb1\/4&Prime;][vc_column_text]<\/p>\n<p><strong>Point de Ramassage:<\/strong><\/p>\n<p>[\/vc_column_text][vc_empty_space height=\u00a0\u00bb20px\u00a0\u00bb][vc_column_text]<\/p>\n<p style=\"text-align: center;\">Bureau de Poste<\/p>\n<p>[\/vc_column_text][vc_single_image image=\u00a0\u00bb21756&Prime; alignment=\u00a0\u00bbcenter\u00a0\u00bb][vc_empty_space height=\u00a0\u00bb20px\u00a0\u00bb][\/vc_column_inner][vc_column_inner width=\u00a0\u00bb3\/4&Prime;][vc_column_text]<strong>Heures d&rsquo;ouverture:<\/strong><br \/>\n09:00 \u2013 12:30 , 14:00 \u2013 17:30 Lundi \u00e0 Vendredi[\/vc_column_text][vc_empty_space height=\u00a0\u00bb16px\u00a0\u00bb][vc_column_text]<strong>Localisation \u00e0 l&rsquo;a\u00e9roport:<\/strong><br \/>\nLobby d&rsquo;Arriv\u00e9e, (magasins \u00e0 gauche apr\u00e8s le contr\u00f4le douanier)[\/vc_column_text][vc_empty_space height=\u00a0\u00bb8px\u00a0\u00bb]<a href=\"https:\/\/www.portugalinternet.com\/app\/uploads\/2015\/10\/Mapa_Ponta_delgada-e1475853952984.png\" target=\"_blank\"  class=\"qbutton \" style=\"border-radius: 20px;-moz-border-radius: 20px;-webkit-border-radius: 20px; \">PLAN<\/a>[\/vc_column_inner][\/vc_row_inner][\/vc_column][\/vc_row][vc_row type=\u00a0\u00bbgrid\u00a0\u00bb background_color=\u00a0\u00bb#ffffff\u00a0\u00bb padding_bottom=\u00a0\u00bb30&Prime;][vc_column][vc_separator border_style=\u00a0\u00bbsolid\u00a0\u00bb][vc_column_text]<\/p>\n<h5><span style=\"color: #ff9900;\">A\u00c9ROPORT DE LAJES A\u00c7ORES (TERCEIRA)<\/span><\/h5>\n<p>[\/vc_column_text][vc_row_inner padding_top=\u00a0\u00bb25&Prime;][vc_column_inner width=\u00a0\u00bb1\/4&Prime;][vc_column_text]<\/p>\n<p><strong>Point de Ramassage:<\/strong><\/p>\n<p>[\/vc_column_text][vc_empty_space height=\u00a0\u00bb20px\u00a0\u00bb][vc_column_text]<\/p>\n<p style=\"text-align: center;\">Bureau de Poste<\/p>\n<p>[\/vc_column_text][vc_single_image image=\u00a0\u00bb21756&Prime; alignment=\u00a0\u00bbcenter\u00a0\u00bb][vc_empty_space height=\u00a0\u00bb20px\u00a0\u00bb][\/vc_column_inner][vc_column_inner width=\u00a0\u00bb3\/4&Prime;][vc_column_text]<strong>Heures d&rsquo;ouverture:<\/strong><br \/>\n09:00 \u2013 12:30 , 14:00 \u2013 17:30 Lundi \u00e0 Vendredi[\/vc_column_text][vc_empty_space height=\u00a0\u00bb16px\u00a0\u00bb][vc_column_text]<strong>Localisation \u00e0 l&rsquo;a\u00e9roport:<\/strong><br \/>\nLobby d&rsquo;Arriv\u00e9e[\/vc_column_text][vc_empty_space height=\u00a0\u00bb8px\u00a0\u00bb]<a href=\"https:\/\/www.portugalinternet.com\/fr\/pickup-return-wifi-rent-data-sim\/airport-pickup\/\" target=\"_blank\"  class=\"qbutton \" style=\"border-radius: 20px;-moz-border-radius: 20px;-webkit-border-radius: 20px; \">PLAN<\/a>[\/vc_column_inner][\/vc_row_inner][\/vc_column][\/vc_row][vc_row type=\u00a0\u00bbgrid\u00a0\u00bb background_color=\u00a0\u00bb#ffffff\u00a0\u00bb padding_bottom=\u00a0\u00bb30&Prime;][vc_column][vc_separator border_style=\u00a0\u00bbsolid\u00a0\u00bb][vc_column_text]<\/p>\n<h5><span style=\"color: #ff9900;\">A\u00c9ROPORT DE MAD\u00c8RE (FUNCHAL)<\/span><\/h5>\n<p>[\/vc_column_text][vc_row_inner padding_top=\u00a0\u00bb25&Prime;][vc_column_inner width=\u00a0\u00bb1\/4&Prime;][vc_column_text]<\/p>\n<p><strong>Point de Ramassage:<\/strong><\/p>\n<p>[\/vc_column_text][vc_empty_space height=\u00a0\u00bb20px\u00a0\u00bb][vc_column_text]<\/p>\n<p style=\"text-align: center;\">Bureau de Poste<\/p>\n<p>[\/vc_column_text][vc_single_image image=\u00a0\u00bb21756&Prime; alignment=\u00a0\u00bbcenter\u00a0\u00bb][vc_empty_space height=\u00a0\u00bb20px\u00a0\u00bb][\/vc_column_inner][vc_column_inner width=\u00a0\u00bb3\/4&Prime;][vc_column_text]<\/p>\n<p>Ramassage temporairement indisponible. Le retour est possible avec les bo\u00eetes postales.<\/p>\n<p>[\/vc_column_text][vc_empty_space height=\u00a0\u00bb16px\u00a0\u00bb][vc_empty_space height=\u00a0\u00bb8px\u00a0\u00bb][\/vc_column_inner][\/vc_row_inner][\/vc_column][\/vc_row][vc_row type=\u00a0\u00bbgrid\u00a0\u00bb background_color=\u00a0\u00bb#ffffff\u00a0\u00bb padding_bottom=\u00a0\u00bb30&Prime;][vc_column][vc_separator border_style=\u00a0\u00bbsolid\u00a0\u00bb][\/vc_column][\/vc_row][vc_row type=\u00a0\u00bbgrid\u00a0\u00bb background_color=\u00a0\u00bb#ffffff\u00a0\u00bb padding_top=\u00a0\u00bb50&Prime; padding_bottom=\u00a0\u00bb100&Prime;][vc_column][vc_column_text]<\/p>\n<p style=\"text-align: left;\"><strong>IMPORTANT<\/strong><\/p>\n<p style=\"text-align: left;\">*Compte tenu de la possibilit\u00e9 de retards de vol et de files d&rsquo;attente \u00e0 l&rsquo;immigration, assurez-vous que vous aurez suffisamment de temps entre l&rsquo;arriv\u00e9e de votre vol et les heures de fermeture du bureau de poste.<\/p>\n<p style=\"text-align: left;\">*Si vous n&rsquo;\u00eates pas s\u00fbr que vous aurez assez de temps, nous vous recommandons de choisir la ramassage \u00e0 l&rsquo;H\u00f4tel ou \u00e0 la R\u00e9sidence.<\/p>\n<p style=\"text-align: left;\">*Vous devrez pr\u00e9senter un passeport ou une pi\u00e8ce d&rsquo;identit\u00e9 pour recueillir le colis. Assurez-vous d&rsquo;inscrire le nom figurant sur le passeport comme destinataire du colis.<\/p>\n<p>[\/vc_column_text][\/vc_column][\/vc_row][vc_row][vc_column][vc_column_text]<\/p>\n<p>[\/vc_column_text][\/vc_column][\/vc_row]<\/p>","protected":false},"excerpt":{"rendered":"<p>[vc_row type=\u00a0\u00bbgrid\u00a0\u00bb background_color=\u00a0\u00bb#ffffff\u00a0\u00bb padding_top=\u00a0\u00bb160&Prime; padding_bottom=\u00a0\u00bb50&Prime;][vc_column][vc_column_text] LIVRAISON \u00c0 l&rsquo;A\u00c9ROPORT Nos items peuvent \u00eatre livr\u00e9s \u00e0 l&rsquo;endroit o\u00f9 vous allez s\u00e9journer, n&rsquo;importe o\u00f9 au Portugal (si c&rsquo;est un h\u00f4tel ou une r\u00e9sidence), ou vous pouvez le ramasser dans le bureau de poste de l&rsquo;a\u00e9roport quand vous arrivez.[\/vc_column_text][\/vc_column][\/vc_row][vc_row&#8230;<\/p>\n","protected":false},"author":1,"featured_media":0,"parent":62,"menu_order":0,"comment_status":"closed","ping_status":"closed","template":"full_width.php","meta":{"_et_pb_use_builder":"","_et_pb_old_content":"","_et_gb_content_width":"","_monsterinsights_skip_tracking":false,"_monsterinsights_sitenote_active":false,"_monsterinsights_sitenote_note":"","_monsterinsights_sitenote_category":0},"yoast_head":"<!-- This site is optimized with the Yoast SEO plugin v19.13 - https:\/\/yoast.com\/wordpress\/plugins\/seo\/ -->\n<title>Portugal Internet - a\u00e9roport, retrait et retour faciles<\/title>\n<meta name=\"robots\" content=\"index, follow, max-snippet:-1, max-image-preview:large, max-video-preview:-1\" \/>\n<link rel=\"canonical\" href=\"https:\/\/www.portugalinternet.com\/fr\/pickup-return-wifi-rent-data-sim\/airport-pickup\/\" \/>\n<meta property=\"og:locale\" content=\"fr_FR\" \/>\n<meta property=\"og:type\" content=\"article\" \/>\n<meta property=\"og:title\" content=\"[:en]Portugal Internet - Airport pickup and return[:es]Portugal Internet - Aeropuerto alquiler, recogida y devoluci\u00f3n[:fr]Portugal Internet - a\u00e9roport, retrait et retour faciles[:pt]Portugal Internet - Aeroporto, recolha e devolu\u00e7\u00e3o[:br]Portugal Internet - Aeroporto retirada e devolu\u00e7\u00e3o[:]\" \/>\n<meta property=\"og:description\" content=\"[vc_row type=\u00a0\u00bbgrid\u00a0\u00bb background_color=\u00a0\u00bb#ffffff\u00a0\u00bb padding_top=\u00a0\u00bb160&Prime; padding_bottom=\u00a0\u00bb50&Prime;][vc_column][vc_column_text] LIVRAISON \u00c0 l&rsquo;A\u00c9ROPORT Nos items peuvent \u00eatre livr\u00e9s \u00e0 l&rsquo;endroit o\u00f9 vous allez s\u00e9journer, n&rsquo;importe o\u00f9 au Portugal (si c&rsquo;est un h\u00f4tel ou une r\u00e9sidence), ou vous pouvez le ramasser dans le bureau de poste de l&rsquo;a\u00e9roport quand vous arrivez.[\/vc_column_text][\/vc_column][\/vc_row][vc_row...\" \/>\n<meta property=\"og:url\" content=\"https:\/\/www.portugalinternet.com\/pickup-return-wifi-rent-data-sim\/airport-pickup\/\" \/>\n<meta property=\"og:site_name\" content=\"Get Internet in Portugal - Internet for your travel\" \/>\n<meta property=\"article:publisher\" content=\"https:\/\/www.facebook.com\/portugalinternet\" \/>\n<meta property=\"article:modified_time\" content=\"2025-10-31T09:55:08+00:00\" \/>\n<meta name=\"twitter:card\" content=\"summary_large_image\" \/>\n<meta name=\"twitter:label1\" content=\"Est. reading time\" \/>\n\t<meta name=\"twitter:data1\" content=\"3 minutes\" \/>\n<script type=\"application\/ld+json\" class=\"yoast-schema-graph\">{\"@context\":\"https:\/\/schema.org\",\"@graph\":[{\"@type\":\"WebPage\",\"@id\":\"https:\/\/www.portugalinternet.com\/pickup-return-wifi-rent-data-sim\/airport-pickup\/\",\"url\":\"https:\/\/www.portugalinternet.com\/pickup-return-wifi-rent-data-sim\/airport-pickup\/\",\"name\":\"[:en]Portugal Internet - Airport pickup and return[:es]Portugal Internet - Aeropuerto alquiler, recogida y devoluci\u00f3n[:fr]Portugal Internet - a\u00e9roport, retrait et retour faciles[:pt]Portugal Internet - Aeroporto, recolha e devolu\u00e7\u00e3o[:br]Portugal Internet - Aeroporto retirada e devolu\u00e7\u00e3o[:]\",\"isPartOf\":{\"@id\":\"https:\/\/www.portugalinternet.com\/br\/#website\"},\"datePublished\":\"2015-09-05T15:41:48+00:00\",\"dateModified\":\"2025-10-31T09:55:08+00:00\",\"breadcrumb\":{\"@id\":\"https:\/\/www.portugalinternet.com\/pickup-return-wifi-rent-data-sim\/airport-pickup\/#breadcrumb\"},\"inLanguage\":\"fr-FR\",\"potentialAction\":[{\"@type\":\"ReadAction\",\"target\":[\"https:\/\/www.portugalinternet.com\/pickup-return-wifi-rent-data-sim\/airport-pickup\/\"]}]},{\"@type\":\"BreadcrumbList\",\"@id\":\"https:\/\/www.portugalinternet.com\/pickup-return-wifi-rent-data-sim\/airport-pickup\/#breadcrumb\",\"itemListElement\":[{\"@type\":\"ListItem\",\"position\":1,\"name\":\"Home\",\"item\":\"https:\/\/www.portugalinternet.com\/\"},{\"@type\":\"ListItem\",\"position\":2,\"name\":\"Pickup and return\",\"item\":\"https:\/\/www.portugalinternet.com\/pickup-return-wifi-rent-data-sim\/\"},{\"@type\":\"ListItem\",\"position\":3,\"name\":\"Airport pickup\"}]},{\"@type\":\"WebSite\",\"@id\":\"https:\/\/www.portugalinternet.com\/br\/#website\",\"url\":\"https:\/\/www.portugalinternet.com\/br\/\",\"name\":\"Portugal Internet\",\"description\":\"If you want to access the Internet in Portugal during your trip, here&#039;s a low cost and convenient solution to get internet everywhere. Learn more.\",\"publisher\":{\"@id\":\"https:\/\/www.portugalinternet.com\/br\/#organization\"},\"potentialAction\":[{\"@type\":\"SearchAction\",\"target\":{\"@type\":\"EntryPoint\",\"urlTemplate\":\"https:\/\/www.portugalinternet.com\/br\/?s={search_term_string}\"},\"query-input\":\"required name=search_term_string\"}],\"inLanguage\":\"fr-FR\"},{\"@type\":\"Organization\",\"@id\":\"https:\/\/www.portugalinternet.com\/br\/#organization\",\"name\":\"Portugal Internet\",\"url\":\"https:\/\/www.portugalinternet.com\/br\/\",\"logo\":{\"@type\":\"ImageObject\",\"inLanguage\":\"fr-FR\",\"@id\":\"https:\/\/www.portugalinternet.com\/br\/#\/schema\/logo\/image\/\",\"url\":\"https:\/\/www.portugalinternet.com\/app\/uploads\/main_logo_100_final.png\",\"contentUrl\":\"https:\/\/www.portugalinternet.com\/app\/uploads\/main_logo_100_final.png\",\"width\":166,\"height\":58,\"caption\":\"Portugal Internet\"},\"image\":{\"@id\":\"https:\/\/www.portugalinternet.com\/br\/#\/schema\/logo\/image\/\"},\"sameAs\":[\"https:\/\/www.instagram.com\/portugalinternet\/\",\"https:\/\/www.facebook.com\/portugalinternet\"]}]}<\/script>\n<!-- \/ Yoast SEO plugin. -->","yoast_head_json":{"title":"[:en]Portugal Internet - Airport pickup and return[:es]Portugal Internet - Aeropuerto alquiler, recogida y devoluci\u00f3n[:fr]Portugal Internet - a\u00e9roport, retrait et retour faciles[:pt]Portugal Internet - Aeroporto, recolha e devolu\u00e7\u00e3o[:br]Portugal Internet - Aeroporto retirada e devolu\u00e7\u00e3o[:]","robots":{"index":"index","follow":"follow","max-snippet":"max-snippet:-1","max-image-preview":"max-image-preview:large","max-video-preview":"max-video-preview:-1"},"canonical":"https:\/\/www.portugalinternet.com\/fr\/pickup-return-wifi-rent-data-sim\/airport-pickup\/","og_locale":"fr_FR","og_type":"article","og_title":"[:en]Portugal Internet - Airport pickup and return[:es]Portugal Internet - Aeropuerto alquiler, recogida y devoluci\u00f3n[:fr]Portugal Internet - a\u00e9roport, retrait et retour faciles[:pt]Portugal Internet - Aeroporto, recolha e devolu\u00e7\u00e3o[:br]Portugal Internet - Aeroporto retirada e devolu\u00e7\u00e3o[:]","og_description":"[vc_row type=\u00a0\u00bbgrid\u00a0\u00bb background_color=\u00a0\u00bb#ffffff\u00a0\u00bb padding_top=\u00a0\u00bb160&Prime; padding_bottom=\u00a0\u00bb50&Prime;][vc_column][vc_column_text] LIVRAISON \u00c0 l&rsquo;A\u00c9ROPORT Nos items peuvent \u00eatre livr\u00e9s \u00e0 l&rsquo;endroit o\u00f9 vous allez s\u00e9journer, n&rsquo;importe o\u00f9 au Portugal (si c&rsquo;est un h\u00f4tel ou une r\u00e9sidence), ou vous pouvez le ramasser dans le bureau de poste de l&rsquo;a\u00e9roport quand vous arrivez.[\/vc_column_text][\/vc_column][\/vc_row][vc_row...","og_url":"https:\/\/www.portugalinternet.com\/pickup-return-wifi-rent-data-sim\/airport-pickup\/","og_site_name":"Get Internet in Portugal - Internet for your travel","article_publisher":"https:\/\/www.facebook.com\/portugalinternet","article_modified_time":"2025-10-31T09:55:08+00:00","twitter_card":"summary_large_image","twitter_misc":{"Est. reading time":"3 minutes"},"schema":{"@context":"https:\/\/schema.org","@graph":[{"@type":"WebPage","@id":"https:\/\/www.portugalinternet.com\/pickup-return-wifi-rent-data-sim\/airport-pickup\/","url":"https:\/\/www.portugalinternet.com\/pickup-return-wifi-rent-data-sim\/airport-pickup\/","name":"[:en]Portugal Internet - Airport pickup and return[:es]Portugal Internet - Aeropuerto alquiler, recogida y devoluci\u00f3n[:fr]Portugal Internet - a\u00e9roport, retrait et retour faciles[:pt]Portugal Internet - Aeroporto, recolha e devolu\u00e7\u00e3o[:br]Portugal Internet - Aeroporto retirada e devolu\u00e7\u00e3o[:]","isPartOf":{"@id":"https:\/\/www.portugalinternet.com\/br\/#website"},"datePublished":"2015-09-05T15:41:48+00:00","dateModified":"2025-10-31T09:55:08+00:00","breadcrumb":{"@id":"https:\/\/www.portugalinternet.com\/pickup-return-wifi-rent-data-sim\/airport-pickup\/#breadcrumb"},"inLanguage":"fr-FR","potentialAction":[{"@type":"ReadAction","target":["https:\/\/www.portugalinternet.com\/pickup-return-wifi-rent-data-sim\/airport-pickup\/"]}]},{"@type":"BreadcrumbList","@id":"https:\/\/www.portugalinternet.com\/pickup-return-wifi-rent-data-sim\/airport-pickup\/#breadcrumb","itemListElement":[{"@type":"ListItem","position":1,"name":"Home","item":"https:\/\/www.portugalinternet.com\/"},{"@type":"ListItem","position":2,"name":"Pickup and return","item":"https:\/\/www.portugalinternet.com\/pickup-return-wifi-rent-data-sim\/"},{"@type":"ListItem","position":3,"name":"Airport pickup"}]},{"@type":"WebSite","@id":"https:\/\/www.portugalinternet.com\/br\/#website","url":"https:\/\/www.portugalinternet.com\/br\/","name":"Portugal Internet","description":"If you want to access the Internet in Portugal during your trip, here&#039;s a low cost and convenient solution to get internet everywhere. Learn more.","publisher":{"@id":"https:\/\/www.portugalinternet.com\/br\/#organization"},"potentialAction":[{"@type":"SearchAction","target":{"@type":"EntryPoint","urlTemplate":"https:\/\/www.portugalinternet.com\/br\/?s={search_term_string}"},"query-input":"required name=search_term_string"}],"inLanguage":"fr-FR"},{"@type":"Organization","@id":"https:\/\/www.portugalinternet.com\/br\/#organization","name":"Portugal Internet","url":"https:\/\/www.portugalinternet.com\/br\/","logo":{"@type":"ImageObject","inLanguage":"fr-FR","@id":"https:\/\/www.portugalinternet.com\/br\/#\/schema\/logo\/image\/","url":"https:\/\/www.portugalinternet.com\/app\/uploads\/main_logo_100_final.png","contentUrl":"https:\/\/www.portugalinternet.com\/app\/uploads\/main_logo_100_final.png","width":166,"height":58,"caption":"Portugal Internet"},"image":{"@id":"https:\/\/www.portugalinternet.com\/br\/#\/schema\/logo\/image\/"},"sameAs":["https:\/\/www.instagram.com\/portugalinternet\/","https:\/\/www.facebook.com\/portugalinternet"]}]}},"_links":{"self":[{"href":"https:\/\/www.portugalinternet.com\/fr\/wp-json\/wp\/v2\/pages\/21736"}],"collection":[{"href":"https:\/\/www.portugalinternet.com\/fr\/wp-json\/wp\/v2\/pages"}],"about":[{"href":"https:\/\/www.portugalinternet.com\/fr\/wp-json\/wp\/v2\/types\/page"}],"author":[{"embeddable":true,"href":"https:\/\/www.portugalinternet.com\/fr\/wp-json\/wp\/v2\/users\/1"}],"replies":[{"embeddable":true,"href":"https:\/\/www.portugalinternet.com\/fr\/wp-json\/wp\/v2\/comments?post=21736"}],"version-history":[{"count":213,"href":"https:\/\/www.portugalinternet.com\/fr\/wp-json\/wp\/v2\/pages\/21736\/revisions"}],"predecessor-version":[{"id":27019,"href":"https:\/\/www.portugalinternet.com\/fr\/wp-json\/wp\/v2\/pages\/21736\/revisions\/27019"}],"up":[{"embeddable":true,"href":"https:\/\/www.portugalinternet.com\/fr\/wp-json\/wp\/v2\/pages\/62"}],"wp:attachment":[{"href":"https:\/\/www.portugalinternet.com\/fr\/wp-json\/wp\/v2\/media?parent=21736"}],"curies":[{"name":"wp","href":"https:\/\/api.w.org\/{rel}","templated":true}]}}