{"id":62,"date":"2015-07-05T22:27:08","date_gmt":"2015-07-05T22:27:08","guid":{"rendered":"http:\/\/www.portugalinternet.com\/?page_id=62"},"modified":"2024-11-01T12:26:50","modified_gmt":"2024-11-01T12:26:50","slug":"pickup-return-wifi-rent-data-sim","status":"publish","type":"page","link":"https:\/\/www.portugalinternet.com\/es\/pickup-return-wifi-rent-data-sim\/","title":{"rendered":"Recogida y Devoluci\u00f3n"},"content":{"rendered":"<p><\/p>\n<p>[vc_row type=\u00bbgrid\u00bb background_color=\u00bb#ffffff\u00bb padding_bottom=\u00bb10&#8243;][vc_column][vc_row_inner type=\u00bbgrid\u00bb padding_bottom=\u00bb60&#8243;][vc_column_inner][vc_column_text]<\/p>\n<h1>RESERVA Y RECOGIDA<\/h1>\n<p>Puede alquilar wifi, reservar y recoger en 3 pasos muy sencillos:[\/vc_column_text][\/vc_column_inner][\/vc_row_inner][vc_row_inner type=\u00bbgrid\u00bb css=\u00bb.vc_custom_1441481006709{margin: 0px !important;border-width: 0px !important;padding: 0px !important;}\u00bb][vc_column_inner width=\u00bb1\/3&#8243;][vc_single_image image=\u00bb22636&#8243; img_size=\u00bb120&#215;120&#8243; alignment=\u00bbcenter\u00bb][vc_separator type=\u00bbtransparent\u00bb up=\u00bb35&#8243; down=\u00bb0&#8243;][vc_column_text]<\/p>\n<h5 style=\"text-align: center;\"><span style=\"font-size: 12pt;\">RESERVE ON-LINE<\/span><\/h5>\n<p>[\/vc_column_text][vc_separator type=\u00bbtransparent\u00bb up=\u00bb20&#8243; down=\u00bb0&#8243;][vc_column_text]<\/p>\n<p style=\"text-align: center;\"><a href=\"https:\/\/www.portugalinternet.com\/es\/#choose\">Reserve aqu\u00ed<\/a><\/p>\n<p style=\"text-align: center;\">antes de viajar<\/p>\n<p>[\/vc_column_text][vc_separator type=\u00bbtransparent\u00bb up=\u00bb40&#8243; down=\u00bb0&#8243;][\/vc_column_inner][vc_column_inner width=\u00bb1\/3&#8243;][vc_single_image image=\u00bb22627&#8243; img_size=\u00bb120&#215;120&#8243; alignment=\u00bbcenter\u00bb][vc_separator type=\u00bbtransparent\u00bb up=\u00bb20&#8243; down=\u00bb0&#8243;][vc_column_text]<\/p>\n<h5 style=\"text-align: center;\"><span style=\"font-size: 12pt;\">VIAJE A PORTUGAL<\/span><\/h5>\n<p>[\/vc_column_text][vc_separator type=\u00bbtransparent\u00bb up=\u00bb20&#8243; down=\u00bb0&#8243;][vc_column_text]<\/p>\n<p style=\"text-align: center;\">\u00a1Buen viaje!<\/p>\n<p>[\/vc_column_text][vc_separator type=\u00bbtransparent\u00bb up=\u00bb40&#8243; down=\u00bb0&#8243;][\/vc_column_inner][vc_column_inner width=\u00bb1\/3&#8243;][vc_single_image image=\u00bb22638&#8243; img_size=\u00bb120&#215;120&#8243; alignment=\u00bbcenter\u00bb][vc_separator type=\u00bbtransparent\u00bb up=\u00bb20&#8243; down=\u00bb0&#8243;][vc_column_text]<\/p>\n<h5 style=\"text-align: center;\"><span style=\"font-size: 12pt;\">RECOJA EN UN LUGAR CONVENIENTE<\/span><\/h5>\n<p>[\/vc_column_text][vc_separator type=\u00bbtransparent\u00bb up=\u00bb20&#8243; down=\u00bb0&#8243;][vc_column_text]<\/p>\n<p style=\"text-align: center;\">Recoja en el aeropuerto, en su hotel o su residencia. Entregamos <strong>gratis<\/strong> en cualquier lugar en Portugal.<\/p>\n<p>[\/vc_column_text][vc_separator type=\u00bbtransparent\u00bb up=\u00bb40&#8243; down=\u00bb0&#8243;][\/vc_column_inner][\/vc_row_inner][\/vc_column][\/vc_row][vc_row type=\u00bbgrid\u00bb background_color=\u00bb#f5f5f5&#8243;][vc_column][vc_row_inner type=\u00bbgrid\u00bb padding_top=\u00bb80&#8243; padding_bottom=\u00bb60&#8243;][vc_column_inner css=\u00bb.vc_custom_1565701503760{padding-top: 80px !important;padding-bottom: 60px !important;}\u00bb][vc_column_text]<\/p>\n<h2>UBICACIONES DE RECOGIDA<\/h2>\n<p>Recoger es s\u00faper f\u00e1cil. Entregamos el producto a su hotel, casa de hu\u00e9spedes, residencia, apartamento, etc. La recogida en el aeropuerto tambi\u00e9n est\u00e1 disponible en todos los aeropuertos internacionales portugueses. [\/vc_column_text][\/vc_column_inner][\/vc_row_inner][vc_row_inner type=\u00bbgrid\u00bb][vc_column_inner width=\u00bb1\/5&#8243;][vc_column_text]<\/p>\n<h5 style=\"text-align: center;\"><a title=\"PICKUP AT AIRPORT\" href=\"https:\/\/www.portugalinternet.com\/es\/pickup-return-wifi-rent-data-sim\/airport-pickup\/\">RECOGIDA EN<br \/>\nEL AEROPUERTO<\/a><\/h5>\n<p>[\/vc_column_text][vc_separator type=\u00bbtransparent\u00bb up=\u00bb5&#8243; down=\u00bb0&#8243;][vc_single_image image=\u00bb271&#8243; img_size=\u00bb300X200&#8243; alignment=\u00bbcenter\u00bb onclick=\u00bbcustom_link\u00bb link=\u00bbhttps:\/\/www.portugalinternet.com\/es\/pickup-return-wifi-rent-data-sim\/airport-pickup\/\u00bb][vc_separator type=\u00bbtransparent\u00bb up=\u00bb10&#8243; down=\u00bb0&#8243;][vc_column_text]<\/p>\n<div>\n<div>\n<p style=\"text-align: center;\">La recogida se puede hacer en cualquier aeropuerto internacional: Lisboa, Oporto, Azores.<\/p>\n<\/div>\n<\/div>\n<p style=\"text-align: center;\"><a href=\"https:\/\/www.portugalinternet.com\/es\/pickup-return-wifi-rent-data-sim\/airport-pickup\/\">+ Detalles<\/a><\/p>\n<p>[\/vc_column_text][vc_separator type=\u00bbtransparent\u00bb up=\u00bb50&#8243; down=\u00bb0&#8243;][\/vc_column_inner][vc_column_inner width=\u00bb1\/5&#8243;][vc_column_text]<\/p>\n<h5 style=\"text-align: center;\">ENTREGA<br \/>\nEN EL HOTEL<\/h5>\n<p>[\/vc_column_text][vc_separator type=\u00bbtransparent\u00bb up=\u00bb5&#8243; down=\u00bb0&#8243;][vc_single_image image=\u00bb64&#8243; img_size=\u00bb300X200&#8243; alignment=\u00bbcenter\u00bb][vc_separator type=\u00bbtransparent\u00bb up=\u00bb10&#8243; down=\u00bb0&#8243;][vc_column_text]<\/p>\n<p style=\"text-align: center;\">Lo entregamos en el momento de su llegada. Puede recogerlo en el check-in en la recepci\u00f3n.<\/p>\n<p>[\/vc_column_text][vc_separator type=\u00bbtransparent\u00bb up=\u00bb50&#8243; down=\u00bb0&#8243;][\/vc_column_inner][vc_column_inner width=\u00bb1\/5&#8243;][vc_column_text]<\/p>\n<h5 style=\"text-align: center;\"><\/h5>\n<h5 style=\"text-align: center;\">PUNTOS<br \/>\nDE RECOGIDA<\/h5>\n<p>[\/vc_column_text][vc_separator type=\u00bbtransparent\u00bb up=\u00bb5&#8243; down=\u00bb0&#8243;][vc_single_image image=\u00bb22917&#8243; img_size=\u00bb300X200&#8243; alignment=\u00bbcenter\u00bb onclick=\u00bbcustom_link\u00bb link=\u00bbhttps:\/\/www.portugalinternet.com\/es\/shop\/googlemaps\u00bb][vc_separator type=\u00bbtransparent\u00bb up=\u00bb10&#8243; down=\u00bb0&#8243;][vc_column_text]<\/p>\n<p style=\"text-align: center;\">Puede usar cualquiera de los 2.000 puntos de recogida disponibles en Portugal.<\/p>\n<p style=\"text-align: center;\"><a href=\"https:\/\/www.portugalinternet.com\/es\/shop\/googlemaps\" target=\"_blank\" rel=\"noopener noreferrer\">Encuentrar el Punto de Recogida m\u00e1s cercano<\/a><\/p>\n<p>[\/vc_column_text][vc_separator type=\u00bbtransparent\u00bb up=\u00bb50&#8243; down=\u00bb0&#8243;][\/vc_column_inner][vc_column_inner width=\u00bb1\/5&#8243;][vc_column_text]<\/p>\n<h5 style=\"text-align: center;\">ENTREGA EN<br \/>\nCASA PARTICULAR<\/h5>\n<p>[\/vc_column_text][vc_separator type=\u00bbtransparent\u00bb up=\u00bb5&#8243; down=\u00bb0&#8243;][vc_single_image image=\u00bb66&#8243; img_size=\u00bb300X200&#8243; alignment=\u00bbcenter\u00bb][vc_separator type=\u00bbtransparent\u00bb up=\u00bb10&#8243; down=\u00bb0&#8243;][vc_column_text]<\/p>\n<p style=\"text-align: center;\">El paquete ser\u00e1 entregado en mano a cualquier direcci\u00f3n Portugu\u00e9sa.<\/p>\n<p>[\/vc_column_text][vc_separator type=\u00bbtransparent\u00bb up=\u00bb50&#8243; down=\u00bb0&#8243;][\/vc_column_inner][vc_column_inner width=\u00bb1\/5&#8243;][vc_column_text]<\/p>\n<h5 style=\"text-align: center;\">RECOGIDA DE<br \/>\n\u00daLTIMO MINUTO<\/h5>\n<p>[\/vc_column_text][vc_separator type=\u00bbtransparent\u00bb up=\u00bb5&#8243; down=\u00bb0&#8243;][vc_single_image image=\u00bb24080&#8243; img_size=\u00bb300X200&#8243; alignment=\u00bbcenter\u00bb][vc_separator type=\u00bbtransparent\u00bb up=\u00bb10&#8243; down=\u00bb0&#8243;][vc_column_text]<\/p>\n<div class=\"wpb_text_column wpb_content_element \">\n<div class=\"wpb_wrapper\">\n<p style=\"text-align: center;\">Recoja en uno de nuestros puntos de recogida de \u00faltimo minuto el mismo d\u00eda.<\/p>\n<p style=\"text-align: center;\"><a href=\"https:\/\/www.portugalinternet.com\/es\/last-minute\/\" target=\"_blank\" rel=\"noopener noreferrer\">Ver los puntos de recogida de \u00daltimo Minuto disponibles <\/a><\/p>\n<\/div>\n<\/div>\n<p>[\/vc_column_text][\/vc_column_inner][\/vc_row_inner][\/vc_column][\/vc_row][vc_row type=\u00bbgrid\u00bb background_color=\u00bb#ffffff\u00bb padding_bottom=\u00bb30&#8243; css=\u00bb.vc_custom_1575145052953{padding-top: 60px !important;}\u00bb][vc_column][vc_row_inner type=\u00bbgrid\u00bb padding_top=\u00bb60&#8243;][vc_column_inner][vc_column_text]<\/p>\n<h2>LO QU\u00c9 USTED RECIBIR\u00c1<\/h2>\n<p>[\/vc_column_text][\/vc_column_inner][\/vc_row_inner][vc_row_inner type=\u00bbgrid\u00bb padding_top=\u00bb60&#8243; padding_bottom=\u00bb60&#8243; css=\u00bb.vc_custom_1565702364319{padding-top: 60px !important;padding-bottom: 60px !important;}\u00bb][vc_column_inner width=\u00bb1\/2&#8243;][vc_column_text]<\/p>\n<p>Si usted elegir el alquiler de hotspot Wifi, recibir\u00e1 el siguiente paquete.<br \/>\nIncluye:<br \/>\n&#8211; El aparato listo para usar;<br \/>\n&#8211; Un cargador de bater\u00edas con enchufes portugueses;<br \/>\n&#8211; La contrase\u00f1a del hotspot Wifi;<br \/>\n&#8211; Un sobre prefranqueado para depositar nuestro hotspot Wifi en qualquier buz\u00f3n de Correos, en el f\u00edn de su viaje.<\/p>\n<p>[\/vc_column_text][\/vc_column_inner][vc_column_inner width=\u00bb1\/2&#8243;][vc_single_image image=\u00bb22045&#8243; img_size=\u00bb240X180&#8243;][\/vc_column_inner][\/vc_row_inner][\/vc_column][\/vc_row][vc_row type=\u00bbgrid\u00bb background_color=\u00bb#f5f5f5&#8243; padding_top=\u00bb50&#8243; padding_bottom=\u00bb30&#8243;][vc_column][vc_row_inner type=\u00bbgrid\u00bb padding_top=\u00bb20&#8243; padding_bottom=\u00bb20&#8243;][vc_column_inner][vc_column_text]<\/p>\n<h2>C\u00d3MO HACER LA DEVOLUCI\u00d3N<\/h2>\n<p>[\/vc_column_text][vc_separator type=\u00bbtransparent\u00bb down=\u00bb25&#8243;][\/vc_column_inner][\/vc_row_inner][vc_row_inner type=\u00bbgrid\u00bb padding_bottom=\u00bb42&#8243; css=\u00bb.vc_custom_1565702209330{padding-bottom: 42px !important;}\u00bb][vc_column_inner width=\u00bb1\/4&#8243;][vc_single_image image=\u00bb73&#8243; img_size=\u00bb50X50&#8243; alignment=\u00bbright\u00bb][\/vc_column_inner][vc_column_inner width=\u00bb3\/4&#8243;][vc_column_text]<\/p>\n<h5>PONGA TODO EN EL SOBRE PREFRANQUEADO QUE LE ENVIAMOS<\/h5>\n<p>Por favor, compruebe que todos los art\u00edculos est\u00e1n en el sobre. [\/vc_column_text][\/vc_column_inner][\/vc_row_inner][vc_row_inner type=\u00bbgrid\u00bb padding_bottom=\u00bb42&#8243; css=\u00bb.vc_custom_1565702212430{padding-bottom: 42px !important;}\u00bb][vc_column_inner width=\u00bb1\/4&#8243;][vc_single_image image=\u00bb74&#8243; img_size=\u00bb50X50&#8243; alignment=\u00bbright\u00bb][\/vc_column_inner][vc_column_inner width=\u00bb3\/4&#8243;][vc_column_text]<\/p>\n<h5>DEPOSITE EN UN BUZ\u00d3N DE CORREOS<\/h5>\n<p>Hay oficinas de Correos en todos los aeropuertos. Si usted se hospeda en un hotel, puede pedir en la recepci\u00f3n para devolverlo. [\/vc_column_text][\/vc_column_inner][\/vc_row_inner][vc_row_inner type=\u00bbgrid\u00bb padding_bottom=\u00bb35&#8243; css=\u00bb.vc_custom_1565702215742{padding-bottom: 42px !important;}\u00bb][vc_column_inner width=\u00bb1\/4&#8243;][vc_single_image image=\u00bb72&#8243; img_size=\u00bb50X50&#8243; alignment=\u00bbright\u00bb][\/vc_column_inner][vc_column_inner width=\u00bb3\/4&#8243;][vc_column_text]<\/p>\n<h5>\u00a1ESO ES TODO!<\/h5>\n<p>S\u00faper sencillo. Usted no tiene que pagar tarifas, comprar sellos o sobres. [\/vc_column_text][\/vc_column_inner][\/vc_row_inner][\/vc_column][\/vc_row][vc_row type=\u00bbgrid\u00bb background_color=\u00bb#ffffff\u00bb padding_bottom=\u00bb80&#8243;][vc_column][vc_row_inner type=\u00bbgrid\u00bb padding_top=\u00bb60&#8243; padding_bottom=\u00bb40&#8243;][vc_column_inner css=\u00bb.vc_custom_1565702205118{padding-top: 60px !important;padding-bottom: 40px !important;}\u00bb][vc_column_text]<\/p>\n<h2>BUZ\u00d3N DE CORREO PORTUGU\u00c9S T\u00cdPICO<\/h2>\n<p>[\/vc_column_text][vc_column_text]<\/p>\n<p>El Buz\u00f3n de Correos Portugu\u00e9s T\u00edpico es normalmente de color rojo, con la inscripci\u00f3n \u00abCorreios\u00bb o \u00abCTT\u00bb. Lo puedes encontrar en todos los aeropuertos internacionales y alrededor de las ciudades.<\/p>\n<p>[\/vc_column_text][\/vc_column_inner][\/vc_row_inner][vc_row_inner type=\u00bbgrid\u00bb padding_top=\u00bb30&#8243; padding_bottom=\u00bb60&#8243;][vc_column_inner width=\u00bb1\/4&#8243;][vc_single_image image=\u00bb78&#8243; img_size=\u00bb300X225&#8243; alignment=\u00bbcenter\u00bb][\/vc_column_inner][vc_column_inner width=\u00bb1\/4&#8243;][vc_single_image image=\u00bb81&#8243; img_size=\u00bb300X225&#8243; alignment=\u00bbcenter\u00bb][\/vc_column_inner][vc_column_inner width=\u00bb1\/4&#8243;][vc_single_image image=\u00bb21715&#8243; img_size=\u00bb300X225&#8243; alignment=\u00bbcenter\u00bb][\/vc_column_inner][vc_column_inner width=\u00bb1\/4&#8243;][vc_single_image image=\u00bb21716&#8243; img_size=\u00bb300X225&#8243; alignment=\u00bbcenter\u00bb][\/vc_column_inner][\/vc_row_inner][\/vc_column][\/vc_row]<\/p>\n<p><\/p>","protected":false},"excerpt":{"rendered":"<p>[vc_row type=\u00bbgrid\u00bb background_color=\u00bb#ffffff\u00bb padding_bottom=\u00bb10&#8243;][vc_column][vc_row_inner type=\u00bbgrid\u00bb padding_bottom=\u00bb60&#8243;][vc_column_inner][vc_column_text] RESERVA Y RECOGIDA Puede alquilar wifi, reservar y recoger en 3 pasos muy sencillos:[\/vc_column_text][\/vc_column_inner][\/vc_row_inner][vc_row_inner type=\u00bbgrid\u00bb css=\u00bb.vc_custom_1441481006709{margin: 0px !important;border-width: 0px !important;padding: 0px !important;}\u00bb][vc_column_inner width=\u00bb1\/3&#8243;][vc_single_image image=\u00bb22636&#8243; img_size=\u00bb120&#215;120&#8243; alignment=\u00bbcenter\u00bb][vc_separator type=\u00bbtransparent\u00bb up=\u00bb35&#8243; down=\u00bb0&#8243;][vc_column_text] RESERVE ON-LINE [\/vc_column_text][vc_separator type=\u00bbtransparent\u00bb up=\u00bb20&#8243; down=\u00bb0&#8243;][vc_column_text] Reserve aqu\u00ed antes de&#8230;<\/p>\n","protected":false},"author":1,"featured_media":0,"parent":0,"menu_order":3,"comment_status":"closed","ping_status":"closed","template":"full_width.php","meta":{"_et_pb_use_builder":"","_et_pb_old_content":"","_et_gb_content_width":"","_monsterinsights_skip_tracking":false,"_monsterinsights_sitenote_active":false,"_monsterinsights_sitenote_note":"","_monsterinsights_sitenote_category":0},"yoast_head":"<!-- This site is optimized with the Yoast SEO plugin v19.13 - https:\/\/yoast.com\/wordpress\/plugins\/seo\/ -->\n<title>Portugal Internet - F\u00e1cil alquiler, recogida y devoluci\u00f3n<\/title>\n<meta name=\"robots\" content=\"index, follow, max-snippet:-1, max-image-preview:large, max-video-preview:-1\" \/>\n<link rel=\"canonical\" href=\"https:\/\/www.portugalinternet.com\/es\/pickup-return-wifi-rent-data-sim\/\" \/>\n<meta property=\"og:locale\" content=\"es_ES\" \/>\n<meta property=\"og:type\" content=\"article\" \/>\n<meta property=\"og:title\" content=\"[:en]Portugal Internet - Easy rent, pickup and return[:es]Portugal Internet - F\u00e1cil alquiler, recogida y devoluci\u00f3n[:fr]Portugal Internet - Location, retrait et retour faciles[:pt]Portugal Internet - F\u00e1cil aluguer, recolha e devolu\u00e7\u00e3o[:br]Portugal Internet - F\u00e1cil aluguel, retirada e devolu\u00e7\u00e3o[:]\" \/>\n<meta property=\"og:description\" content=\"[vc_row type=\u00bbgrid\u00bb background_color=\u00bb#ffffff\u00bb padding_bottom=\u00bb10&#8243;][vc_column][vc_row_inner type=\u00bbgrid\u00bb padding_bottom=\u00bb60&#8243;][vc_column_inner][vc_column_text] RESERVA Y RECOGIDA Puede alquilar wifi, reservar y recoger en 3 pasos muy sencillos:[\/vc_column_text][\/vc_column_inner][\/vc_row_inner][vc_row_inner type=\u00bbgrid\u00bb css=\u00bb.vc_custom_1441481006709{margin: 0px !important;border-width: 0px !important;padding: 0px !important;}\u00bb][vc_column_inner width=\u00bb1\/3&#8243;][vc_single_image image=\u00bb22636&#8243; img_size=\u00bb120&#215;120&#8243; alignment=\u00bbcenter\u00bb][vc_separator type=\u00bbtransparent\u00bb up=\u00bb35&#8243; down=\u00bb0&#8243;][vc_column_text] RESERVE ON-LINE [\/vc_column_text][vc_separator type=\u00bbtransparent\u00bb up=\u00bb20&#8243; down=\u00bb0&#8243;][vc_column_text] Reserve aqu\u00ed antes de...\" \/>\n<meta property=\"og:url\" content=\"https:\/\/www.portugalinternet.com\/pickup-return-wifi-rent-data-sim\/\" \/>\n<meta property=\"og:site_name\" content=\"Get Internet in Portugal - Internet for your travel\" \/>\n<meta property=\"article:publisher\" content=\"https:\/\/www.facebook.com\/portugalinternet\" \/>\n<meta property=\"article:modified_time\" content=\"2024-11-01T12:26:50+00:00\" \/>\n<meta name=\"twitter:card\" content=\"summary_large_image\" \/>\n<meta name=\"twitter:label1\" content=\"Est. reading time\" \/>\n\t<meta name=\"twitter:data1\" content=\"13 minutos\" \/>\n<script type=\"application\/ld+json\" class=\"yoast-schema-graph\">{\"@context\":\"https:\/\/schema.org\",\"@graph\":[{\"@type\":\"WebPage\",\"@id\":\"https:\/\/www.portugalinternet.com\/pickup-return-wifi-rent-data-sim\/\",\"url\":\"https:\/\/www.portugalinternet.com\/pickup-return-wifi-rent-data-sim\/\",\"name\":\"[:en]Portugal Internet - Easy rent, pickup and return[:es]Portugal Internet - F\u00e1cil alquiler, recogida y devoluci\u00f3n[:fr]Portugal Internet - Location, retrait et retour faciles[:pt]Portugal Internet - F\u00e1cil aluguer, recolha e devolu\u00e7\u00e3o[:br]Portugal Internet - F\u00e1cil aluguel, retirada e devolu\u00e7\u00e3o[:]\",\"isPartOf\":{\"@id\":\"https:\/\/www.portugalinternet.com\/br\/#website\"},\"datePublished\":\"2015-07-05T22:27:08+00:00\",\"dateModified\":\"2024-11-01T12:26:50+00:00\",\"breadcrumb\":{\"@id\":\"https:\/\/www.portugalinternet.com\/pickup-return-wifi-rent-data-sim\/#breadcrumb\"},\"inLanguage\":\"es\",\"potentialAction\":[{\"@type\":\"ReadAction\",\"target\":[\"https:\/\/www.portugalinternet.com\/pickup-return-wifi-rent-data-sim\/\"]}]},{\"@type\":\"BreadcrumbList\",\"@id\":\"https:\/\/www.portugalinternet.com\/pickup-return-wifi-rent-data-sim\/#breadcrumb\",\"itemListElement\":[{\"@type\":\"ListItem\",\"position\":1,\"name\":\"Home\",\"item\":\"https:\/\/www.portugalinternet.com\/\"},{\"@type\":\"ListItem\",\"position\":2,\"name\":\"Pickup and return\"}]},{\"@type\":\"WebSite\",\"@id\":\"https:\/\/www.portugalinternet.com\/br\/#website\",\"url\":\"https:\/\/www.portugalinternet.com\/br\/\",\"name\":\"Portugal Internet\",\"description\":\"If you want to access the Internet in Portugal during your trip, here&#039;s a low cost and convenient solution to get internet everywhere. Learn more.\",\"publisher\":{\"@id\":\"https:\/\/www.portugalinternet.com\/br\/#organization\"},\"potentialAction\":[{\"@type\":\"SearchAction\",\"target\":{\"@type\":\"EntryPoint\",\"urlTemplate\":\"https:\/\/www.portugalinternet.com\/br\/?s={search_term_string}\"},\"query-input\":\"required name=search_term_string\"}],\"inLanguage\":\"es\"},{\"@type\":\"Organization\",\"@id\":\"https:\/\/www.portugalinternet.com\/br\/#organization\",\"name\":\"Portugal Internet\",\"url\":\"https:\/\/www.portugalinternet.com\/br\/\",\"logo\":{\"@type\":\"ImageObject\",\"inLanguage\":\"es\",\"@id\":\"https:\/\/www.portugalinternet.com\/br\/#\/schema\/logo\/image\/\",\"url\":\"https:\/\/www.portugalinternet.com\/app\/uploads\/main_logo_100_final.png\",\"contentUrl\":\"https:\/\/www.portugalinternet.com\/app\/uploads\/main_logo_100_final.png\",\"width\":166,\"height\":58,\"caption\":\"Portugal Internet\"},\"image\":{\"@id\":\"https:\/\/www.portugalinternet.com\/br\/#\/schema\/logo\/image\/\"},\"sameAs\":[\"https:\/\/www.instagram.com\/portugalinternet\/\",\"https:\/\/www.facebook.com\/portugalinternet\"]}]}<\/script>\n<!-- \/ Yoast SEO plugin. -->","yoast_head_json":{"title":"[:en]Portugal Internet - Easy rent, pickup and return[:es]Portugal Internet - F\u00e1cil alquiler, recogida y devoluci\u00f3n[:fr]Portugal Internet - Location, retrait et retour faciles[:pt]Portugal Internet - F\u00e1cil aluguer, recolha e devolu\u00e7\u00e3o[:br]Portugal Internet - F\u00e1cil aluguel, retirada e devolu\u00e7\u00e3o[:]","robots":{"index":"index","follow":"follow","max-snippet":"max-snippet:-1","max-image-preview":"max-image-preview:large","max-video-preview":"max-video-preview:-1"},"canonical":"https:\/\/www.portugalinternet.com\/es\/pickup-return-wifi-rent-data-sim\/","og_locale":"es_ES","og_type":"article","og_title":"[:en]Portugal Internet - Easy rent, pickup and return[:es]Portugal Internet - F\u00e1cil alquiler, recogida y devoluci\u00f3n[:fr]Portugal Internet - Location, retrait et retour faciles[:pt]Portugal Internet - F\u00e1cil aluguer, recolha e devolu\u00e7\u00e3o[:br]Portugal Internet - F\u00e1cil aluguel, retirada e devolu\u00e7\u00e3o[:]","og_description":"[vc_row type=\u00bbgrid\u00bb background_color=\u00bb#ffffff\u00bb padding_bottom=\u00bb10&#8243;][vc_column][vc_row_inner type=\u00bbgrid\u00bb padding_bottom=\u00bb60&#8243;][vc_column_inner][vc_column_text] RESERVA Y RECOGIDA Puede alquilar wifi, reservar y recoger en 3 pasos muy sencillos:[\/vc_column_text][\/vc_column_inner][\/vc_row_inner][vc_row_inner type=\u00bbgrid\u00bb css=\u00bb.vc_custom_1441481006709{margin: 0px !important;border-width: 0px !important;padding: 0px !important;}\u00bb][vc_column_inner width=\u00bb1\/3&#8243;][vc_single_image image=\u00bb22636&#8243; img_size=\u00bb120&#215;120&#8243; alignment=\u00bbcenter\u00bb][vc_separator type=\u00bbtransparent\u00bb up=\u00bb35&#8243; down=\u00bb0&#8243;][vc_column_text] RESERVE ON-LINE [\/vc_column_text][vc_separator type=\u00bbtransparent\u00bb up=\u00bb20&#8243; down=\u00bb0&#8243;][vc_column_text] Reserve aqu\u00ed antes de...","og_url":"https:\/\/www.portugalinternet.com\/pickup-return-wifi-rent-data-sim\/","og_site_name":"Get Internet in Portugal - Internet for your travel","article_publisher":"https:\/\/www.facebook.com\/portugalinternet","article_modified_time":"2024-11-01T12:26:50+00:00","twitter_card":"summary_large_image","twitter_misc":{"Est. reading time":"13 minutos"},"schema":{"@context":"https:\/\/schema.org","@graph":[{"@type":"WebPage","@id":"https:\/\/www.portugalinternet.com\/pickup-return-wifi-rent-data-sim\/","url":"https:\/\/www.portugalinternet.com\/pickup-return-wifi-rent-data-sim\/","name":"[:en]Portugal Internet - Easy rent, pickup and return[:es]Portugal Internet - F\u00e1cil alquiler, recogida y devoluci\u00f3n[:fr]Portugal Internet - Location, retrait et retour faciles[:pt]Portugal Internet - F\u00e1cil aluguer, recolha e devolu\u00e7\u00e3o[:br]Portugal Internet - F\u00e1cil aluguel, retirada e devolu\u00e7\u00e3o[:]","isPartOf":{"@id":"https:\/\/www.portugalinternet.com\/br\/#website"},"datePublished":"2015-07-05T22:27:08+00:00","dateModified":"2024-11-01T12:26:50+00:00","breadcrumb":{"@id":"https:\/\/www.portugalinternet.com\/pickup-return-wifi-rent-data-sim\/#breadcrumb"},"inLanguage":"es","potentialAction":[{"@type":"ReadAction","target":["https:\/\/www.portugalinternet.com\/pickup-return-wifi-rent-data-sim\/"]}]},{"@type":"BreadcrumbList","@id":"https:\/\/www.portugalinternet.com\/pickup-return-wifi-rent-data-sim\/#breadcrumb","itemListElement":[{"@type":"ListItem","position":1,"name":"Home","item":"https:\/\/www.portugalinternet.com\/"},{"@type":"ListItem","position":2,"name":"Pickup and return"}]},{"@type":"WebSite","@id":"https:\/\/www.portugalinternet.com\/br\/#website","url":"https:\/\/www.portugalinternet.com\/br\/","name":"Portugal Internet","description":"If you want to access the Internet in Portugal during your trip, here&#039;s a low cost and convenient solution to get internet everywhere. Learn more.","publisher":{"@id":"https:\/\/www.portugalinternet.com\/br\/#organization"},"potentialAction":[{"@type":"SearchAction","target":{"@type":"EntryPoint","urlTemplate":"https:\/\/www.portugalinternet.com\/br\/?s={search_term_string}"},"query-input":"required name=search_term_string"}],"inLanguage":"es"},{"@type":"Organization","@id":"https:\/\/www.portugalinternet.com\/br\/#organization","name":"Portugal Internet","url":"https:\/\/www.portugalinternet.com\/br\/","logo":{"@type":"ImageObject","inLanguage":"es","@id":"https:\/\/www.portugalinternet.com\/br\/#\/schema\/logo\/image\/","url":"https:\/\/www.portugalinternet.com\/app\/uploads\/main_logo_100_final.png","contentUrl":"https:\/\/www.portugalinternet.com\/app\/uploads\/main_logo_100_final.png","width":166,"height":58,"caption":"Portugal Internet"},"image":{"@id":"https:\/\/www.portugalinternet.com\/br\/#\/schema\/logo\/image\/"},"sameAs":["https:\/\/www.instagram.com\/portugalinternet\/","https:\/\/www.facebook.com\/portugalinternet"]}]}},"_links":{"self":[{"href":"https:\/\/www.portugalinternet.com\/es\/wp-json\/wp\/v2\/pages\/62"}],"collection":[{"href":"https:\/\/www.portugalinternet.com\/es\/wp-json\/wp\/v2\/pages"}],"about":[{"href":"https:\/\/www.portugalinternet.com\/es\/wp-json\/wp\/v2\/types\/page"}],"author":[{"embeddable":true,"href":"https:\/\/www.portugalinternet.com\/es\/wp-json\/wp\/v2\/users\/1"}],"replies":[{"embeddable":true,"href":"https:\/\/www.portugalinternet.com\/es\/wp-json\/wp\/v2\/comments?post=62"}],"version-history":[{"count":159,"href":"https:\/\/www.portugalinternet.com\/es\/wp-json\/wp\/v2\/pages\/62\/revisions"}],"predecessor-version":[{"id":26410,"href":"https:\/\/www.portugalinternet.com\/es\/wp-json\/wp\/v2\/pages\/62\/revisions\/26410"}],"wp:attachment":[{"href":"https:\/\/www.portugalinternet.com\/es\/wp-json\/wp\/v2\/media?parent=62"}],"curies":[{"name":"wp","href":"https:\/\/api.w.org\/{rel}","templated":true}]}}