{"id":25113,"date":"2023-12-05T18:05:33","date_gmt":"2023-12-05T18:05:33","guid":{"rendered":"https:\/\/www.portugalinternet.com\/?page_id=25113"},"modified":"2025-12-16T09:46:10","modified_gmt":"2025-12-16T09:46:10","slug":"esim-compatible-devices","status":"publish","type":"page","link":"https:\/\/www.portugalinternet.com\/es\/esim-compatible-devices\/","title":{"rendered":"Tel\u00e9fonos compatibles con eSIM"},"content":{"rendered":"<p>[vc_row type=\u00bbgrid\u00bb background_color=\u00bb#ffffff\u00bb padding_top=\u00bb150&#8243; padding_bottom=\u00bb10&#8243;][vc_column][vc_row_inner type=\u00bbgrid\u00bb padding_bottom=\u00bb60&#8243;][vc_column_inner][vc_column_text]<\/p>\n<h1>Dispositivos compatibles con eSIM<\/h1>\n<p>&nbsp;<\/p>\n<p>En la siguiente lista puede ver los dispositivos compatibles con eSIM. Tenga en cuenta que la lista se actualiza peri\u00f3dicamente, por lo que es posible que a\u00fan no aparezcan modelos m\u00e1s nuevos. Si no encuentra aqu\u00ed el modelo de su dispositivo y desea confirmar si es compatible con eSIM, por favor p\u00f3ngase en contacto con el fabricante o con nosotros.[\/vc_column_text][vc_empty_space][\/vc_column_inner][\/vc_row_inner][vc_row_inner][vc_column_inner][vc_column_text]<\/p>\n<h6 class=\"wp-block-heading\">iPhones<\/h6>\n<p>&nbsp;<\/p>\n<ul>\n<li>iPhone XR<\/li>\n<li>iPhone XS<\/li>\n<li>iPhone XS Max<\/li>\n<li>iPhone 11<\/li>\n<li>iPhone 11 Pro<\/li>\n<li>iPhone 11 Pro Max<\/li>\n<li>iPhone SE 2 (2020)<\/li>\n<li>iPhone 12<\/li>\n<li>iPhone 12 Mini<\/li>\n<li>iPhone 12 Pro<\/li>\n<li>iPhone 12 Pro Max<\/li>\n<li>iPhone 13<\/li>\n<li>iPhone 13 Mini<\/li>\n<li>iPhone 13 Pro<\/li>\n<li>iPhone 13 Pro Max<\/li>\n<li>iPhone SE 3 (2022)<\/li>\n<li>iPhone 14<\/li>\n<li>iPhone 14 Plus<\/li>\n<li>iPhone 14 Pro<\/li>\n<li>iPhone 14 Pro Max<\/li>\n<li>iPhone 15<\/li>\n<li>iPhone 15 Plus<\/li>\n<li>iPhone 15 Pro<\/li>\n<li>iPhone 15 Pro Max<\/li>\n<li>iPhone 16<\/li>\n<li>iPhone 16 Plus<\/li>\n<li>iPhone 16 Pro<\/li>\n<li>iPhone 16 Pro Max<\/li>\n<li>iPhone 16e<\/li>\n<li>iPhone 17<\/li>\n<li>iPhone 17 Pro<\/li>\n<li>iPhone 17 Pro Max<\/li>\n<li>iPhone Air<\/li>\n<\/ul>\n<p>&nbsp;<\/p>\n<p>*Los iPhone de China continental y los dispositivos iPhone de Hong Kong y Macao (excepto el iPhone 13 mini, iPhone 12 mini, iPhone SE 2020 y iPhone XS) no tienen capacidad eSIM.<\/p>\n<p>&nbsp;<\/p>\n<h6 class=\"wp-block-heading\">iPads<\/h6>\n<p>&nbsp;<\/p>\n<ul>\n<li>iPad Pro 11\u2033 (modelo A2068, de 2020)<\/li>\n<li>iPad Pro 12.9\u2033 (modelo A2069, de 2020)<\/li>\n<li>iPad Air (modelo A2123, de 2019)<\/li>\n<li>iPad (modelo A2198, de 2019)<\/li>\n<li>iPad Mini (modelo A2124, de 2019)<\/li>\n<li>iPad 10\u00aa generaci\u00f3n (modelo de 2022)<\/li>\n<\/ul>\n<h6><\/h6>\n<p>&nbsp;<\/p>\n<h6 class=\"wp-block-heading\">Smartwatches Apple<\/h6>\n<p>&nbsp;<\/p>\n<ul>\n<li>Apple Watch Series 3<\/li>\n<li>Apple Watch Series 4<\/li>\n<li>Apple Watch Series 5<\/li>\n<li>Apple Watch Series 6<\/li>\n<li>Apple Watch Series 7<\/li>\n<li>Apple Watch Series 8<\/li>\n<li>Apple Watch Series 9<\/li>\n<li>Apple Watch Series 10<\/li>\n<li>Apple Watch Series 11<\/li>\n<li>Apple Watch Ultra LTE<\/li>\n<li>Apple Watch Ultra 2<\/li>\n<li>Apple Watch SE 2\u00aa generaci\u00f3n (GPS + Cellular)<\/li>\n<\/ul>\n<p>&nbsp;<\/p>\n<p>&nbsp;<\/p>\n<h6 class=\"wp-block-heading\">Tel\u00e9fonos Samsung<\/h6>\n<p>&nbsp;<\/p>\n<ul>\n<li>Samsung Galaxy S20<\/li>\n<li>Samsung Galaxy S20+<\/li>\n<li>Samsung Galaxy S20+ 5g<\/li>\n<li>Samsung Galaxy S20 Ultra<\/li>\n<li>Samsung Galaxy S20 Ultra 5G<\/li>\n<li>Samsung Galaxy S21<\/li>\n<li>Samsung Galaxy S21+ 5G<\/li>\n<li>Samsung Galaxy S21+ Ultra 5G<\/li>\n<li>Samsung Galaxy S22<\/li>\n<li>Samsung Galaxy S22+<\/li>\n<li>Samsung Galaxy S22 Ultra<\/li>\n<li>Samsung Galaxy S23<\/li>\n<li>Samsung Galaxy S23+<\/li>\n<li>Samsung Galaxy S23 Ultra<\/li>\n<li>Samsung Galaxy S23 FE<\/li>\n<li>Samsung Galaxy S24<\/li>\n<li>Samsung Galaxy S24+<\/li>\n<li>Samsung Galaxy S24 Ultra<\/li>\n<li>Samsung Galaxy S24 FE<\/li>\n<li>Samsung Galaxy S25<\/li>\n<li>Samsung Galaxy S25+<\/li>\n<li>Samsung Galaxy S25 Ultra<\/li>\n<li>Samsung Galaxy S25 Edge<\/li>\n<li>Samsung Galaxy Note 20<\/li>\n<li>Samsung Galaxy Note 20 Ultra 5G<\/li>\n<li>Samsung Galaxy Fold<\/li>\n<li>Samsung Galaxy Z Fold2 5G<\/li>\n<li>Samsung Galaxy Z Fold3 5G<\/li>\n<li>Samsung Galaxy Z Fold4<\/li>\n<li>Samsung Galaxy Z Fold5 5G<\/li>\n<li>Samsung Galaxy Z Fold6 5G<\/li>\n<li>Samsung Galaxy Z Fold7<\/li>\n<li>Samsung Galaxy Z Flip<\/li>\n<li>Samsung Galaxy Z Flip3 5G<\/li>\n<li>Samsung Galaxy Z Flip4<\/li>\n<li>Samsung Galaxy Z Flip5 5G<\/li>\n<li>Samsung Galaxy Z Flip6 5G<\/li>\n<li>Samsung Galaxy Z Flip7<\/li>\n<li>Samsung Galaxy Z Flip7 FE<\/li>\n<li>Samsung Galaxy A35<\/li>\n<li>Samsung Galaxy A36<\/li>\n<li>Samsung Galaxy A54 (SCG21 (Modelo Japon\u00e9s), SC-53D (Modelo Japon\u00e9s), SM-A546B\/DS (Modelo Internacional), SM-A546S (Modelo Coreano), SM-A546U1 (Modelo Internacional))<\/li>\n<li>Samsung Galaxy A55 5G<\/li>\n<li>Samsung Galaxy A56<\/li>\n<\/ul>\n<p>&nbsp;<\/p>\n<p>*Los siguientes dispositivos Samsung no son compatibles con eSIM:<\/p>\n<p>&nbsp;<\/p>\n<ul>\n<li>Samsung Galaxy S20 FE 4G\/5G<\/li>\n<li>Samsung Galaxy S23 FE (Versiones de China y Hong Kong)<\/li>\n<li>Samsung S20\/S21 (Versi\u00f3n EE.UU.)<\/li>\n<li>Galaxy Z Flip 5G (Versi\u00f3n EE.UU.)<\/li>\n<li>Samsung Note 20 Ultra (Versiones de EE.UU. y Hong Kong)<\/li>\n<li>Samsung Galaxy Z Fold 2 (Versiones de EE.UU. y Hong Kong)<\/li>\n<li>Todos los tel\u00e9fonos Samsung vendidos en Hong Kong excepto Samsung Galaxy Z Flip (Modelo SM-F700F).<\/li>\n<li>Los siguientes modelos adquiridos en Corea del Sur: Galaxy S20, Galaxy S20+ 5G, Galaxy S20 Ultra, Galaxy S20 Ultra 5G, Galaxy S21, Galaxy S21+ 5G, Galaxy S21 Ultra 5G, Galaxy S22, Galaxy S22+, Galaxy S22 Ultra, Galaxy Note 20 Ultra 5G, Galaxy Note 20, Galaxy Fold, Galaxy Z Fold2 5G, Galaxy Z Fold3 5G, Galaxy Z Flip, Galaxy Z Flip 5G y el Galaxy Z Flip3 5G.<\/li>\n<\/ul>\n<p>&nbsp;<\/p>\n<h6><\/h6>\n<h6 class=\"wp-block-heading\">Smartwatches Samsung<\/h6>\n<p>&nbsp;<\/p>\n<ul>\n<li>Samsung Watch<\/li>\n<li>Samsung Watch Active 2 4G<\/li>\n<li>Samsung Watch Active 3 4G<\/li>\n<li>Samsung Gear 2 3G Classic<\/li>\n<li>Samsung Gear S3 Frontier (LTE)<\/li>\n<li>Samsung Galaxy Watch 3 LTE<\/li>\n<li>Samsung Galaxy Watch 4 LTE<\/li>\n<li>Samsung Galaxy Watch 5 LTE<\/li>\n<li>Samsung Galaxy Watch 5 Pro<\/li>\n<li>Samsung Galaxy Watch 6<\/li>\n<li>Samsung Galaxy Watch 6 Classic<\/li>\n<li>Samsung Galaxy Watch 7<\/li>\n<li>Samsung Galaxy Watch 7 Classic<\/li>\n<li>Samsung Galaxy Watch 8<\/li>\n<li>Samsung Galaxy Watch 8 Classic<\/li>\n<\/ul>\n<p>&nbsp;<\/p>\n<h6>Tel\u00e9fonos Google<\/h6>\n<p>&nbsp;<\/p>\n<ul>\n<li>Google Pixel 2 (s\u00f3lo tel\u00e9fonos comprados con el servicio Google Fi)<\/li>\n<li>Google Pixel 2 XL<\/li>\n<li>Google Pixel 3 (sin incluir los tel\u00e9fonos comprados en Australia, Taiw\u00e1n o Jap\u00f3n. Los tel\u00e9fonos comprados con operadores estadounidenses o canadienses distintos de Spring y Google Fi no funcionan con eSIM.)<\/li>\n<li>Google Pixel 3 XL<\/li>\n<li>Google Pixel 3a (sin incluir los tel\u00e9fonos comprados en Jap\u00f3n o con servicio de Verizon)<\/li>\n<li>Google Pixel 3a XL<\/li>\n<li>Google Pixel 4<\/li>\n<li>Google Pixel 4a<\/li>\n<li>Google Pixel 4 XL<\/li>\n<li>Google Pixel 5<\/li>\n<li>Google Pixel 5a<\/li>\n<li>Google Pixel 6<\/li>\n<li>Google pixel 6a<\/li>\n<li>Google Pixel 6 Pro<\/li>\n<li>Google Pixel 7<\/li>\n<li>Google Pixel 7a<\/li>\n<li>Google Pixel 7 Pro<\/li>\n<li>Google Pixel 8<\/li>\n<li>Google Pixel 8a<\/li>\n<li>Google Pixel 8 Pro<\/li>\n<li>Google Pixel Fold<\/li>\n<li>Google Pixel 9<\/li>\n<li>Google Pixel 9 Pro<\/li>\n<li>Google Pixel 9 Pro XL<\/li>\n<li>Google Pixel 10<\/li>\n<li>Google Pixel 10 Pro<\/li>\n<li>Google Pixel 10 Pro XL<\/li>\n<\/ul>\n<p>&nbsp;<\/p>\n<p>*Los dispositivos Google Pixel 3 de Australia, Jap\u00f3n y Taiw\u00e1n no son compatibles con eSIM.<\/p>\n<p>*El Google Pixel 3a del sudeste asi\u00e1tico no es compatible con eSIM.<\/p>\n<p>*Todos los tel\u00e9fonos Google Pixel vendidos en Hong Kong son incompatibles con la tecnolog\u00eda eSIM.<\/p>\n<h6><\/h6>\n<p>&nbsp;<\/p>\n<h6 class=\"wp-block-heading\">Smartwatches Google<\/h6>\n<p>&nbsp;<\/p>\n<ul>\n<li>Google Pixel Watch LTE<\/li>\n<li>Google Pixel Watch 2<\/li>\n<li>Google Pixel Watch 3<\/li>\n<\/ul>\n<p>&nbsp;<\/p>\n<p>&nbsp;<\/p>\n<h6 class=\"wp-block-heading\">Tel\u00e9fonos Huawei<\/h6>\n<p>&nbsp;<\/p>\n<ul>\n<li>Huawei P40<\/li>\n<li>Huawei P40 Pro<\/li>\n<li>Huawei Mate 40 Pro<\/li>\n<li>Huawei Pura 70 Pro<\/li>\n<\/ul>\n<p>&nbsp;<\/p>\n<p>*Los Huawei P40 Pro+ y P50 Pro no son compatibles con eSIM.<\/p>\n<h6><\/h6>\n<p>&nbsp;<\/p>\n<h6 class=\"wp-block-heading\">Smartwatches Huawei<\/h6>\n<p>&nbsp;<\/p>\n<ul>\n<li>Huawei Watch 2<\/li>\n<li>Huawei Watch 2 Pro<\/li>\n<li>Huawei Watch 3<\/li>\n<li>Huawei Watch 3 Active 4G<\/li>\n<li>Huawei Watch 3 Pro<\/li>\n<li>Huawei Watch 4<\/li>\n<li>Huawei Watch 4 Pro<\/li>\n<\/ul>\n<h6><\/h6>\n<p>&nbsp;<\/p>\n<h6 class=\"wp-block-heading\">Tel\u00e9fonos Oppo<\/h6>\n<p>&nbsp;<\/p>\n<ul>\n<li>Oppo Find X3<\/li>\n<li>Oppo Find X3 Pro<\/li>\n<li>Find N2 Flip<\/li>\n<li>Oppo Reno 5A<\/li>\n<li>Oppo Reno 6 Pro 5G<\/li>\n<li>Oppo Reno 9A<\/li>\n<li>Oppo Find X5<\/li>\n<li>Oppo Find X5 Pro<\/li>\n<li>Oppo A55s 5G<\/li>\n<li>Oppo Find N3<\/li>\n<li>Oppo Find N3 Flip<\/li>\n<li>Oppo Find X8<\/li>\n<li>Oppo Find X8 Pro<\/li>\n<li>Oppo Reno14<\/li>\n<li>Oppo Reno14 Pro<\/li>\n<li>Oppo Find X9<\/li>\n<li>Oppo Find X9 Pro<\/li>\n<\/ul>\n<p>&nbsp;<\/p>\n<p>*La l\u00ednea OPPO Lite no es compatible con eSIM.<\/p>\n<p>&nbsp;<\/p>\n<h6 class=\"wp-block-heading\">Smartwatches Oppo<\/h6>\n<p>&nbsp;<\/p>\n<ul>\n<li>Oppo Watch<\/li>\n<li>Oppo Watch 2<\/li>\n<li>Oppo Watch SE<\/li>\n<li>Oppo Watch Pro 3<\/li>\n<li>Oppo Watch Pro 4<\/li>\n<\/ul>\n<h6><\/h6>\n<p>&nbsp;<\/p>\n<h6 class=\"wp-block-heading\">Tel\u00e9fonos Sony<\/h6>\n<p>&nbsp;<\/p>\n<ul>\n<li>Sony Xperia 10 III Lite<\/li>\n<li>Sony Xperia 10 IV<\/li>\n<li>Xperia 10V<\/li>\n<li>Xperia 1 IV<\/li>\n<li>Sony Xperia 5 IV<\/li>\n<li>Sony Xperia 1 V<\/li>\n<li>Sony Xperia Ace III<\/li>\n<li>Sony Xperia 5 V<\/li>\n<li>Sony Xperia 1 VI<\/li>\n<\/ul>\n<h6><\/h6>\n<p>&nbsp;<\/p>\n<h6 class=\"wp-block-heading\">Tel\u00e9fonos Xiaomi<\/h6>\n<p>&nbsp;<\/p>\n<ul>\n<li>Xiaomi 12T Pro<\/li>\n<li>Xiaomi 13<\/li>\n<li>Xiaomi 13 Lite<\/li>\n<li>Xiaomi 13 Pro<\/li>\n<li>Xiaomi 13T<\/li>\n<li>Xiaomi 13T Pro<\/li>\n<li>Xiaomi 14<\/li>\n<li>Xiaomi 14 Pro<\/li>\n<li>Xiaomi 14T<\/li>\n<li>Xiaomi 14T Pro<\/li>\n<li>Xiaomi Redmi Note 13 Pro+<\/li>\n<li>Xiaomi Redmi Note 14 Pro<\/li>\n<li>Xiaomi Redmi Note 14 Pro+<\/li>\n<li>Xiaomi Poco X7<\/li>\n<li>Xiaomi 15<\/li>\n<li>Xiaomi 15 Ultra<\/li>\n<li>Xiaomi 15T<\/li>\n<li>Xiaomi 15T Pro<\/li>\n<\/ul>\n<h6><\/h6>\n<p>&nbsp;<\/p>\n<h6 class=\"wp-block-heading\">Smartwatches Xiaomi<\/h6>\n<p>&nbsp;<\/p>\n<ul>\n<li>Xiaomi Mi Watch<\/li>\n<li>Xiaomi Watch 2 Pro<\/li>\n<li>Xiaomi Watch S3<\/li>\n<\/ul>\n<h6><\/h6>\n<p>&nbsp;<\/p>\n<h6><\/h6>\n<h6 class=\"wp-block-heading\">Tel\u00e9fonos Motorola<\/h6>\n<p>&nbsp;<\/p>\n<ul>\n<li>Motorola Razr 2019<\/li>\n<li>Motorola Razr 2022<\/li>\n<li>Motorola Razr 5G<\/li>\n<li>Motorola Razr 40<\/li>\n<li>Motorola Razr 40 Ultra<\/li>\n<li>Motorola Razr+<\/li>\n<li>Motorola Edge 2022<\/li>\n<li>Motorola Edge 2023<\/li>\n<li>Motorola Edge+ 2023<\/li>\n<li>Motorola Edge 40<\/li>\n<li>Motorola Edge 40 Pro<\/li>\n<li>Motorola Edge 40 Neo<\/li>\n<li>Motorola Edge 50 Pro<\/li>\n<li>Motorola Edge 50 Ultra<\/li>\n<li>Motorola Edge 50 Fusion<\/li>\n<li>Motorola Moto G Power 5G 2024<\/li>\n<li>Motorola G52J 5G<\/li>\n<li>Motorola G52J 5G \u2161<\/li>\n<li>Motorola G53J 5G<\/li>\n<li>Motorola Moto G54 5G<\/li>\n<li>Motorola G84<\/li>\n<li>Motorola G34<\/li>\n<li>Motorola Moto G53<\/li>\n<li>Motorola Moto G54<\/li>\n<li>Motorola Razr+ 2024<\/li>\n<li>Motorola Razr 2024<\/li>\n<li>Motorola Moto G Stylus 5G 2024<\/li>\n<li>Motorola Moto G35<\/li>\n<li>Motorola Edge 60<\/li>\n<li>Motorola Edge 60 Pro<\/li>\n<li>Motorola Edge 60 Fusion<\/li>\n<li>Motorola Edge 60 Stylus<\/li>\n<li>Motorola Razr 60<\/li>\n<li>Motorola Razr 60 Ultra<\/li>\n<\/ul>\n<h6><\/h6>\n<p>&nbsp;<\/p>\n<h6 class=\"wp-block-heading\">Tel\u00e9fonos Sharp<\/h6>\n<p>&nbsp;<\/p>\n<ul>\n<li>Sharp AQUOS sense4 lite<\/li>\n<li>Sharp AQUOS Sense6s<\/li>\n<li>AQUOS sense 7<\/li>\n<li>AQUOS sense 7plus<\/li>\n<li>Sharp AQUOS Wish<\/li>\n<li>AQUOS wish 2 SHG08<\/li>\n<li>AQUOS wish3<\/li>\n<li>AQUOS zero 6<\/li>\n<li>Simple Sumaho6<\/li>\n<li>Sharp AQUOS R7<\/li>\n<li>Sharp AQUOS R8<\/li>\n<li>Sharp AQUOS R8 Pro<\/li>\n<li>Sharp Aquos sense8<\/li>\n<\/ul>\n<h2><\/h2>\n<p>&nbsp;<\/p>\n<h6 class=\"wp-block-heading\">Otros dispositivos compatibles con eSIM<\/h6>\n<p>&nbsp;<\/p>\n<ul>\n<li>Amazfit Nexo<\/li>\n<li>Asus ROG Phone 9<\/li>\n<li>Asus ROG Phone 9 Pro<\/li>\n<li>Asus Zenfone 12 Ultra<\/li>\n<li>DOOGEE V30<\/li>\n<li>Fairphone 4<\/li>\n<li>Fairphone 5<\/li>\n<li>Fossil Gen 5 LTE<\/li>\n<li>Fossil Gen 6 LTE<\/li>\n<li>Garmin Forerunner 945 LTE<\/li>\n<li>Gemini PDA<\/li>\n<li>HAMMER Blade 3<\/li>\n<li>HAMMER Explorer PRO<\/li>\n<li>HAMMER Blade 5G<\/li>\n<li>Honor Magic 4 Pro<\/li>\n<li>Honor Magic 5 Pro<\/li>\n<li>Honor Magic 6 Pro<\/li>\n<li>Honor Magic 7 Pro<\/li>\n<li>Honor Magic 7 Lite<\/li>\n<li>Honor Magic 8 Pro<\/li>\n<li>Honor 90<\/li>\n<li>Honor X8<\/li>\n<li>Honor 200<\/li>\n<li>Honor 200 Pro<\/li>\n<li>Honor Magic V2<\/li>\n<li>Honor Magic V3<\/li>\n<li>Honor 400 Lite<\/li>\n<li>myPhone NOW eSIM<\/li>\n<li>Nokia XR21<\/li>\n<li>Nokia X30<\/li>\n<li>Nokia G60 5G<\/li>\n<li>Nothing Phone 3<\/li>\n<li>Nothing Phone 3a Pro<\/li>\n<li>Nuu X5<\/li>\n<li>Oneplus Open<\/li>\n<li>OnePLus 11<\/li>\n<li>Oneplus 12<\/li>\n<li>OnePlus 13<\/li>\n<li>OnePlus 13R<\/li>\n<li>OnePlus 13T<\/li>\n<li>OnePlus 15<\/li>\n<li>OUKITEL WP30 Pro<\/li>\n<li>OUKITEL WP33 Pro<\/li>\n<li>Rakuten Mini<\/li>\n<li>Rakuten Big-S<\/li>\n<li>Rakuten Big<\/li>\n<li>Rakuten Hand<\/li>\n<li>Rakuten Hand 5G<\/li>\n<li>Realme 14 Pro+<\/li>\n<li>Realme GT 7<\/li>\n<li>Realme GT 8 Pro<\/li>\n<li>Surface Pro X<\/li>\n<li>TicWatch Pro 5<\/li>\n<li>TicWatch Pro 4G\/LTE<\/li>\n<li>TicWatch Pro 3 Ultra<\/li>\n<li>TLC 50 5G<\/li>\n<li>Vivo X80 Pro<\/li>\n<li>Vivo X90 Pro<\/li>\n<li>Vivo X100 Pro<\/li>\n<li>Vivo V29<\/li>\n<li>Vivo V29 Lite<\/li>\n<li>Vivo V29 Lite 5G (eSIM compatible s\u00f3lo en Europa)<\/li>\n<li>Vivo V40<\/li>\n<li>Vivo V40 Lite<\/li>\n<li>Vivo V40 SE<\/li>\n<li>Vivo X200<\/li>\n<li>Vivo X200 Pro<\/li>\n<li>Vivo X200s<\/li>\n<li>Vivo X200 FE<\/li>\n<li>Vivo X300<\/li>\n<li>Vivo X300 Pro<\/li>\n<li>Vivo Watch 2<\/li>\n<li>ZTE Nubia Flip<\/li>\n<\/ul>\n<p>[\/vc_column_text][\/vc_column_inner][\/vc_row_inner][\/vc_column][\/vc_row][vc_row type=\u00bbgrid\u00bb background_color=\u00bb#ffffff\u00bb padding_bottom=\u00bb30&#8243;][vc_column][vc_empty_space height=\u00bb40px\u00bb][\/vc_column][\/vc_row]<\/p>","protected":false},"excerpt":{"rendered":"<p>[vc_row type=\u00bbgrid\u00bb background_color=\u00bb#ffffff\u00bb padding_top=\u00bb150&#8243; padding_bottom=\u00bb10&#8243;][vc_column][vc_row_inner type=\u00bbgrid\u00bb padding_bottom=\u00bb60&#8243;][vc_column_inner][vc_column_text] Dispositivos compatibles con eSIM &nbsp; En la siguiente lista puede ver los dispositivos compatibles con eSIM. Tenga en cuenta que la lista se actualiza peri\u00f3dicamente, por lo que es posible que a\u00fan no aparezcan modelos m\u00e1s nuevos. Si&#8230;<\/p>\n","protected":false},"author":2,"featured_media":0,"parent":0,"menu_order":5,"comment_status":"closed","ping_status":"closed","template":"full_width.php","meta":{"_et_pb_use_builder":"","_et_pb_old_content":"","_et_gb_content_width":"","_monsterinsights_skip_tracking":false,"_monsterinsights_sitenote_active":false,"_monsterinsights_sitenote_note":"","_monsterinsights_sitenote_category":0},"yoast_head":"<!-- This site is optimized with the Yoast SEO plugin v19.13 - https:\/\/yoast.com\/wordpress\/plugins\/seo\/ -->\n<title>Tel\u00e9fonos compatibles con eSIM<\/title>\n<meta name=\"robots\" content=\"index, follow, max-snippet:-1, max-image-preview:large, max-video-preview:-1\" \/>\n<link rel=\"canonical\" href=\"https:\/\/www.portugalinternet.com\/es\/esim-compatible-devices\/\" \/>\n<meta property=\"og:locale\" content=\"es_ES\" \/>\n<meta property=\"og:type\" content=\"article\" \/>\n<meta property=\"og:title\" content=\"[:en]eSIM compatible phones[:es]Tel\u00e9fonos compatibles con eSIM[:fr]T\u00e9l\u00e9phones compatibles avec eSIM[:pt]Telem\u00f3veis compat\u00edveis com eSIM[:br]Celulares compat\u00edveis com eSIM[:]\" \/>\n<meta property=\"og:description\" content=\"[vc_row type=\u00bbgrid\u00bb background_color=\u00bb#ffffff\u00bb padding_top=\u00bb150&#8243; padding_bottom=\u00bb10&#8243;][vc_column][vc_row_inner type=\u00bbgrid\u00bb padding_bottom=\u00bb60&#8243;][vc_column_inner][vc_column_text] Dispositivos compatibles con eSIM &nbsp; En la siguiente lista puede ver los dispositivos compatibles con eSIM. Tenga en cuenta que la lista se actualiza peri\u00f3dicamente, por lo que es posible que a\u00fan no aparezcan modelos m\u00e1s nuevos. Si...\" \/>\n<meta property=\"og:url\" content=\"https:\/\/www.portugalinternet.com\/esim-compatible-devices\/\" \/>\n<meta property=\"og:site_name\" content=\"Get Internet in Portugal - Internet for your travel\" \/>\n<meta property=\"article:publisher\" content=\"https:\/\/www.facebook.com\/portugalinternet\" \/>\n<meta property=\"article:modified_time\" content=\"2025-12-16T09:46:10+00:00\" \/>\n<meta name=\"twitter:card\" content=\"summary_large_image\" \/>\n<meta name=\"twitter:label1\" content=\"Est. reading time\" \/>\n\t<meta name=\"twitter:data1\" content=\"7 minutos\" \/>\n<script type=\"application\/ld+json\" class=\"yoast-schema-graph\">{\"@context\":\"https:\/\/schema.org\",\"@graph\":[{\"@type\":\"WebPage\",\"@id\":\"https:\/\/www.portugalinternet.com\/esim-compatible-devices\/\",\"url\":\"https:\/\/www.portugalinternet.com\/esim-compatible-devices\/\",\"name\":\"[:en]eSIM compatible phones[:es]Tel\u00e9fonos compatibles con eSIM[:fr]T\u00e9l\u00e9phones compatibles avec eSIM[:pt]Telem\u00f3veis compat\u00edveis com eSIM[:br]Celulares compat\u00edveis com eSIM[:]\",\"isPartOf\":{\"@id\":\"https:\/\/www.portugalinternet.com\/br\/#website\"},\"datePublished\":\"2023-12-05T18:05:33+00:00\",\"dateModified\":\"2025-12-16T09:46:10+00:00\",\"breadcrumb\":{\"@id\":\"https:\/\/www.portugalinternet.com\/esim-compatible-devices\/#breadcrumb\"},\"inLanguage\":\"es\",\"potentialAction\":[{\"@type\":\"ReadAction\",\"target\":[\"https:\/\/www.portugalinternet.com\/esim-compatible-devices\/\"]}]},{\"@type\":\"BreadcrumbList\",\"@id\":\"https:\/\/www.portugalinternet.com\/esim-compatible-devices\/#breadcrumb\",\"itemListElement\":[{\"@type\":\"ListItem\",\"position\":1,\"name\":\"Home\",\"item\":\"https:\/\/www.portugalinternet.com\/\"},{\"@type\":\"ListItem\",\"position\":2,\"name\":\"eSIM Compatible Devices\"}]},{\"@type\":\"WebSite\",\"@id\":\"https:\/\/www.portugalinternet.com\/br\/#website\",\"url\":\"https:\/\/www.portugalinternet.com\/br\/\",\"name\":\"Portugal Internet\",\"description\":\"If you want to access the Internet in Portugal during your trip, here&#039;s a low cost and convenient solution to get internet everywhere. Learn more.\",\"publisher\":{\"@id\":\"https:\/\/www.portugalinternet.com\/br\/#organization\"},\"potentialAction\":[{\"@type\":\"SearchAction\",\"target\":{\"@type\":\"EntryPoint\",\"urlTemplate\":\"https:\/\/www.portugalinternet.com\/br\/?s={search_term_string}\"},\"query-input\":\"required name=search_term_string\"}],\"inLanguage\":\"es\"},{\"@type\":\"Organization\",\"@id\":\"https:\/\/www.portugalinternet.com\/br\/#organization\",\"name\":\"Portugal Internet\",\"url\":\"https:\/\/www.portugalinternet.com\/br\/\",\"logo\":{\"@type\":\"ImageObject\",\"inLanguage\":\"es\",\"@id\":\"https:\/\/www.portugalinternet.com\/br\/#\/schema\/logo\/image\/\",\"url\":\"https:\/\/www.portugalinternet.com\/app\/uploads\/main_logo_100_final.png\",\"contentUrl\":\"https:\/\/www.portugalinternet.com\/app\/uploads\/main_logo_100_final.png\",\"width\":166,\"height\":58,\"caption\":\"Portugal Internet\"},\"image\":{\"@id\":\"https:\/\/www.portugalinternet.com\/br\/#\/schema\/logo\/image\/\"},\"sameAs\":[\"https:\/\/www.instagram.com\/portugalinternet\/\",\"https:\/\/www.facebook.com\/portugalinternet\"]}]}<\/script>\n<!-- \/ Yoast SEO plugin. -->","yoast_head_json":{"title":"[:en]eSIM compatible phones[:es]Tel\u00e9fonos compatibles con eSIM[:fr]T\u00e9l\u00e9phones compatibles avec eSIM[:pt]Telem\u00f3veis compat\u00edveis com eSIM[:br]Celulares compat\u00edveis com eSIM[:]","robots":{"index":"index","follow":"follow","max-snippet":"max-snippet:-1","max-image-preview":"max-image-preview:large","max-video-preview":"max-video-preview:-1"},"canonical":"https:\/\/www.portugalinternet.com\/es\/esim-compatible-devices\/","og_locale":"es_ES","og_type":"article","og_title":"[:en]eSIM compatible phones[:es]Tel\u00e9fonos compatibles con eSIM[:fr]T\u00e9l\u00e9phones compatibles avec eSIM[:pt]Telem\u00f3veis compat\u00edveis com eSIM[:br]Celulares compat\u00edveis com eSIM[:]","og_description":"[vc_row type=\u00bbgrid\u00bb background_color=\u00bb#ffffff\u00bb padding_top=\u00bb150&#8243; padding_bottom=\u00bb10&#8243;][vc_column][vc_row_inner type=\u00bbgrid\u00bb padding_bottom=\u00bb60&#8243;][vc_column_inner][vc_column_text] Dispositivos compatibles con eSIM &nbsp; En la siguiente lista puede ver los dispositivos compatibles con eSIM. Tenga en cuenta que la lista se actualiza peri\u00f3dicamente, por lo que es posible que a\u00fan no aparezcan modelos m\u00e1s nuevos. Si...","og_url":"https:\/\/www.portugalinternet.com\/esim-compatible-devices\/","og_site_name":"Get Internet in Portugal - Internet for your travel","article_publisher":"https:\/\/www.facebook.com\/portugalinternet","article_modified_time":"2025-12-16T09:46:10+00:00","twitter_card":"summary_large_image","twitter_misc":{"Est. reading time":"7 minutos"},"schema":{"@context":"https:\/\/schema.org","@graph":[{"@type":"WebPage","@id":"https:\/\/www.portugalinternet.com\/esim-compatible-devices\/","url":"https:\/\/www.portugalinternet.com\/esim-compatible-devices\/","name":"[:en]eSIM compatible phones[:es]Tel\u00e9fonos compatibles con eSIM[:fr]T\u00e9l\u00e9phones compatibles avec eSIM[:pt]Telem\u00f3veis compat\u00edveis com eSIM[:br]Celulares compat\u00edveis com eSIM[:]","isPartOf":{"@id":"https:\/\/www.portugalinternet.com\/br\/#website"},"datePublished":"2023-12-05T18:05:33+00:00","dateModified":"2025-12-16T09:46:10+00:00","breadcrumb":{"@id":"https:\/\/www.portugalinternet.com\/esim-compatible-devices\/#breadcrumb"},"inLanguage":"es","potentialAction":[{"@type":"ReadAction","target":["https:\/\/www.portugalinternet.com\/esim-compatible-devices\/"]}]},{"@type":"BreadcrumbList","@id":"https:\/\/www.portugalinternet.com\/esim-compatible-devices\/#breadcrumb","itemListElement":[{"@type":"ListItem","position":1,"name":"Home","item":"https:\/\/www.portugalinternet.com\/"},{"@type":"ListItem","position":2,"name":"eSIM Compatible Devices"}]},{"@type":"WebSite","@id":"https:\/\/www.portugalinternet.com\/br\/#website","url":"https:\/\/www.portugalinternet.com\/br\/","name":"Portugal Internet","description":"If you want to access the Internet in Portugal during your trip, here&#039;s a low cost and convenient solution to get internet everywhere. Learn more.","publisher":{"@id":"https:\/\/www.portugalinternet.com\/br\/#organization"},"potentialAction":[{"@type":"SearchAction","target":{"@type":"EntryPoint","urlTemplate":"https:\/\/www.portugalinternet.com\/br\/?s={search_term_string}"},"query-input":"required name=search_term_string"}],"inLanguage":"es"},{"@type":"Organization","@id":"https:\/\/www.portugalinternet.com\/br\/#organization","name":"Portugal Internet","url":"https:\/\/www.portugalinternet.com\/br\/","logo":{"@type":"ImageObject","inLanguage":"es","@id":"https:\/\/www.portugalinternet.com\/br\/#\/schema\/logo\/image\/","url":"https:\/\/www.portugalinternet.com\/app\/uploads\/main_logo_100_final.png","contentUrl":"https:\/\/www.portugalinternet.com\/app\/uploads\/main_logo_100_final.png","width":166,"height":58,"caption":"Portugal Internet"},"image":{"@id":"https:\/\/www.portugalinternet.com\/br\/#\/schema\/logo\/image\/"},"sameAs":["https:\/\/www.instagram.com\/portugalinternet\/","https:\/\/www.facebook.com\/portugalinternet"]}]}},"_links":{"self":[{"href":"https:\/\/www.portugalinternet.com\/es\/wp-json\/wp\/v2\/pages\/25113"}],"collection":[{"href":"https:\/\/www.portugalinternet.com\/es\/wp-json\/wp\/v2\/pages"}],"about":[{"href":"https:\/\/www.portugalinternet.com\/es\/wp-json\/wp\/v2\/types\/page"}],"author":[{"embeddable":true,"href":"https:\/\/www.portugalinternet.com\/es\/wp-json\/wp\/v2\/users\/2"}],"replies":[{"embeddable":true,"href":"https:\/\/www.portugalinternet.com\/es\/wp-json\/wp\/v2\/comments?post=25113"}],"version-history":[{"count":114,"href":"https:\/\/www.portugalinternet.com\/es\/wp-json\/wp\/v2\/pages\/25113\/revisions"}],"predecessor-version":[{"id":27124,"href":"https:\/\/www.portugalinternet.com\/es\/wp-json\/wp\/v2\/pages\/25113\/revisions\/27124"}],"wp:attachment":[{"href":"https:\/\/www.portugalinternet.com\/es\/wp-json\/wp\/v2\/media?parent=25113"}],"curies":[{"name":"wp","href":"https:\/\/api.w.org\/{rel}","templated":true}]}}