{"id":23295,"date":"2017-03-14T16:05:50","date_gmt":"2017-03-14T16:05:50","guid":{"rendered":"https:\/\/www.portugalinternet.com\/?page_id=23295"},"modified":"2025-12-03T14:07:17","modified_gmt":"2025-12-03T14:07:17","slug":"price-explanation-wifi","status":"publish","type":"page","link":"https:\/\/www.portugalinternet.com\/es\/price-explanation-wifi\/","title":{"rendered":"Explicaci\u00f3n de precios"},"content":{"rendered":"<p><\/p>\n<p>[vc_row background_color=\u00bb#ffffff\u00bb border_color=\u00bb#ffffff\u00bb][vc_column][vc_column_text]<\/p>\n<h1 style=\"text-align: center;\"><span style=\"font-size: 20px;\"><strong>C\u00f3mo se calculan los precios<\/strong><\/span><\/h1>\n<p>[\/vc_column_text][vc_empty_space height=\u00bb20px\u00bb][vc_column_text]<\/p>\n<p style=\"text-align: left;\">Los precios son aplicables para cada uno de los d\u00edas correspondientes.<br \/>\nEso significa que por ejemplo usted paga 1 \u20ac\/ d\u00eda por cada d\u00eda alquilado, despu\u00e9s del d\u00eda 30.<\/p>\n<p style=\"text-align: left;\"><span style=\"color: #ffffff;\">.<\/span><\/p>\n<p style=\"text-align: left;\">A continuaci\u00f3n puede encontrar algunos ejemplos:<\/p>\n<p>[\/vc_column_text][vc_empty_space height=\u00bb20px\u00bb][vc_column_text]<\/p>\n<h2><span style=\"font-size: 16px;\"><strong>EJEMPLO DE ALQUILER WIFI POR 14 D\u00cdAS<\/strong><\/span><\/h2>\n<p>[\/vc_column_text][vc_column_text]D\u00edas 1 hasta 5, a 6\u20ac \/d\u00eda = 30\u20ac<br \/>\nD\u00edas 6 hasta 9, a 4\u20ac \/d\u00eda = 16\u20ac<br \/>\nD\u00edas 10 hasta 14, a 2\u20ac \/d\u00eda = 10\u20ac<\/p>\n<p>Total = 30\u20ac + 16\u20ac + 10\u20ac = 56\u20ac[\/vc_column_text][vc_empty_space height=\u00bb20px\u00bb][vc_column_text]<\/p>\n<h2><span style=\"font-size: 16px;\"><strong>EJEMPLO DE ALQUILER DE TARJETA SIM POR 31 D\u00cdAS\u00a0<\/strong><\/span><\/h2>\n<p>[\/vc_column_text][vc_column_text]D\u00edas 1 hasta 5, a 5\u20ac \/d\u00eda = 25\u20ac<br \/>\nD\u00edas 6 hasta 9, a 3\u20ac \/d\u00eda = 12\u20ac<br \/>\nD\u00edas 10 hasta 20, a 1\u20ac \/d\u00eda = 11\u20ac<br \/>\nD\u00edas 21 hasta 30, a 1\u20ac \/d\u00eda = 10\u20ac<br \/>\nD\u00eda\u00a031, hasta 1\u20ac \/d\u00eda = 1\u20ac<\/p>\n<p>Total = 25\u20ac + 12\u20ac + 11\u20ac + 10\u20ac + 1\u20ac = 59\u20ac[\/vc_column_text][vc_empty_space height=\u00bb20px\u00bb][vc_column_text]<\/p>\n<h2><span style=\"font-size: 16px;\"><strong>EJEMPLO DE eSIM POR 60 D\u00cdAS\u00a0<\/strong><\/span><\/h2>\n<p>[\/vc_column_text][vc_column_text]D\u00edas 1 hasta 4, a 3\u20ac \/d\u00eda = 12\u20ac<br \/>\nD\u00edas 5 hasta 11, a 2\u20ac \/d\u00eda = 14\u20ac<br \/>\nD\u00edas 12 hasta 20, a 1\u20ac \/d\u00eda = 9\u20ac<br \/>\nD\u00edas 21 hasta 30, a 0.5\u20ac \/d\u00eda = 5\u20ac<br \/>\nD\u00edas 31 hasta 60, a 1\u20ac \/d\u00eda = 30\u20ac<\/p>\n<p>Total = 12\u20ac + 14\u20ac + 9\u20ac + 5\u20ac + 30\u20ac = 70\u20ac[\/vc_column_text][vc_empty_space height=\u00bb80px\u00bb][\/vc_column][\/vc_row][vc_row][vc_column][\/vc_column][\/vc_row]<\/p>\n<p><\/p>","protected":false},"excerpt":{"rendered":"<p>[vc_row background_color=\u00bb#ffffff\u00bb border_color=\u00bb#ffffff\u00bb][vc_column][vc_column_text] C\u00f3mo se calculan los precios [\/vc_column_text][vc_empty_space height=\u00bb20px\u00bb][vc_column_text] Los precios son aplicables para cada uno de los d\u00edas correspondientes. Eso significa que por ejemplo usted paga 1 \u20ac\/ d\u00eda por cada d\u00eda alquilado, despu\u00e9s del d\u00eda 30. . A continuaci\u00f3n puede encontrar algunos&#8230;<\/p>\n","protected":false},"author":1,"featured_media":0,"parent":0,"menu_order":10,"comment_status":"closed","ping_status":"closed","template":"","meta":{"_et_pb_use_builder":"","_et_pb_old_content":"","_et_gb_content_width":"","_monsterinsights_skip_tracking":false,"_monsterinsights_sitenote_active":false,"_monsterinsights_sitenote_note":"","_monsterinsights_sitenote_category":0},"yoast_head":"<!-- This site is optimized with the Yoast SEO plugin v19.13 - https:\/\/yoast.com\/wordpress\/plugins\/seo\/ -->\n<title>Explicaci\u00f3n de precios - Get Internet in Portugal - Internet for your travel<\/title>\n<meta name=\"robots\" content=\"index, follow, max-snippet:-1, max-image-preview:large, max-video-preview:-1\" \/>\n<link rel=\"canonical\" href=\"https:\/\/www.portugalinternet.com\/es\/price-explanation-wifi\/\" \/>\n<meta property=\"og:locale\" content=\"es_ES\" \/>\n<meta property=\"og:type\" content=\"article\" \/>\n<meta property=\"og:title\" content=\"[:en]Price explanation [:es]Explicaci\u00f3n de precios[:fr]Explication des prix[:pt]Explica\u00e7\u00e3o do pre\u00e7o[:br]Explica\u00e7\u00e3o do pre\u00e7o[:] - Get Internet in Portugal - Internet for your travel\" \/>\n<meta property=\"og:description\" content=\"[vc_row background_color=\u00bb#ffffff\u00bb border_color=\u00bb#ffffff\u00bb][vc_column][vc_column_text] C\u00f3mo se calculan los precios [\/vc_column_text][vc_empty_space height=\u00bb20px\u00bb][vc_column_text] Los precios son aplicables para cada uno de los d\u00edas correspondientes. Eso significa que por ejemplo usted paga 1 \u20ac\/ d\u00eda por cada d\u00eda alquilado, despu\u00e9s del d\u00eda 30. . A continuaci\u00f3n puede encontrar algunos...\" \/>\n<meta property=\"og:url\" content=\"https:\/\/www.portugalinternet.com\/price-explanation-wifi\/\" \/>\n<meta property=\"og:site_name\" content=\"Get Internet in Portugal - Internet for your travel\" \/>\n<meta property=\"article:publisher\" content=\"https:\/\/www.facebook.com\/portugalinternet\" \/>\n<meta property=\"article:modified_time\" content=\"2025-12-03T14:07:17+00:00\" \/>\n<meta name=\"twitter:card\" content=\"summary_large_image\" \/>\n<meta name=\"twitter:label1\" content=\"Est. reading time\" \/>\n\t<meta name=\"twitter:data1\" content=\"5 minutos\" \/>\n<script type=\"application\/ld+json\" class=\"yoast-schema-graph\">{\"@context\":\"https:\/\/schema.org\",\"@graph\":[{\"@type\":\"WebPage\",\"@id\":\"https:\/\/www.portugalinternet.com\/price-explanation-wifi\/\",\"url\":\"https:\/\/www.portugalinternet.com\/price-explanation-wifi\/\",\"name\":\"[:en]Price explanation [:es]Explicaci\u00f3n de precios[:fr]Explication des prix[:pt]Explica\u00e7\u00e3o do pre\u00e7o[:br]Explica\u00e7\u00e3o do pre\u00e7o[:] - Get Internet in Portugal - Internet for your travel\",\"isPartOf\":{\"@id\":\"https:\/\/www.portugalinternet.com\/br\/#website\"},\"datePublished\":\"2017-03-14T16:05:50+00:00\",\"dateModified\":\"2025-12-03T14:07:17+00:00\",\"breadcrumb\":{\"@id\":\"https:\/\/www.portugalinternet.com\/price-explanation-wifi\/#breadcrumb\"},\"inLanguage\":\"es\",\"potentialAction\":[{\"@type\":\"ReadAction\",\"target\":[\"https:\/\/www.portugalinternet.com\/price-explanation-wifi\/\"]}]},{\"@type\":\"BreadcrumbList\",\"@id\":\"https:\/\/www.portugalinternet.com\/price-explanation-wifi\/#breadcrumb\",\"itemListElement\":[{\"@type\":\"ListItem\",\"position\":1,\"name\":\"Home\",\"item\":\"https:\/\/www.portugalinternet.com\/\"},{\"@type\":\"ListItem\",\"position\":2,\"name\":\"Price explanation\"}]},{\"@type\":\"WebSite\",\"@id\":\"https:\/\/www.portugalinternet.com\/br\/#website\",\"url\":\"https:\/\/www.portugalinternet.com\/br\/\",\"name\":\"Portugal Internet\",\"description\":\"If you want to access the Internet in Portugal during your trip, here&#039;s a low cost and convenient solution to get internet everywhere. Learn more.\",\"publisher\":{\"@id\":\"https:\/\/www.portugalinternet.com\/br\/#organization\"},\"potentialAction\":[{\"@type\":\"SearchAction\",\"target\":{\"@type\":\"EntryPoint\",\"urlTemplate\":\"https:\/\/www.portugalinternet.com\/br\/?s={search_term_string}\"},\"query-input\":\"required name=search_term_string\"}],\"inLanguage\":\"es\"},{\"@type\":\"Organization\",\"@id\":\"https:\/\/www.portugalinternet.com\/br\/#organization\",\"name\":\"Portugal Internet\",\"url\":\"https:\/\/www.portugalinternet.com\/br\/\",\"logo\":{\"@type\":\"ImageObject\",\"inLanguage\":\"es\",\"@id\":\"https:\/\/www.portugalinternet.com\/br\/#\/schema\/logo\/image\/\",\"url\":\"https:\/\/www.portugalinternet.com\/app\/uploads\/main_logo_100_final.png\",\"contentUrl\":\"https:\/\/www.portugalinternet.com\/app\/uploads\/main_logo_100_final.png\",\"width\":166,\"height\":58,\"caption\":\"Portugal Internet\"},\"image\":{\"@id\":\"https:\/\/www.portugalinternet.com\/br\/#\/schema\/logo\/image\/\"},\"sameAs\":[\"https:\/\/www.instagram.com\/portugalinternet\/\",\"https:\/\/www.facebook.com\/portugalinternet\"]}]}<\/script>\n<!-- \/ Yoast SEO plugin. -->","yoast_head_json":{"title":"[:en]Price explanation [:es]Explicaci\u00f3n de precios[:fr]Explication des prix[:pt]Explica\u00e7\u00e3o do pre\u00e7o[:br]Explica\u00e7\u00e3o do pre\u00e7o[:] - Get Internet in Portugal - Internet for your travel","robots":{"index":"index","follow":"follow","max-snippet":"max-snippet:-1","max-image-preview":"max-image-preview:large","max-video-preview":"max-video-preview:-1"},"canonical":"https:\/\/www.portugalinternet.com\/es\/price-explanation-wifi\/","og_locale":"es_ES","og_type":"article","og_title":"[:en]Price explanation [:es]Explicaci\u00f3n de precios[:fr]Explication des prix[:pt]Explica\u00e7\u00e3o do pre\u00e7o[:br]Explica\u00e7\u00e3o do pre\u00e7o[:] - Get Internet in Portugal - Internet for your travel","og_description":"[vc_row background_color=\u00bb#ffffff\u00bb border_color=\u00bb#ffffff\u00bb][vc_column][vc_column_text] C\u00f3mo se calculan los precios [\/vc_column_text][vc_empty_space height=\u00bb20px\u00bb][vc_column_text] Los precios son aplicables para cada uno de los d\u00edas correspondientes. Eso significa que por ejemplo usted paga 1 \u20ac\/ d\u00eda por cada d\u00eda alquilado, despu\u00e9s del d\u00eda 30. . A continuaci\u00f3n puede encontrar algunos...","og_url":"https:\/\/www.portugalinternet.com\/price-explanation-wifi\/","og_site_name":"Get Internet in Portugal - Internet for your travel","article_publisher":"https:\/\/www.facebook.com\/portugalinternet","article_modified_time":"2025-12-03T14:07:17+00:00","twitter_card":"summary_large_image","twitter_misc":{"Est. reading time":"5 minutos"},"schema":{"@context":"https:\/\/schema.org","@graph":[{"@type":"WebPage","@id":"https:\/\/www.portugalinternet.com\/price-explanation-wifi\/","url":"https:\/\/www.portugalinternet.com\/price-explanation-wifi\/","name":"[:en]Price explanation [:es]Explicaci\u00f3n de precios[:fr]Explication des prix[:pt]Explica\u00e7\u00e3o do pre\u00e7o[:br]Explica\u00e7\u00e3o do pre\u00e7o[:] - Get Internet in Portugal - Internet for your travel","isPartOf":{"@id":"https:\/\/www.portugalinternet.com\/br\/#website"},"datePublished":"2017-03-14T16:05:50+00:00","dateModified":"2025-12-03T14:07:17+00:00","breadcrumb":{"@id":"https:\/\/www.portugalinternet.com\/price-explanation-wifi\/#breadcrumb"},"inLanguage":"es","potentialAction":[{"@type":"ReadAction","target":["https:\/\/www.portugalinternet.com\/price-explanation-wifi\/"]}]},{"@type":"BreadcrumbList","@id":"https:\/\/www.portugalinternet.com\/price-explanation-wifi\/#breadcrumb","itemListElement":[{"@type":"ListItem","position":1,"name":"Home","item":"https:\/\/www.portugalinternet.com\/"},{"@type":"ListItem","position":2,"name":"Price explanation"}]},{"@type":"WebSite","@id":"https:\/\/www.portugalinternet.com\/br\/#website","url":"https:\/\/www.portugalinternet.com\/br\/","name":"Portugal Internet","description":"If you want to access the Internet in Portugal during your trip, here&#039;s a low cost and convenient solution to get internet everywhere. Learn more.","publisher":{"@id":"https:\/\/www.portugalinternet.com\/br\/#organization"},"potentialAction":[{"@type":"SearchAction","target":{"@type":"EntryPoint","urlTemplate":"https:\/\/www.portugalinternet.com\/br\/?s={search_term_string}"},"query-input":"required name=search_term_string"}],"inLanguage":"es"},{"@type":"Organization","@id":"https:\/\/www.portugalinternet.com\/br\/#organization","name":"Portugal Internet","url":"https:\/\/www.portugalinternet.com\/br\/","logo":{"@type":"ImageObject","inLanguage":"es","@id":"https:\/\/www.portugalinternet.com\/br\/#\/schema\/logo\/image\/","url":"https:\/\/www.portugalinternet.com\/app\/uploads\/main_logo_100_final.png","contentUrl":"https:\/\/www.portugalinternet.com\/app\/uploads\/main_logo_100_final.png","width":166,"height":58,"caption":"Portugal Internet"},"image":{"@id":"https:\/\/www.portugalinternet.com\/br\/#\/schema\/logo\/image\/"},"sameAs":["https:\/\/www.instagram.com\/portugalinternet\/","https:\/\/www.facebook.com\/portugalinternet"]}]}},"_links":{"self":[{"href":"https:\/\/www.portugalinternet.com\/es\/wp-json\/wp\/v2\/pages\/23295"}],"collection":[{"href":"https:\/\/www.portugalinternet.com\/es\/wp-json\/wp\/v2\/pages"}],"about":[{"href":"https:\/\/www.portugalinternet.com\/es\/wp-json\/wp\/v2\/types\/page"}],"author":[{"embeddable":true,"href":"https:\/\/www.portugalinternet.com\/es\/wp-json\/wp\/v2\/users\/1"}],"replies":[{"embeddable":true,"href":"https:\/\/www.portugalinternet.com\/es\/wp-json\/wp\/v2\/comments?post=23295"}],"version-history":[{"count":46,"href":"https:\/\/www.portugalinternet.com\/es\/wp-json\/wp\/v2\/pages\/23295\/revisions"}],"predecessor-version":[{"id":27117,"href":"https:\/\/www.portugalinternet.com\/es\/wp-json\/wp\/v2\/pages\/23295\/revisions\/27117"}],"wp:attachment":[{"href":"https:\/\/www.portugalinternet.com\/es\/wp-json\/wp\/v2\/media?parent=23295"}],"curies":[{"name":"wp","href":"https:\/\/api.w.org\/{rel}","templated":true}]}}