{"id":22179,"date":"2015-12-28T20:58:34","date_gmt":"2015-12-28T20:58:34","guid":{"rendered":"http:\/\/www.portugalinternet.com\/?page_id=22179"},"modified":"2025-12-03T14:13:24","modified_gmt":"2025-12-03T14:13:24","slug":"terms-and-conditions","status":"publish","type":"page","link":"https:\/\/www.portugalinternet.com\/es\/terms-and-conditions\/","title":{"rendered":"T\u00e9rminos y Condiciones"},"content":{"rendered":"<p><\/p>\n<p>[vc_row][vc_column][vc_column_text]<\/p>\n<h1 style=\"text-align: center;\"><span style=\"font-size: 20px;\"><strong>T\u00c9RMINOS Y CONDICIONES DEL CONTRATO DE ALQUILER<\/strong><\/span><\/h1>\n<p>[\/vc_column_text][vc_column_text]<\/p>\n<p>Estos T\u00e9rminos y Condiciones del contrato de alquiler establece las condiciones del acuerdo entre usted (\u00abel Cliente\u00bb) y Portugal Internet (\u00abNosotros\u00bb o \u00abla Compa\u00f1\u00eda\u00bb) en lo que concierne a los servicios prestados por Portugal Internet. Por favor, lea cuidadosamente ya que afectan a sus derechos y obligaciones legales.<\/p>\n<p>[\/vc_column_text][vc_empty_space height=\u00bb20px\u00bb][vc_column_text]<\/p>\n<h2><span style=\"font-size: 16px;\"><strong>ALQUILER DE HOTSPOT PORT\u00c1TIL<\/strong><\/span><\/h2>\n<p>[\/vc_column_text][vc_column_text]Portugal internet alquila hotspots wifi m\u00f3viles que pueden ser utilizados simult\u00e1neamente por diez personas (o diez dispositivos).<\/p>\n<p style=\"text-align: left;\">Mediante el uso de este servicio, usted acepta y reconoce que est\u00e1 alquilando equipos \u00fanicamente para fines de viaje, y que usted no va a adquirir ning\u00fan derecho en el equipo. Usted acepta que nosotros vamos a retener toda la propiedad del equipo, incluyendo, pero no limitado a las gu\u00edas de usuario y accesorios. El dispositivo se mantendr\u00e1 en todo momento la propiedad de Portugal Internet. Los clientes no tienen derechos aparte de uso temporal.<\/p>\n<p style=\"text-align: left;\">Nosotros requerimos que tenga el debido cuidado en el uso de nuestro equipo, y que maneje todo el equipo de acuerdo con las instrucciones que proporcionamos. Adem\u00e1s, usted acepta que no va a hacer cualquier modificaci\u00f3n, reparaci\u00f3n o da\u00f1o a todo el equipo y que es totalmente responsable y que tiene de indemnizar si se realiza cualquiera de ellos.<\/p>\n<p>[\/vc_column_text][vc_empty_space height=\u00bb20px\u00bb][vc_column_text]<\/p>\n<h2><span style=\"font-size: 16px;\"><strong>ALQUILER DE TARJETA SIM<\/strong><\/span><\/h2>\n<p>[\/vc_column_text][vc_column_text]<\/p>\n<p style=\"text-align: left;\">Mediante el uso de nuestro servicio, usted acepta y reconoce que usted no va a adquirir ning\u00fan derecho en la tarjeta SIM y que la Compa\u00f1\u00eda es lo \u00fanico propietario de la tarjeta SIM.<\/p>\n<p style=\"text-align: left;\">Portugal Internet alquila tarjetas SIM de datos que se pueden utilizar en dispositivos que admiten la conexi\u00f3n a Internet a trav\u00e9s de tarjetas SIM (tales como m\u00f3viles, tabletas, routers, ordenadores y otros).<\/p>\n<p style=\"text-align: left;\">Esos dispositivos pueden estar bloqueados para operadores de telefon\u00eda m\u00f3vil y por esa raz\u00f3n no pueden trabajar con la tarjeta SIM que proporcionamos. Es responsabilidad del cliente de identificar si el dispositivo no est\u00e1 bloqueado a una red m\u00f3vil espec\u00edfica. Portugal Internet no har\u00e1 el reembolso si el cliente no puede utilizar el servicio debido a esa raz\u00f3n.<\/p>\n<p style=\"text-align: left;\">Nosotros requerimos que tenga el debido cuidado en el uso de nuestras tarjetas SIM, y que maneje todas ellas de acuerdo con las instrucciones que proporcionamos.<\/p>\n<p style=\"text-align: left;\">Las tarjetas SIM permiten el tethering de forma predeterminada. Sin embargo, hay algunos operadores que bloquean los productos de Apple que se venden con el fin de limitar el tethering. En estas situaciones, Portugal Internet no puede ser responsabilizada por las limitaciones en las capacidades de tethering de algunos de los productos de Apple.<\/p>\n<p>[\/vc_column_text][vc_empty_space height=\u00bb20px\u00bb][vc_column_text]<\/p>\n<h2><span style=\"font-size: 16px;\"><strong>COMPRA DE ESIM<\/strong><\/span><\/h2>\n<p>[\/vc_column_text][vc_empty_space height=\u00bb20px\u00bb][vc_column_text]Portugal Internet alquila eSIMs que pueden ser utilizadas en dispositivos que est\u00e9n desbloqueados y que soporten la tecnolog\u00eda eSIM.<\/p>\n<p>Es responsabilidad del Cliente identificar que el dispositivo no est\u00e1 bloqueado a una red m\u00f3vil espec\u00edfica. El Cliente tambi\u00e9n es responsable de asegurarse de que el dispositivo del cliente es compatible con eSIM.<\/p>\n<p>La eSIM funcionar\u00e1 en un pa\u00eds o regi\u00f3n espec\u00edficos, tal y como se especifica en la descripci\u00f3n del producto. Es responsabilidad del cliente asegurarse de que utiliza la eSIM en el pa\u00eds para el que la adquiri\u00f3.<\/p>\n<p>Portugal Internet no reembolsar\u00e1 los alquileres si el Cliente no puede utilizar el servicio debido a cualquiera de estas razones.[\/vc_column_text][vc_empty_space height=\u00bb20px\u00bb][vc_column_text]<\/p>\n<h2><span style=\"font-size: 16px;\"><strong>TR\u00c1FICO DE INTERNET<\/strong><\/span><\/h2>\n<p>[\/vc_column_text][vc_column_text]<\/p>\n<p style=\"text-align: left;\">La cantidad de datos de internet disponibles se indica en las p\u00e1ginas de los productos.<\/p>\n<p style=\"text-align: left;\">Dado que este servicio se realiza a trav\u00e9s de una conexi\u00f3n m\u00f3vil, no podemos garantizar las condiciones del \u00e1rea de servicio, la velocidad o el tr\u00e1fico de datos en cualquier lugar y en cualquier momento. La velocidad que se muestra en la informaci\u00f3n de producto es el mejor posible.<\/p>\n<p style=\"text-align: left;\">Portugal Internet no ser\u00e1 responsable, donde el acceso a la red se interrumpe o es limitada debido a una suspensi\u00f3n (siempre que esto es temporal solamente); o los tiempos de parada de las instalaciones de telecomunicaciones o de las instalaciones energ\u00e9ticas; o las condiciones locales especiales (por ejemplo, el uso de los trenes o metro).<\/p>\n<p style=\"text-align: left;\">No podemos hacer ning\u00fan reembolso por razones tales como la cobertura de \u00e1rea de servicio, la velocidad o las condiciones del tr\u00e1fico de datos, excepto por la perturbaci\u00f3n da red de la portadora de comunicaci\u00f3n.<\/p>\n<p>[\/vc_column_text][vc_empty_space height=\u00bb20px\u00bb][vc_column_text]<\/p>\n<h2><span style=\"font-size: 16px;\"><strong>PERIODO DE ALQUILER<\/strong><\/span><\/h2>\n<p>[\/vc_column_text][vc_column_text]Si alquila un hotspot WiFi port\u00e1til, una tarjeta SIM de datos o una eSIM con internet ilimitado para Portugal, el periodo de alquiler comienza a las 0:01 GMT de la fecha de inicio que haya elegido y finaliza a las 23:59 GMT de la fecha de finalizaci\u00f3n que haya seleccionado.[\/vc_column_text][vc_empty_space height=\u00bb20px\u00bb][vc_column_text]<\/p>\n<h2><span style=\"font-size: 16px;\"><strong>ACTIVACI\u00d3N Y USO<\/strong><\/span><\/h2>\n<p>[\/vc_column_text][vc_column_text]Si contrata un plan de eSIM con una cantidad de datos y un n\u00famero de d\u00edas determinados, el n\u00famero de d\u00edas empezar\u00e1 a contar desde el momento en que se instale la eSIM. La eSIM dejar\u00e1 de funcionar si el n\u00famero de d\u00edas elegido llega a su fin o si se agota la cantidad de datos: lo que ocurra primero.[\/vc_column_text][vc_empty_space height=\u00bb20px\u00bb][vc_column_text]<\/p>\n<h2><span style=\"font-size: 16px;\"><strong>ENTREGA<\/strong><\/span><\/h2>\n<p>[\/vc_column_text][vc_column_text]<\/p>\n<p style=\"text-align: left;\">Los costes de env\u00edo libres incluyen la entrega en la direcci\u00f3n indicada, y se incluye un sobre para la devoluci\u00f3n de la tarjeta SIM o Router.<\/p>\n<p style=\"text-align: left;\">Cuando usted realiza un pedido a trav\u00e9s de nuestra p\u00e1gina web, se le pedir\u00e1 que proporcione una direcci\u00f3n portuguesa a la que desea recibir el producto, as\u00ed como la fecha de recogida. No somos responsables de los casos que no la recibe, aunque el producto ha sido entregado en el tiempo en la direcci\u00f3n correcta.<\/p>\n<p style=\"text-align: left;\">El equipo, junto con una gu\u00eda de usuario adjunta, ser\u00e1 entregado a la direcci\u00f3n que usted haya indicado antes de llegar a su destino. Cuando lo reciba, es su responsabilidad revisar todo el equipo y verificar que est\u00e1 en buenas condiciones de trabajo. Vamos a asumir los riesgos de p\u00e9rdida y da\u00f1o de la entrega del Equipo a la direcci\u00f3n que usted haya indicado, y seremos responsables por toda la expedici\u00f3n.<\/p>\n<p>[\/vc_column_text][vc_empty_space height=\u00bb20px\u00bb][vc_column_text]<\/p>\n<h2><span style=\"font-size: 16px;\"><strong>DEVOLUCI\u00d3N<\/strong><\/span><\/h2>\n<p>[\/vc_column_text][vc_column_text]Los dispositivos o tarjetas SIM deben ser devueltos utilizando el sobre prepagado adjunto.<\/p>\n<p style=\"text-align: left;\">Se requiere que el cliente devuelva el equipo nunca despu\u00e9s de la medianoche del \u00faltimo d\u00eda del per\u00edodo de alquiler y el paquete debe tener el sello postal en ese d\u00eda o al d\u00eda siguiente.<\/p>\n<p style=\"text-align: left;\">En caso de que el Cliente ha perdido el paquete que ofrecemos para el retorno, es responsabilidad del Cliente comprar uno nuevo y pagar los costes de devoluci\u00f3n. Si el Cliente deja el pa\u00eds en el que est\u00e1 utilizando el servicio sin devolver los art\u00edculos, es responsabilidad del Cliente pagar los portes de devoluci\u00f3n y las tasas de aduana, si procede.<\/p>\n<p style=\"text-align: left;\">Los art\u00edculos deben ser devueltos funcionando y en buen estado f\u00edsico. De lo contrario, el cliente debe realizar una indemnizaci\u00f3n.<\/p>\n<p>[\/vc_column_text][vc_empty_space height=\u00bb20px\u00bb][vc_column_text]<\/p>\n<h2><span style=\"font-size: 16px;\"><strong>TASA DE DEVOLUCI\u00d3N TARD\u00cdA<\/strong><\/span><\/h2>\n<p>[\/vc_column_text][vc_column_text]<\/p>\n<p>La no devoluci\u00f3n del equipo (incluyendo todos los accesorios) prontamente a nosotros implica el pagamento de tasas de devoluci\u00f3n tardia. En el caso de nosotros no recibirmos el equipo usted incurrir\u00e1 en una multa diaria hasta la fecha de la recepci\u00f3n del equipo. La tasa de penalizaci\u00f3n diaria se basa en la tasa de devoluci\u00f3n tard\u00eda de 5 \u20ac\/ d\u00eda. Si por alguna raz\u00f3n usted no puede devolver el equipo a nosotros, incluyendo, pero no limitado al Equipo que se perdi\u00f3 o robado durante el per\u00edodo de alquiler, entonces usted debe inmediatamente contactar con nosotros, para que no incurra en tasas tard\u00edas adicionales.<\/p>\n<p>[\/vc_column_text][vc_empty_space height=\u00bb20px\u00bb][vc_column_text]<\/p>\n<h2><span style=\"font-size: 16px;\"><strong>COSTES ADICIONALES<\/strong><\/span><\/h2>\n<p>[\/vc_column_text][vc_column_text]Dentro del periodo de alquiler o del n\u00famero de d\u00edas del plan que haya elegido, no habr\u00e1 ning\u00fan cargo extra por tr\u00e1fico de datos de internet.[\/vc_column_text][vc_empty_space height=\u00bb20px\u00bb][vc_column_text]<\/p>\n<h2><span style=\"font-size: 16px;\"><strong>P\u00c9RDIDA Y DA\u00d1O<\/strong><\/span><\/h2>\n<p>[\/vc_column_text][vc_column_text]El cliente es responsable de todas las p\u00e9rdidas o da\u00f1os en el equipo durante el per\u00edodo de alquiler. Se requiere que todos los clientes que informen de cualquier p\u00e9rdida o da\u00f1o causado durante el per\u00edodo de alquiler a la Compa\u00f1\u00eda de inmediato y seguir las instrucciones dadas despu\u00e9s.<\/p>\n<p style=\"text-align: left;\">Qualquer um desses casos tendr\u00e1 como resultado los siguientes encargos adicionais:<\/p>\n<p>Router Wifi port\u00e1til: 80\u20ac<\/p>\n<p>Tarjeta SIM: 10\u20ac<\/p>\n<p>Adaptador AC: 10\u20ac<\/p>\n<p>Cabo USB: 5\u20ac<\/p>\n<p>Bater\u00eda Adicional 10\u20ac<\/p>\n<p>Power Bank 10\u20ac<\/p>\n<p>Cargador de Coche 10\u20ac[\/vc_column_text][vc_empty_space height=\u00bb20px\u00bb][vc_column_text]<\/p>\n<h2><span style=\"font-size: 16px;\"><strong>CANCELACI\u00d3N Y REEMBOLSO<\/strong><\/span><\/h2>\n<p>[\/vc_column_text][vc_column_text]<\/p>\n<p style=\"text-align: left;\">La pol\u00edtica de reembolso de Portugal Internet es muy simple. No existe <strong> ning\u00fan riesgo para usted si usted no estuviera satisfecho<\/strong>.\u00a0Si algo va mal con nuestro servicio <strong>se reembolsar\u00e1 el monto total<\/strong>.<\/p>\n<p>Aceptamos la cancelaci\u00f3n de la orden en cualquier momento, y podemos hacer un reembolso completo. No obstante, el reembolso depende de la antelaci\u00f3n con la qual el cliente cancela la orden.<\/p>\n<p>En el caso del alquiler de un hotspot WiFi port\u00e1til y de una tarjeta SIM de datos, si el pedido se cancela antes del env\u00edo, haremos un reembolso completo. El env\u00edo se realiza de 3 a 5 d\u00edas laborables antes de la fecha de recogida. Esto significa que aplicamos las siguientes reglas:<\/p>\n<p>&#8211; A m\u00e1s de 1 semana antes de la fecha de recogida: Reembolso total.<\/p>\n<p>&#8211; Dentro de 5 a 3 d\u00edas laborables antes de la fecha de recogida: Reembolso total o no reembolsable, dependiendo de si el env\u00edo se hizo o no.<\/p>\n<p>&#8211; Menos de 3 d\u00edas laborables d\u00edas hasta la fecha de recogida: No reembolsable.<\/p>\n<p>En caso de compra de eSIM, si el pedido se cancela antes de la instalaci\u00f3n de la eSIM y el mismo d\u00eda de la compra, haremos un reembolso completo.<\/p>\n<p>En caso de que tenga que cancelar su pedido, por favor env\u00edenos un correo electr\u00f3nico con la informaci\u00f3n del pedido. Consideramos que el momento en que recibimos la solicitud de cancelaci\u00f3n por correo electr\u00f3nico como la fecha aceptable. Hora local, se aplica aqu\u00ed. El reembolso ser\u00e1 emitido dentro de 3 d\u00edas laborables a partir del d\u00eda que recibimos la solicitud de cancelaci\u00f3n por correo electr\u00f3nico.<\/p>\n<p>Tenga en cuenta que Portugal Internet no tiene una pol\u00edtica de compensaci\u00f3n. El monto m\u00e1ximo de reembolso que un Cliente puede recibir ser\u00e1 igual al monto total que el Cliente haya pagado.[\/vc_column_text][vc_empty_space height=\u00bb20px\u00bb][vc_column_text]<\/p>\n<h2><span style=\"font-size: 16px;\"><strong>PRIVACIDAD<\/strong><\/span><\/h2>\n<p>[\/vc_column_text][vc_column_text]<\/p>\n<p>No compartiremos sus datos con otras empresas o personas. Todos los datos facultados por nuestros clientes, s\u00f3lo ser\u00e1n utilizados por Portugal Internet en el servicio de alquiler o para informar al cliente sobre productos relacionados con las actividades de Portugal Internet.<\/p>\n<p>[\/vc_column_text][vc_empty_space height=\u00bb20px\u00bb][vc_column_text]<\/p>\n<h2><span style=\"font-size: 16px;\"><strong>LEY QUE RIGE<\/strong><\/span><\/h2>\n<p>[\/vc_column_text][vc_column_text]<\/p>\n<p>Estas Condiciones de Uso se rigen por la legislaci\u00f3n portuguesa y todas las disputas ser\u00e1n presentadas y llevadas a cabo de acuerdo el sistema jur\u00eddico portugu\u00e9s.<\/p>\n<p>[\/vc_column_text][vc_empty_space height=\u00bb60px\u00bb][\/vc_column][\/vc_row]<\/p>\n<p><\/p>","protected":false},"excerpt":{"rendered":"<p>[vc_row][vc_column][vc_column_text] T\u00c9RMINOS Y CONDICIONES DEL CONTRATO DE ALQUILER [\/vc_column_text][vc_column_text] Estos T\u00e9rminos y Condiciones del contrato de alquiler establece las condiciones del acuerdo entre usted (\u00abel Cliente\u00bb) y Portugal Internet (\u00abNosotros\u00bb o \u00abla Compa\u00f1\u00eda\u00bb) en lo que concierne a los servicios prestados por Portugal Internet. Por&#8230;<\/p>\n","protected":false},"author":1,"featured_media":0,"parent":0,"menu_order":8,"comment_status":"closed","ping_status":"closed","template":"","meta":{"_et_pb_use_builder":"","_et_pb_old_content":"","_et_gb_content_width":"","_monsterinsights_skip_tracking":false,"_monsterinsights_sitenote_active":false,"_monsterinsights_sitenote_note":"","_monsterinsights_sitenote_category":0},"yoast_head":"<!-- This site is optimized with the Yoast SEO plugin v19.13 - https:\/\/yoast.com\/wordpress\/plugins\/seo\/ -->\n<title>T\u00e9rminos y Condiciones - Portugal Internet<\/title>\n<meta name=\"robots\" content=\"index, follow, max-snippet:-1, max-image-preview:large, max-video-preview:-1\" \/>\n<link rel=\"canonical\" href=\"https:\/\/www.portugalinternet.com\/es\/terms-and-conditions\/\" \/>\n<meta property=\"og:locale\" content=\"es_ES\" \/>\n<meta property=\"og:type\" content=\"article\" \/>\n<meta property=\"og:title\" content=\"[:en]Terms and Conditions - Portugal Internet[:es]T\u00e9rminos y Condiciones - Portugal Internet[:fr]Termes et Conditions - Portugal Internet[:pt]Termos e Condi\u00e7\u00f5e - Portugal Internet[:br]Termos e Condi\u00e7\u00f5e - Portugal Internet[:]\" \/>\n<meta property=\"og:description\" content=\"[vc_row][vc_column][vc_column_text] T\u00c9RMINOS Y CONDICIONES DEL CONTRATO DE ALQUILER [\/vc_column_text][vc_column_text] Estos T\u00e9rminos y Condiciones del contrato de alquiler establece las condiciones del acuerdo entre usted (\u00abel Cliente\u00bb) y Portugal Internet (\u00abNosotros\u00bb o \u00abla Compa\u00f1\u00eda\u00bb) en lo que concierne a los servicios prestados por Portugal Internet. Por...\" \/>\n<meta property=\"og:url\" content=\"https:\/\/www.portugalinternet.com\/terms-and-conditions\/\" \/>\n<meta property=\"og:site_name\" content=\"Get Internet in Portugal - Internet for your travel\" \/>\n<meta property=\"article:publisher\" content=\"https:\/\/www.facebook.com\/portugalinternet\" \/>\n<meta property=\"article:modified_time\" content=\"2025-12-03T14:13:24+00:00\" \/>\n<meta name=\"twitter:card\" content=\"summary_large_image\" \/>\n<meta name=\"twitter:label1\" content=\"Est. reading time\" \/>\n\t<meta name=\"twitter:data1\" content=\"38 minutos\" \/>\n<script type=\"application\/ld+json\" class=\"yoast-schema-graph\">{\"@context\":\"https:\/\/schema.org\",\"@graph\":[{\"@type\":\"WebPage\",\"@id\":\"https:\/\/www.portugalinternet.com\/terms-and-conditions\/\",\"url\":\"https:\/\/www.portugalinternet.com\/terms-and-conditions\/\",\"name\":\"[:en]Terms and Conditions - Portugal Internet[:es]T\u00e9rminos y Condiciones - Portugal Internet[:fr]Termes et Conditions - Portugal Internet[:pt]Termos e Condi\u00e7\u00f5e - Portugal Internet[:br]Termos e Condi\u00e7\u00f5e - Portugal Internet[:]\",\"isPartOf\":{\"@id\":\"https:\/\/www.portugalinternet.com\/br\/#website\"},\"datePublished\":\"2015-12-28T20:58:34+00:00\",\"dateModified\":\"2025-12-03T14:13:24+00:00\",\"breadcrumb\":{\"@id\":\"https:\/\/www.portugalinternet.com\/terms-and-conditions\/#breadcrumb\"},\"inLanguage\":\"es\",\"potentialAction\":[{\"@type\":\"ReadAction\",\"target\":[\"https:\/\/www.portugalinternet.com\/terms-and-conditions\/\"]}]},{\"@type\":\"BreadcrumbList\",\"@id\":\"https:\/\/www.portugalinternet.com\/terms-and-conditions\/#breadcrumb\",\"itemListElement\":[{\"@type\":\"ListItem\",\"position\":1,\"name\":\"Home\",\"item\":\"https:\/\/www.portugalinternet.com\/\"},{\"@type\":\"ListItem\",\"position\":2,\"name\":\"Terms and Conditions\"}]},{\"@type\":\"WebSite\",\"@id\":\"https:\/\/www.portugalinternet.com\/br\/#website\",\"url\":\"https:\/\/www.portugalinternet.com\/br\/\",\"name\":\"Portugal Internet\",\"description\":\"If you want to access the Internet in Portugal during your trip, here&#039;s a low cost and convenient solution to get internet everywhere. Learn more.\",\"publisher\":{\"@id\":\"https:\/\/www.portugalinternet.com\/br\/#organization\"},\"potentialAction\":[{\"@type\":\"SearchAction\",\"target\":{\"@type\":\"EntryPoint\",\"urlTemplate\":\"https:\/\/www.portugalinternet.com\/br\/?s={search_term_string}\"},\"query-input\":\"required name=search_term_string\"}],\"inLanguage\":\"es\"},{\"@type\":\"Organization\",\"@id\":\"https:\/\/www.portugalinternet.com\/br\/#organization\",\"name\":\"Portugal Internet\",\"url\":\"https:\/\/www.portugalinternet.com\/br\/\",\"logo\":{\"@type\":\"ImageObject\",\"inLanguage\":\"es\",\"@id\":\"https:\/\/www.portugalinternet.com\/br\/#\/schema\/logo\/image\/\",\"url\":\"https:\/\/www.portugalinternet.com\/app\/uploads\/main_logo_100_final.png\",\"contentUrl\":\"https:\/\/www.portugalinternet.com\/app\/uploads\/main_logo_100_final.png\",\"width\":166,\"height\":58,\"caption\":\"Portugal Internet\"},\"image\":{\"@id\":\"https:\/\/www.portugalinternet.com\/br\/#\/schema\/logo\/image\/\"},\"sameAs\":[\"https:\/\/www.instagram.com\/portugalinternet\/\",\"https:\/\/www.facebook.com\/portugalinternet\"]}]}<\/script>\n<!-- \/ Yoast SEO plugin. -->","yoast_head_json":{"title":"[:en]Terms and Conditions - Portugal Internet[:es]T\u00e9rminos y Condiciones - Portugal Internet[:fr]Termes et Conditions - Portugal Internet[:pt]Termos e Condi\u00e7\u00f5e - Portugal Internet[:br]Termos e Condi\u00e7\u00f5e - Portugal Internet[:]","robots":{"index":"index","follow":"follow","max-snippet":"max-snippet:-1","max-image-preview":"max-image-preview:large","max-video-preview":"max-video-preview:-1"},"canonical":"https:\/\/www.portugalinternet.com\/es\/terms-and-conditions\/","og_locale":"es_ES","og_type":"article","og_title":"[:en]Terms and Conditions - Portugal Internet[:es]T\u00e9rminos y Condiciones - Portugal Internet[:fr]Termes et Conditions - Portugal Internet[:pt]Termos e Condi\u00e7\u00f5e - Portugal Internet[:br]Termos e Condi\u00e7\u00f5e - Portugal Internet[:]","og_description":"[vc_row][vc_column][vc_column_text] T\u00c9RMINOS Y CONDICIONES DEL CONTRATO DE ALQUILER [\/vc_column_text][vc_column_text] Estos T\u00e9rminos y Condiciones del contrato de alquiler establece las condiciones del acuerdo entre usted (\u00abel Cliente\u00bb) y Portugal Internet (\u00abNosotros\u00bb o \u00abla Compa\u00f1\u00eda\u00bb) en lo que concierne a los servicios prestados por Portugal Internet. Por...","og_url":"https:\/\/www.portugalinternet.com\/terms-and-conditions\/","og_site_name":"Get Internet in Portugal - Internet for your travel","article_publisher":"https:\/\/www.facebook.com\/portugalinternet","article_modified_time":"2025-12-03T14:13:24+00:00","twitter_card":"summary_large_image","twitter_misc":{"Est. reading time":"38 minutos"},"schema":{"@context":"https:\/\/schema.org","@graph":[{"@type":"WebPage","@id":"https:\/\/www.portugalinternet.com\/terms-and-conditions\/","url":"https:\/\/www.portugalinternet.com\/terms-and-conditions\/","name":"[:en]Terms and Conditions - Portugal Internet[:es]T\u00e9rminos y Condiciones - Portugal Internet[:fr]Termes et Conditions - Portugal Internet[:pt]Termos e Condi\u00e7\u00f5e - Portugal Internet[:br]Termos e Condi\u00e7\u00f5e - Portugal Internet[:]","isPartOf":{"@id":"https:\/\/www.portugalinternet.com\/br\/#website"},"datePublished":"2015-12-28T20:58:34+00:00","dateModified":"2025-12-03T14:13:24+00:00","breadcrumb":{"@id":"https:\/\/www.portugalinternet.com\/terms-and-conditions\/#breadcrumb"},"inLanguage":"es","potentialAction":[{"@type":"ReadAction","target":["https:\/\/www.portugalinternet.com\/terms-and-conditions\/"]}]},{"@type":"BreadcrumbList","@id":"https:\/\/www.portugalinternet.com\/terms-and-conditions\/#breadcrumb","itemListElement":[{"@type":"ListItem","position":1,"name":"Home","item":"https:\/\/www.portugalinternet.com\/"},{"@type":"ListItem","position":2,"name":"Terms and Conditions"}]},{"@type":"WebSite","@id":"https:\/\/www.portugalinternet.com\/br\/#website","url":"https:\/\/www.portugalinternet.com\/br\/","name":"Portugal Internet","description":"If you want to access the Internet in Portugal during your trip, here&#039;s a low cost and convenient solution to get internet everywhere. Learn more.","publisher":{"@id":"https:\/\/www.portugalinternet.com\/br\/#organization"},"potentialAction":[{"@type":"SearchAction","target":{"@type":"EntryPoint","urlTemplate":"https:\/\/www.portugalinternet.com\/br\/?s={search_term_string}"},"query-input":"required name=search_term_string"}],"inLanguage":"es"},{"@type":"Organization","@id":"https:\/\/www.portugalinternet.com\/br\/#organization","name":"Portugal Internet","url":"https:\/\/www.portugalinternet.com\/br\/","logo":{"@type":"ImageObject","inLanguage":"es","@id":"https:\/\/www.portugalinternet.com\/br\/#\/schema\/logo\/image\/","url":"https:\/\/www.portugalinternet.com\/app\/uploads\/main_logo_100_final.png","contentUrl":"https:\/\/www.portugalinternet.com\/app\/uploads\/main_logo_100_final.png","width":166,"height":58,"caption":"Portugal Internet"},"image":{"@id":"https:\/\/www.portugalinternet.com\/br\/#\/schema\/logo\/image\/"},"sameAs":["https:\/\/www.instagram.com\/portugalinternet\/","https:\/\/www.facebook.com\/portugalinternet"]}]}},"_links":{"self":[{"href":"https:\/\/www.portugalinternet.com\/es\/wp-json\/wp\/v2\/pages\/22179"}],"collection":[{"href":"https:\/\/www.portugalinternet.com\/es\/wp-json\/wp\/v2\/pages"}],"about":[{"href":"https:\/\/www.portugalinternet.com\/es\/wp-json\/wp\/v2\/types\/page"}],"author":[{"embeddable":true,"href":"https:\/\/www.portugalinternet.com\/es\/wp-json\/wp\/v2\/users\/1"}],"replies":[{"embeddable":true,"href":"https:\/\/www.portugalinternet.com\/es\/wp-json\/wp\/v2\/comments?post=22179"}],"version-history":[{"count":79,"href":"https:\/\/www.portugalinternet.com\/es\/wp-json\/wp\/v2\/pages\/22179\/revisions"}],"predecessor-version":[{"id":27118,"href":"https:\/\/www.portugalinternet.com\/es\/wp-json\/wp\/v2\/pages\/22179\/revisions\/27118"}],"wp:attachment":[{"href":"https:\/\/www.portugalinternet.com\/es\/wp-json\/wp\/v2\/media?parent=22179"}],"curies":[{"name":"wp","href":"https:\/\/api.w.org\/{rel}","templated":true}]}}