{"id":22159,"date":"2015-12-28T15:53:44","date_gmt":"2015-12-28T15:53:44","guid":{"rendered":"http:\/\/www.portugalinternet.com\/?page_id=22159"},"modified":"2024-11-01T12:32:33","modified_gmt":"2024-11-01T12:32:33","slug":"about-us","status":"publish","type":"page","link":"https:\/\/www.portugalinternet.com\/es\/about-us\/","title":{"rendered":"Sobre nosotros"},"content":{"rendered":"<p>[vc_row type=\u00bbgrid\u00bb background_color=\u00bb#ffffff\u00bb border_color=\u00bb#ffffff\u00bb padding_top=\u00bb30&#8243; css=\u00bb.vc_custom_1452651418494{background-color: #ffffff !important;}\u00bb][vc_column][vc_column_text css=\u00bb.vc_custom_1726251203775{margin-bottom: 20px !important;}\u00bb]<\/p>\n<h1 style=\"text-align: left;\">Sobre nosotros<\/h1>\n<p>[\/vc_column_text][vc_empty_space][\/vc_column][\/vc_row][vc_row type=\u00bbgrid\u00bb background_color=\u00bb#ffffff\u00bb border_color=\u00bb#ffffff\u00bb padding_top=\u00bb30&#8243; css=\u00bb.vc_custom_1452651418494{background-color: #ffffff !important;}\u00bb][vc_column][vc_text_separator title=\u00bbNuestro objetivo\u00bb background_color=\u00bb#ffffff\u00bb][vc_empty_space][vc_column_text css=\u00bb.vc_custom_1689142953140{margin-bottom: 20px !important;}\u00bb]<\/p>\n<p style=\"text-align: left;\">Nuestro objetivo es proporcionar el acceso a internet en cualquier momento y en cualquier lugar para todos los que visitan Portugal y los pa\u00edses del Espacio Econ\u00f3mico Europeo.<\/p>\n<p style=\"text-align: right;\"><span style=\"color: #ffffff;\">.<\/span><\/p>\n<p style=\"text-align: left;\">Podr\u00e1 disfrutar de un acceso c\u00f3modo y despreocupado a internet durante su viaje, para que pueda estar conectado con su hogar y compartir las experiencias de su viaje.<\/p>\n<p style=\"text-align: right;\"><span style=\"color: #ffffff;\">.<\/span><\/p>\n<p style=\"text-align: left;\">Ofrecemos todo esto a un precio muy razonable, por lo que puede evitar las costosas tarifas de itinerancia de su operador m\u00f3vil, y las malas sorpresas en su factura de tel\u00e9fono, cuando regrese a casa.<\/p>\n<p style=\"text-align: left;\">Nuestros precios son simples, todo incluido, y sin cuotas escondidas &#8211; Esa es nuestra promesa.<\/p>\n<p>[\/vc_column_text][vc_empty_space][\/vc_column][\/vc_row][vc_row type=\u00bbgrid\u00bb background_color=\u00bb#ffffff\u00bb border_color=\u00bb#ffffff\u00bb padding_top=\u00bb30&#8243; css=\u00bb.vc_custom_1452651418494{background-color: #ffffff !important;}\u00bb][vc_column][vc_text_separator title=\u00bbQui\u00e9nes somos\u00bb background_color=\u00bb#ffffff\u00bb][vc_empty_space][vc_column_text]Portugal Internet ha estado proporcionando conectividad a internet a turistas y viajeros de todo el mundo durante m\u00e1s de 10 a\u00f1os.<\/p>\n<p>A nuestros clientes les encanta nuestro servicio y constantemente nos otorgan rese\u00f1as de 5 estrellas, algo poco com\u00fan en la industria de las telecomunicaciones.<\/p>\n<p>&nbsp;<\/p>\n<p>&nbsp;<\/p>\n<p>Tenemos m\u00e1s de <strong>2.000<\/strong> rese\u00f1as de <strong>5 estrellas<\/strong> en Google y Facebook, lo que es un claro testimonio de cu\u00e1nto nuestros clientes adoran nuestro servicio.<\/p>\n<p><a href=\"https:\/\/maps.app.goo.gl\/qiQbEsrdAceYmrE28\">4.9 estrellas en rese\u00f1as de Google<\/a><\/p>\n<p><a href=\"https:\/\/www.facebook.com\/portugalinternet\/\">4.8 estrellas en rese\u00f1as de Facebook<\/a><\/p>\n<p><a href=\"https:\/\/www.trustpilot.com\/review\/www.portugalinternet.com\">4.2 estrellas en rese\u00f1as de Trustpilot<\/a><\/p>\n<p>Tambi\u00e9n proporcionamos conectividad en cualquier pa\u00eds del mundo a trav\u00e9s de eSIM en nuestro sitio <a href=\"http:\/\/www.esimpass.com\">eSIMpass.com<\/a>.[\/vc_column_text][vc_empty_space][\/vc_column][\/vc_row][vc_row type=\u00bbgrid\u00bb background_color=\u00bb#ffffff\u00bb padding_bottom=\u00bb50&#8243; css=\u00bb.vc_custom_1452650735210{padding-top: 15px !important;}\u00bb][vc_column][vc_text_separator title=\u00bbDonde estamos\u00bb][vc_empty_space][vc_gmaps link=\u00bb#E-8_JTNDaWZyYW1lJTIwc3JjJTNEJTIyaHR0cHMlM0ElMkYlMkZ3d3cuZ29vZ2xlLmNvbSUyRm1hcHMlMkZlbWJlZCUzRnBiJTNEJTIxMW0xOCUyMTFtMTIlMjExbTMlMjExZDY1MDkxMDUuMzgzMTkwNTA1JTIxMmQtMjMuMjMzMzYyMjY4MTY0MDgzJTIxM2QzNy4xOTM3MTgyMjYzNDYxODUlMjEybTMlMjExZjAlMjEyZjAlMjEzZjAlMjEzbTIlMjExaTEwMjQlMjEyaTc2OCUyMTRmMTMuMSUyMTNtMyUyMTFtMiUyMTFzMHhkMjQ2NDVlYTViYjc1MWIlMjUzQTB4NTI4N2VhMTljOTg2ODFhZSUyMTJzUG9ydHVnYWwlMjUyMEludGVybmV0JTIxNWUwJTIxM20yJTIxMXNlbiUyMTJzcHQlMjE0djE1ODAzMjAyOTI2NDclMjE1bTIlMjExc2VuJTIxMnNwdCUyMiUyMHdpZHRoJTNEJTIyNjAwJTIyJTIwaGVpZ2h0JTNEJTIyNDAwJTIyJTIwZnJhbWVib3JkZXIlM0QlMjIwJTIyJTIwc3R5bGUlM0QlMjJib3JkZXIlM0EwJTNCJTIyJTIwYWxsb3dmdWxsc2NyZWVuJTNEJTIyJTIyJTNFJTNDJTJGaWZyYW1lJTNF\u00bb size=\u00bb400&#8243;][vc_empty_space][\/vc_column][\/vc_row][vc_row type=\u00bbgrid\u00bb background_color=\u00bb#ffffff\u00bb border_color=\u00bb#ffffff\u00bb padding_bottom=\u00bb50&#8243; css=\u00bb.vc_custom_1452650746630{padding-top: 15px !important;}\u00bb][vc_column][vc_text_separator title=\u00bbCont\u00e1ctenos\u00bb][vc_empty_space][vc_column_text]<\/p>\n<p style=\"text-align: left;\">En Portugal Internet creemos que cualquier negocio en l\u00ednea debe ser transparente y abierto como cualquier tienda f\u00edsica. En esta p\u00e1gina puede encontrar informaci\u00f3n sobre la empresa y las personas que est\u00e1n detr\u00e1s de Portugal Internet. \u00bfTiene usted alguna pregunta? \u00a1Entre en contacto! Ll\u00e1menos, env\u00edenos un correo electr\u00f3nico o haga una publicaci\u00f3n en nuestras redes sociales.<\/p>\n<p>[\/vc_column_text][vc_empty_space height=\u00bb20px\u00bb][vc_column_text]<\/p>\n<p style=\"text-align: left;\"><strong>Correo electr\u00f3nico:<\/strong> <a href=\"mailto:help@portugalinternet.com\">help@portugalinternet.com<\/a><\/p>\n<p style=\"text-align: left;\"><strong>Tel\u00e9fono:<\/strong> +351 220 135 448<\/p>\n<p style=\"text-align: left;\"><strong>Tel\u00e9fono:<\/strong>\u00a0+351 934 671 341 (WhatsApp)<\/p>\n<p style=\"text-align: left;\">Facebook: <a href=\"https:\/\/www.facebook.com\/portugalinternet\">https:\/\/www.facebook.com\/portugalinternet<\/a><\/p>\n<p style=\"text-align: left;\">Youtube: <a href=\"https:\/\/www.youtube.com\/channel\/UCzjLSwSLzdm-J3n79rmuzaw\">https:\/\/www.youtube.com\/portugalinternet<\/a><\/p>\n<p style=\"text-align: left;\">Instagram: <a href=\"https:\/\/www.instagram.com\/portugalinternet\/\">https:\/\/www.instagram.com\/portugalinternet\/<\/a><\/p>\n<p style=\"text-align: left;\">Direcci\u00f3n:\u00a0Rua Jose Maria Carvalho Ramos Lt 390B<\/p>\n<p style=\"text-align: left;\">\u00a0 \u00a0 \u00a0 \u00a0 \u00a0 \u00a0 \u00a0 \u00a0 \u00a0 \u00a0 4470-407 Maia, Portugal<\/p>\n<p>[\/vc_column_text][vc_empty_space height=\u00bb20px\u00bb][\/vc_column][\/vc_row]<\/p>","protected":false},"excerpt":{"rendered":"<p>[vc_row type=\u00bbgrid\u00bb background_color=\u00bb#ffffff\u00bb border_color=\u00bb#ffffff\u00bb padding_top=\u00bb30&#8243; css=\u00bb.vc_custom_1452651418494{background-color: #ffffff !important;}\u00bb][vc_column][vc_column_text css=\u00bb.vc_custom_1726251203775{margin-bottom: 20px !important;}\u00bb] Sobre nosotros [\/vc_column_text][vc_empty_space][\/vc_column][\/vc_row][vc_row type=\u00bbgrid\u00bb background_color=\u00bb#ffffff\u00bb border_color=\u00bb#ffffff\u00bb padding_top=\u00bb30&#8243; css=\u00bb.vc_custom_1452651418494{background-color: #ffffff !important;}\u00bb][vc_column][vc_text_separator title=\u00bbNuestro objetivo\u00bb background_color=\u00bb#ffffff\u00bb][vc_empty_space][vc_column_text css=\u00bb.vc_custom_1689142953140{margin-bottom: 20px !important;}\u00bb] Nuestro objetivo es proporcionar el acceso a internet en cualquier momento y en cualquier lugar para todos los&#8230;<\/p>\n","protected":false},"author":1,"featured_media":0,"parent":0,"menu_order":7,"comment_status":"closed","ping_status":"closed","template":"full_width.php","meta":{"_et_pb_use_builder":"","_et_pb_old_content":"","_et_gb_content_width":"","_monsterinsights_skip_tracking":false,"_monsterinsights_sitenote_active":false,"_monsterinsights_sitenote_note":"","_monsterinsights_sitenote_category":0},"yoast_head":"<!-- This site is optimized with the Yoast SEO plugin v19.13 - https:\/\/yoast.com\/wordpress\/plugins\/seo\/ -->\n<title>Portugal Internet - Sobre nosotros y Opiniones<\/title>\n<meta name=\"robots\" content=\"index, follow, max-snippet:-1, max-image-preview:large, max-video-preview:-1\" \/>\n<link rel=\"canonical\" href=\"https:\/\/www.portugalinternet.com\/es\/about-us\/\" \/>\n<meta property=\"og:locale\" content=\"es_ES\" \/>\n<meta property=\"og:type\" content=\"article\" \/>\n<meta property=\"og:title\" content=\"[:en]Portugal Internet - About us and Reviews[:es]Portugal Internet - Sobre nosotros y Opiniones[:fr]Portugal Internet - \u00c0 propos et Avis[:pt]Portugal Internet - Sobre n\u00f3s e Avalia\u00e7\u00f5es[:br]Portugal Internet - Sobre n\u00f3s e Avalia\u00e7\u00f5es[:]\" \/>\n<meta property=\"og:description\" content=\"[vc_row type=\u00bbgrid\u00bb background_color=\u00bb#ffffff\u00bb border_color=\u00bb#ffffff\u00bb padding_top=\u00bb30&#8243; css=\u00bb.vc_custom_1452651418494{background-color: #ffffff !important;}\u00bb][vc_column][vc_column_text css=\u00bb.vc_custom_1726251203775{margin-bottom: 20px !important;}\u00bb] Sobre nosotros [\/vc_column_text][vc_empty_space][\/vc_column][\/vc_row][vc_row type=\u00bbgrid\u00bb background_color=\u00bb#ffffff\u00bb border_color=\u00bb#ffffff\u00bb padding_top=\u00bb30&#8243; css=\u00bb.vc_custom_1452651418494{background-color: #ffffff !important;}\u00bb][vc_column][vc_text_separator title=\u00bbNuestro objetivo\u00bb background_color=\u00bb#ffffff\u00bb][vc_empty_space][vc_column_text css=\u00bb.vc_custom_1689142953140{margin-bottom: 20px !important;}\u00bb] Nuestro objetivo es proporcionar el acceso a internet en cualquier momento y en cualquier lugar para todos los...\" \/>\n<meta property=\"og:url\" content=\"https:\/\/www.portugalinternet.com\/about-us\/\" \/>\n<meta property=\"og:site_name\" content=\"Get Internet in Portugal - Internet for your travel\" \/>\n<meta property=\"article:publisher\" content=\"https:\/\/www.facebook.com\/portugalinternet\" \/>\n<meta property=\"article:modified_time\" content=\"2024-11-01T12:32:33+00:00\" \/>\n<meta name=\"twitter:card\" content=\"summary_large_image\" \/>\n<meta name=\"twitter:label1\" content=\"Est. reading time\" \/>\n\t<meta name=\"twitter:data1\" content=\"2 minutos\" \/>\n<script type=\"application\/ld+json\" class=\"yoast-schema-graph\">{\"@context\":\"https:\/\/schema.org\",\"@graph\":[{\"@type\":\"WebPage\",\"@id\":\"https:\/\/www.portugalinternet.com\/about-us\/\",\"url\":\"https:\/\/www.portugalinternet.com\/about-us\/\",\"name\":\"[:en]Portugal Internet - About us and Reviews[:es]Portugal Internet - Sobre nosotros y Opiniones[:fr]Portugal Internet - \u00c0 propos et Avis[:pt]Portugal Internet - Sobre n\u00f3s e Avalia\u00e7\u00f5es[:br]Portugal Internet - Sobre n\u00f3s e Avalia\u00e7\u00f5es[:]\",\"isPartOf\":{\"@id\":\"https:\/\/www.portugalinternet.com\/br\/#website\"},\"datePublished\":\"2015-12-28T15:53:44+00:00\",\"dateModified\":\"2024-11-01T12:32:33+00:00\",\"breadcrumb\":{\"@id\":\"https:\/\/www.portugalinternet.com\/about-us\/#breadcrumb\"},\"inLanguage\":\"es\",\"potentialAction\":[{\"@type\":\"ReadAction\",\"target\":[\"https:\/\/www.portugalinternet.com\/about-us\/\"]}]},{\"@type\":\"BreadcrumbList\",\"@id\":\"https:\/\/www.portugalinternet.com\/about-us\/#breadcrumb\",\"itemListElement\":[{\"@type\":\"ListItem\",\"position\":1,\"name\":\"Home\",\"item\":\"https:\/\/www.portugalinternet.com\/\"},{\"@type\":\"ListItem\",\"position\":2,\"name\":\"About Us\"}]},{\"@type\":\"WebSite\",\"@id\":\"https:\/\/www.portugalinternet.com\/br\/#website\",\"url\":\"https:\/\/www.portugalinternet.com\/br\/\",\"name\":\"Portugal Internet\",\"description\":\"If you want to access the Internet in Portugal during your trip, here&#039;s a low cost and convenient solution to get internet everywhere. Learn more.\",\"publisher\":{\"@id\":\"https:\/\/www.portugalinternet.com\/br\/#organization\"},\"potentialAction\":[{\"@type\":\"SearchAction\",\"target\":{\"@type\":\"EntryPoint\",\"urlTemplate\":\"https:\/\/www.portugalinternet.com\/br\/?s={search_term_string}\"},\"query-input\":\"required name=search_term_string\"}],\"inLanguage\":\"es\"},{\"@type\":\"Organization\",\"@id\":\"https:\/\/www.portugalinternet.com\/br\/#organization\",\"name\":\"Portugal Internet\",\"url\":\"https:\/\/www.portugalinternet.com\/br\/\",\"logo\":{\"@type\":\"ImageObject\",\"inLanguage\":\"es\",\"@id\":\"https:\/\/www.portugalinternet.com\/br\/#\/schema\/logo\/image\/\",\"url\":\"https:\/\/www.portugalinternet.com\/app\/uploads\/main_logo_100_final.png\",\"contentUrl\":\"https:\/\/www.portugalinternet.com\/app\/uploads\/main_logo_100_final.png\",\"width\":166,\"height\":58,\"caption\":\"Portugal Internet\"},\"image\":{\"@id\":\"https:\/\/www.portugalinternet.com\/br\/#\/schema\/logo\/image\/\"},\"sameAs\":[\"https:\/\/www.instagram.com\/portugalinternet\/\",\"https:\/\/www.facebook.com\/portugalinternet\"]}]}<\/script>\n<!-- \/ Yoast SEO plugin. -->","yoast_head_json":{"title":"[:en]Portugal Internet - About us and Reviews[:es]Portugal Internet - Sobre nosotros y Opiniones[:fr]Portugal Internet - \u00c0 propos et Avis[:pt]Portugal Internet - Sobre n\u00f3s e Avalia\u00e7\u00f5es[:br]Portugal Internet - Sobre n\u00f3s e Avalia\u00e7\u00f5es[:]","robots":{"index":"index","follow":"follow","max-snippet":"max-snippet:-1","max-image-preview":"max-image-preview:large","max-video-preview":"max-video-preview:-1"},"canonical":"https:\/\/www.portugalinternet.com\/es\/about-us\/","og_locale":"es_ES","og_type":"article","og_title":"[:en]Portugal Internet - About us and Reviews[:es]Portugal Internet - Sobre nosotros y Opiniones[:fr]Portugal Internet - \u00c0 propos et Avis[:pt]Portugal Internet - Sobre n\u00f3s e Avalia\u00e7\u00f5es[:br]Portugal Internet - Sobre n\u00f3s e Avalia\u00e7\u00f5es[:]","og_description":"[vc_row type=\u00bbgrid\u00bb background_color=\u00bb#ffffff\u00bb border_color=\u00bb#ffffff\u00bb padding_top=\u00bb30&#8243; css=\u00bb.vc_custom_1452651418494{background-color: #ffffff !important;}\u00bb][vc_column][vc_column_text css=\u00bb.vc_custom_1726251203775{margin-bottom: 20px !important;}\u00bb] Sobre nosotros [\/vc_column_text][vc_empty_space][\/vc_column][\/vc_row][vc_row type=\u00bbgrid\u00bb background_color=\u00bb#ffffff\u00bb border_color=\u00bb#ffffff\u00bb padding_top=\u00bb30&#8243; css=\u00bb.vc_custom_1452651418494{background-color: #ffffff !important;}\u00bb][vc_column][vc_text_separator title=\u00bbNuestro objetivo\u00bb background_color=\u00bb#ffffff\u00bb][vc_empty_space][vc_column_text css=\u00bb.vc_custom_1689142953140{margin-bottom: 20px !important;}\u00bb] Nuestro objetivo es proporcionar el acceso a internet en cualquier momento y en cualquier lugar para todos los...","og_url":"https:\/\/www.portugalinternet.com\/about-us\/","og_site_name":"Get Internet in Portugal - Internet for your travel","article_publisher":"https:\/\/www.facebook.com\/portugalinternet","article_modified_time":"2024-11-01T12:32:33+00:00","twitter_card":"summary_large_image","twitter_misc":{"Est. reading time":"2 minutos"},"schema":{"@context":"https:\/\/schema.org","@graph":[{"@type":"WebPage","@id":"https:\/\/www.portugalinternet.com\/about-us\/","url":"https:\/\/www.portugalinternet.com\/about-us\/","name":"[:en]Portugal Internet - About us and Reviews[:es]Portugal Internet - Sobre nosotros y Opiniones[:fr]Portugal Internet - \u00c0 propos et Avis[:pt]Portugal Internet - Sobre n\u00f3s e Avalia\u00e7\u00f5es[:br]Portugal Internet - Sobre n\u00f3s e Avalia\u00e7\u00f5es[:]","isPartOf":{"@id":"https:\/\/www.portugalinternet.com\/br\/#website"},"datePublished":"2015-12-28T15:53:44+00:00","dateModified":"2024-11-01T12:32:33+00:00","breadcrumb":{"@id":"https:\/\/www.portugalinternet.com\/about-us\/#breadcrumb"},"inLanguage":"es","potentialAction":[{"@type":"ReadAction","target":["https:\/\/www.portugalinternet.com\/about-us\/"]}]},{"@type":"BreadcrumbList","@id":"https:\/\/www.portugalinternet.com\/about-us\/#breadcrumb","itemListElement":[{"@type":"ListItem","position":1,"name":"Home","item":"https:\/\/www.portugalinternet.com\/"},{"@type":"ListItem","position":2,"name":"About Us"}]},{"@type":"WebSite","@id":"https:\/\/www.portugalinternet.com\/br\/#website","url":"https:\/\/www.portugalinternet.com\/br\/","name":"Portugal Internet","description":"If you want to access the Internet in Portugal during your trip, here&#039;s a low cost and convenient solution to get internet everywhere. Learn more.","publisher":{"@id":"https:\/\/www.portugalinternet.com\/br\/#organization"},"potentialAction":[{"@type":"SearchAction","target":{"@type":"EntryPoint","urlTemplate":"https:\/\/www.portugalinternet.com\/br\/?s={search_term_string}"},"query-input":"required name=search_term_string"}],"inLanguage":"es"},{"@type":"Organization","@id":"https:\/\/www.portugalinternet.com\/br\/#organization","name":"Portugal Internet","url":"https:\/\/www.portugalinternet.com\/br\/","logo":{"@type":"ImageObject","inLanguage":"es","@id":"https:\/\/www.portugalinternet.com\/br\/#\/schema\/logo\/image\/","url":"https:\/\/www.portugalinternet.com\/app\/uploads\/main_logo_100_final.png","contentUrl":"https:\/\/www.portugalinternet.com\/app\/uploads\/main_logo_100_final.png","width":166,"height":58,"caption":"Portugal Internet"},"image":{"@id":"https:\/\/www.portugalinternet.com\/br\/#\/schema\/logo\/image\/"},"sameAs":["https:\/\/www.instagram.com\/portugalinternet\/","https:\/\/www.facebook.com\/portugalinternet"]}]}},"_links":{"self":[{"href":"https:\/\/www.portugalinternet.com\/es\/wp-json\/wp\/v2\/pages\/22159"}],"collection":[{"href":"https:\/\/www.portugalinternet.com\/es\/wp-json\/wp\/v2\/pages"}],"about":[{"href":"https:\/\/www.portugalinternet.com\/es\/wp-json\/wp\/v2\/types\/page"}],"author":[{"embeddable":true,"href":"https:\/\/www.portugalinternet.com\/es\/wp-json\/wp\/v2\/users\/1"}],"replies":[{"embeddable":true,"href":"https:\/\/www.portugalinternet.com\/es\/wp-json\/wp\/v2\/comments?post=22159"}],"version-history":[{"count":93,"href":"https:\/\/www.portugalinternet.com\/es\/wp-json\/wp\/v2\/pages\/22159\/revisions"}],"predecessor-version":[{"id":24917,"href":"https:\/\/www.portugalinternet.com\/es\/wp-json\/wp\/v2\/pages\/22159\/revisions\/24917"}],"wp:attachment":[{"href":"https:\/\/www.portugalinternet.com\/es\/wp-json\/wp\/v2\/media?parent=22159"}],"curies":[{"name":"wp","href":"https:\/\/api.w.org\/{rel}","templated":true}]}}