{"id":21736,"date":"2015-09-05T15:41:48","date_gmt":"2015-09-05T15:41:48","guid":{"rendered":"http:\/\/www.portugalinternet.com\/?page_id=21736"},"modified":"2025-10-31T09:55:08","modified_gmt":"2025-10-31T09:55:08","slug":"airport-pickup","status":"publish","type":"page","link":"https:\/\/www.portugalinternet.com\/es\/pickup-return-wifi-rent-data-sim\/airport-pickup\/","title":{"rendered":"Recogida en el Aeropuerto"},"content":{"rendered":"<p>[vc_row type=\u00bbgrid\u00bb background_color=\u00bb#ffffff\u00bb padding_top=\u00bb160&#8243; padding_bottom=\u00bb50&#8243;][vc_column][vc_column_text]<\/p>\n<h1>RECOGIDA EN EL AEROPUERTO<\/h1>\n<p>Nuestros art\u00edculos pueden ser enviados a donde se quedar\u00e1 alojado, en cualquier lugar en Portugal (en un hotel o una residencia), o puede recogerlo en la oficina de correos del aeropuerto a su llegada.[\/vc_column_text][\/vc_column][\/vc_row][vc_row type=\u00bbgrid\u00bb background_color=\u00bb#ffffff\u00bb padding_top=\u00bb20&#8243; padding_bottom=\u00bb40&#8243;][vc_column][vc_column_text]<\/p>\n<h3>D\u00f3nde y cu\u00e1ndo recoger en el aeropuerto<\/h3>\n<p style=\"text-align: left;\">Para recibir su hotspot o tarjeta SIM, s\u00f3lo ha de mencionar que va a recoger un paquete dirigido a usted, mostrar cualquier identificaci\u00f3n e indicar el c\u00f3digo de rastreo de su pedido. Aseg\u00farese de que utiliza el mismo nombre al hacer el pedido.<span style=\"color: #ffffff;\">.<\/span><\/p>\n<p style=\"text-align: left;\"><span style=\"color: #ffffff;\">n<\/span><\/p>\n<p style=\"text-align: left;\">Recoger\u00e1 su paquete en los siguientes puntos de recogida:<\/p>\n<p>[\/vc_column_text][\/vc_column][\/vc_row][vc_row type=\u00bbgrid\u00bb background_color=\u00bb#ffffff\u00bb padding_bottom=\u00bb30&#8243;][vc_column][vc_separator border_style=\u00bbsolid\u00bb][vc_column_text]<\/p>\n<h5><span style=\"color: #ff9900;\"><strong>Aeropuerto de Faro (<\/strong><\/span><span style=\"color: #ff9900;\"><strong>EN EL EXTERIOR DEL AEROPUERTO<\/strong><\/span><span style=\"color: #ff9900;\"><strong>)<\/strong><\/span><\/h5>\n<p>[\/vc_column_text][vc_row_inner padding_top=\u00bb25&#8243;][vc_column_inner width=\u00bb1\/4&#8243;][vc_column_text]<\/p>\n<p><strong>Punto de recogida:<\/strong><\/p>\n<p>[\/vc_column_text][vc_empty_space height=\u00bb20px\u00bb][vc_column_text]<\/p>\n<p style=\"text-align: center;\">Empresa de Alquiler de Coches<\/p>\n<p>[\/vc_column_text][vc_single_image image=\u00bb26175&#8243; img_size=\u00bb80&#215;80&#8243; alignment=\u00bbcenter\u00bb][vc_empty_space height=\u00bb20px\u00bb][\/vc_column_inner][vc_column_inner width=\u00bb3\/4&#8243;][vc_column_text]<strong>Horario de Apertura:<\/strong><br \/>\n9:00 &#8211; 13:00 , 14:30 &#8211; 19:00 Cada D\u00eda[\/vc_column_text][vc_empty_space height=\u00bb16px\u00bb][vc_column_text]<strong>Ubicaci\u00f3n fuera del aeropuerto:<\/strong><br \/>\nDirecci\u00f3n: Rua Samuel Ga\u00e7on, Faro (distancia del aeropuerto: 5 minutos a pie)[\/vc_column_text][vc_empty_space height=\u00bb8px\u00bb]<a href=\"https:\/\/www.portugalinternet.com\/app\/uploads\/Faro-airport-Visacar-route_es.png\" target=\"_blank\"  class=\"qbutton \" style=\"border-radius: 20px;-moz-border-radius: 20px;-webkit-border-radius: 20px; \">Mapa<\/a>[\/vc_column_inner][\/vc_row_inner][\/vc_column][\/vc_row][vc_row type=\u00bbgrid\u00bb background_color=\u00bb#ffffff\u00bb padding_bottom=\u00bb30&#8243;][vc_column][vc_separator border_style=\u00bbsolid\u00bb][vc_column_text]<\/p>\n<h5><span style=\"color: #ff9900;\"><strong>Aeropuerto de Lisboa (<\/strong><\/span><span style=\"color: #ff9900;\"><strong>Humberto Delgado<\/strong><\/span><span style=\"color: #ff9900;\"><strong>)<\/strong><\/span><\/h5>\n<p>[\/vc_column_text][vc_row_inner padding_top=\u00bb25&#8243;][vc_column_inner width=\u00bb1\/4&#8243;][vc_column_text]<\/p>\n<p><strong>Punto de recogida:<\/strong><\/p>\n<p>[\/vc_column_text][vc_empty_space height=\u00bb20px\u00bb][vc_column_text]<\/p>\n<p style=\"text-align: center;\">Farmacia<\/p>\n<p>[\/vc_column_text][vc_single_image image=\u00bb26820&#8243; img_size=\u00bb100&#215;100&#8243; alignment=\u00bbcenter\u00bb][vc_empty_space height=\u00bb20px\u00bb][\/vc_column_inner][vc_column_inner width=\u00bb3\/4&#8243;][vc_column_text]<strong>Horario de Apertura:<\/strong><br \/>\n06:00 &#8211; 22:00 Cada D\u00eda[\/vc_column_text][vc_empty_space height=\u00bb16px\u00bb][vc_column_text]<strong>Ubicaci\u00f3n dentro del aeropuerto:<\/strong><br \/>\nTerminal 1 Lobby de Salidas, Planta 0 (tiendas en la entrada del lobby de salida)[\/vc_column_text][vc_empty_space height=\u00bb8px\u00bb]<a href=\"http:\/\/www.portugalinternet.com\/app\/uploads\/Pickup-Point-Lisbon-Airport-Farmacia-Aeroporto.jpg\" target=\"_blank\"  class=\"qbutton \" style=\"border-radius: 20px;-moz-border-radius: 20px;-webkit-border-radius: 20px; \">Mapa<\/a>[\/vc_column_inner][\/vc_row_inner][\/vc_column][\/vc_row][vc_row type=\u00bbgrid\u00bb background_color=\u00bb#ffffff\u00bb padding_bottom=\u00bb30&#8243;][vc_column][vc_separator border_style=\u00bbsolid\u00bb][vc_column_text]<\/p>\n<h5><span style=\"color: #ff9900;\"><strong>Aeropuerto de Porto\u00a0(Francisco S\u00e1 Carneiro)<\/strong><\/span><\/h5>\n<p>[\/vc_column_text][vc_row_inner padding_top=\u00bb25&#8243;][vc_column_inner width=\u00bb1\/4&#8243;][vc_column_text]<\/p>\n<p><strong>Punto de recogida:<\/strong><\/p>\n<p>[\/vc_column_text][vc_empty_space height=\u00bb20px\u00bb][vc_column_text]<\/p>\n<p style=\"text-align: center;\">Correos<\/p>\n<p>[\/vc_column_text][vc_single_image image=\u00bb21756&#8243; alignment=\u00bbcenter\u00bb][vc_empty_space height=\u00bb20px\u00bb][\/vc_column_inner][vc_column_inner width=\u00bb3\/4&#8243;][vc_column_text]<strong>Horario de Apertura:<\/strong><br \/>\n09:00 &#8211; 21:00 Lunes a Viernes[\/vc_column_text][vc_empty_space height=\u00bb16px\u00bb][vc_column_text]<strong>Ubicaci\u00f3n dentro del aeropuerto:<\/strong><br \/>\nLobby de Llegadas, Planta\u00a00 (tiendas a la izquierda despu\u00e9s del control aduanero)[\/vc_column_text][vc_empty_space height=\u00bb8px\u00bb]<a href=\"https:\/\/www.portugalinternet.com\/app\/uploads\/2015\/09\/Porto_airport_map-e1475853926452.jpg\" target=\"_blank\"  class=\"qbutton \" style=\"border-radius: 20px;-moz-border-radius: 20px;-webkit-border-radius: 20px; \">Mapa<\/a>[\/vc_column_inner][\/vc_row_inner][\/vc_column][\/vc_row][vc_row type=\u00bbgrid\u00bb background_color=\u00bb#ffffff\u00bb padding_bottom=\u00bb30&#8243;][vc_column][vc_separator border_style=\u00bbsolid\u00bb][vc_column_text]<\/p>\n<h5><span style=\"color: #ff9900;\"><strong>Aeropuerto de\u00a0Ponta Delgada Azores (S\u00e3o Miguel)\u00a0<\/strong><\/span><\/h5>\n<p>[\/vc_column_text][vc_row_inner padding_top=\u00bb25&#8243;][vc_column_inner width=\u00bb1\/4&#8243;][vc_column_text]<\/p>\n<p><strong>Punto de recogida:<\/strong><\/p>\n<p>[\/vc_column_text][vc_empty_space height=\u00bb20px\u00bb][vc_column_text]<\/p>\n<p style=\"text-align: center;\">Correos<\/p>\n<p>[\/vc_column_text][vc_single_image image=\u00bb21756&#8243; alignment=\u00bbcenter\u00bb][vc_empty_space height=\u00bb20px\u00bb][\/vc_column_inner][vc_column_inner width=\u00bb3\/4&#8243;][vc_column_text]<strong>Horario de Apertura:<\/strong><br \/>\n09:00 \u2013 12:30 , 14:00 \u2013 17:30 Lunes a Viernes[\/vc_column_text][vc_empty_space height=\u00bb16px\u00bb][vc_column_text]<strong>Ubicaci\u00f3n dentro del aeropuerto:<\/strong><br \/>\nLobby de Llegadas (tiendas a la izquierda despu\u00e9s del control aduanero)[\/vc_column_text][vc_empty_space height=\u00bb8px\u00bb]<a href=\"https:\/\/www.portugalinternet.com\/app\/uploads\/2015\/10\/Mapa_Ponta_delgada-e1475853952984.png\" target=\"_blank\"  class=\"qbutton \" style=\"border-radius: 20px;-moz-border-radius: 20px;-webkit-border-radius: 20px; \">Mapa<\/a>[\/vc_column_inner][\/vc_row_inner][\/vc_column][\/vc_row][vc_row type=\u00bbgrid\u00bb background_color=\u00bb#ffffff\u00bb padding_bottom=\u00bb30&#8243;][vc_column][vc_separator border_style=\u00bbsolid\u00bb][vc_column_text]<\/p>\n<h5><span style=\"color: #ff9900;\"><strong>Aeropuerto de\u00a0Lajes Azores (Terceira)\u00a0<\/strong><\/span><\/h5>\n<p>[\/vc_column_text][vc_row_inner padding_top=\u00bb25&#8243;][vc_column_inner width=\u00bb1\/4&#8243;][vc_column_text]<\/p>\n<p><strong>Punto de recogida:<\/strong><\/p>\n<p>[\/vc_column_text][vc_empty_space height=\u00bb20px\u00bb][vc_column_text]<\/p>\n<p style=\"text-align: center;\">Correos<\/p>\n<p>[\/vc_column_text][vc_single_image image=\u00bb21756&#8243; alignment=\u00bbcenter\u00bb][vc_empty_space height=\u00bb20px\u00bb][\/vc_column_inner][vc_column_inner width=\u00bb3\/4&#8243;][vc_column_text]<strong>Horario de Apertura:<\/strong><br \/>\n09:00 \u2013 12:30 , 14:00 \u2013 17:30 Lunes a Viernes[\/vc_column_text][vc_empty_space height=\u00bb16px\u00bb][vc_column_text]<strong>Ubicaci\u00f3n dentro del aeropuerto:<\/strong><br \/>\nLobby de Llegadas[\/vc_column_text][vc_empty_space height=\u00bb8px\u00bb]<a href=\"https:\/\/www.portugalinternet.com\/es\/pickup-return-wifi-rent-data-sim\/airport-pickup\/\" target=\"_blank\"  class=\"qbutton \" style=\"border-radius: 20px;-moz-border-radius: 20px;-webkit-border-radius: 20px; \">Mapa<\/a>[\/vc_column_inner][\/vc_row_inner][\/vc_column][\/vc_row][vc_row type=\u00bbgrid\u00bb background_color=\u00bb#ffffff\u00bb padding_bottom=\u00bb30&#8243;][vc_column][vc_separator border_style=\u00bbsolid\u00bb][vc_column_text]<\/p>\n<h5><span style=\"color: #ff9900;\"><strong>Aeropuerto de Madeira (Funchal)\u00a0<\/strong><\/span><\/h5>\n<p>[\/vc_column_text][vc_row_inner padding_top=\u00bb25&#8243;][vc_column_inner width=\u00bb1\/4&#8243;][vc_column_text]<\/p>\n<p><strong>Punto de recogida:<\/strong><\/p>\n<p>[\/vc_column_text][vc_empty_space height=\u00bb20px\u00bb][vc_column_text]<\/p>\n<p style=\"text-align: center;\">Correos<\/p>\n<p>[\/vc_column_text][vc_single_image image=\u00bb21756&#8243; alignment=\u00bbcenter\u00bb][vc_empty_space height=\u00bb20px\u00bb][\/vc_column_inner][vc_column_inner width=\u00bb3\/4&#8243;][vc_column_text]Recogida indisponible temporalmente.<br \/>\nEl retorno es posible utilizando los buzones de correos.[\/vc_column_text][vc_empty_space height=\u00bb16px\u00bb][vc_empty_space height=\u00bb8px\u00bb][\/vc_column_inner][\/vc_row_inner][\/vc_column][\/vc_row][vc_row type=\u00bbgrid\u00bb background_color=\u00bb#ffffff\u00bb padding_bottom=\u00bb30&#8243;][vc_column][vc_separator border_style=\u00bbsolid\u00bb][\/vc_column][\/vc_row][vc_row type=\u00bbgrid\u00bb background_color=\u00bb#ffffff\u00bb padding_top=\u00bb50&#8243; padding_bottom=\u00bb100&#8243;][vc_column][vc_column_text]<strong>IMPORTANTE<\/strong><br \/>\n* Teniendo en cuenta la posibilidad de retrasos en los vuelos y las colas en el Control Aduanero, por favor aseg\u00farese de que usted tiene tiempo entre la llegada de su vuelo y el horario de cierre de la oficina de correos.<br \/>\n* Si no est\u00e1 seguro de que tendr\u00e1 suficiente tiempo, le recomendamos que elija la opci\u00f3n de recogida en su hotel o residencia.<br \/>\n* Usted tendr\u00e1 que presentar pasaporte o DNI para recoger el paquete en la oficina de correos del aeropuerto. Por favor, aseg\u00farese de introducir el nombre como aparece en el pasaporte como receptor del paquete.<\/p>\n<p>[\/vc_column_text][\/vc_column][\/vc_row]<\/p>","protected":false},"excerpt":{"rendered":"<p>[vc_row type=\u00bbgrid\u00bb background_color=\u00bb#ffffff\u00bb padding_top=\u00bb160&#8243; padding_bottom=\u00bb50&#8243;][vc_column][vc_column_text] RECOGIDA EN EL AEROPUERTO Nuestros art\u00edculos pueden ser enviados a donde se quedar\u00e1 alojado, en cualquier lugar en Portugal (en un hotel o una residencia), o puede recogerlo en la oficina de correos del aeropuerto a su llegada.[\/vc_column_text][\/vc_column][\/vc_row][vc_row type=\u00bbgrid\u00bb background_color=\u00bb#ffffff\u00bb&#8230;<\/p>\n","protected":false},"author":1,"featured_media":0,"parent":62,"menu_order":0,"comment_status":"closed","ping_status":"closed","template":"full_width.php","meta":{"_et_pb_use_builder":"","_et_pb_old_content":"","_et_gb_content_width":"","_monsterinsights_skip_tracking":false,"_monsterinsights_sitenote_active":false,"_monsterinsights_sitenote_note":"","_monsterinsights_sitenote_category":0},"yoast_head":"<!-- This site is optimized with the Yoast SEO plugin v19.13 - https:\/\/yoast.com\/wordpress\/plugins\/seo\/ -->\n<title>Portugal Internet - Aeropuerto alquiler, recogida y devoluci\u00f3n<\/title>\n<meta name=\"robots\" content=\"index, follow, max-snippet:-1, max-image-preview:large, max-video-preview:-1\" \/>\n<link rel=\"canonical\" href=\"https:\/\/www.portugalinternet.com\/es\/pickup-return-wifi-rent-data-sim\/airport-pickup\/\" \/>\n<meta property=\"og:locale\" content=\"es_ES\" \/>\n<meta property=\"og:type\" content=\"article\" \/>\n<meta property=\"og:title\" content=\"[:en]Portugal Internet - Airport pickup and return[:es]Portugal Internet - Aeropuerto alquiler, recogida y devoluci\u00f3n[:fr]Portugal Internet - a\u00e9roport, retrait et retour faciles[:pt]Portugal Internet - Aeroporto, recolha e devolu\u00e7\u00e3o[:br]Portugal Internet - Aeroporto retirada e devolu\u00e7\u00e3o[:]\" \/>\n<meta property=\"og:description\" content=\"[vc_row type=\u00bbgrid\u00bb background_color=\u00bb#ffffff\u00bb padding_top=\u00bb160&#8243; padding_bottom=\u00bb50&#8243;][vc_column][vc_column_text] RECOGIDA EN EL AEROPUERTO Nuestros art\u00edculos pueden ser enviados a donde se quedar\u00e1 alojado, en cualquier lugar en Portugal (en un hotel o una residencia), o puede recogerlo en la oficina de correos del aeropuerto a su llegada.[\/vc_column_text][\/vc_column][\/vc_row][vc_row type=\u00bbgrid\u00bb background_color=\u00bb#ffffff\u00bb...\" \/>\n<meta property=\"og:url\" content=\"https:\/\/www.portugalinternet.com\/pickup-return-wifi-rent-data-sim\/airport-pickup\/\" \/>\n<meta property=\"og:site_name\" content=\"Get Internet in Portugal - Internet for your travel\" \/>\n<meta property=\"article:publisher\" content=\"https:\/\/www.facebook.com\/portugalinternet\" \/>\n<meta property=\"article:modified_time\" content=\"2025-10-31T09:55:08+00:00\" \/>\n<meta name=\"twitter:card\" content=\"summary_large_image\" \/>\n<meta name=\"twitter:label1\" content=\"Est. reading time\" \/>\n\t<meta name=\"twitter:data1\" content=\"3 minutos\" \/>\n<script type=\"application\/ld+json\" class=\"yoast-schema-graph\">{\"@context\":\"https:\/\/schema.org\",\"@graph\":[{\"@type\":\"WebPage\",\"@id\":\"https:\/\/www.portugalinternet.com\/pickup-return-wifi-rent-data-sim\/airport-pickup\/\",\"url\":\"https:\/\/www.portugalinternet.com\/pickup-return-wifi-rent-data-sim\/airport-pickup\/\",\"name\":\"[:en]Portugal Internet - Airport pickup and return[:es]Portugal Internet - Aeropuerto alquiler, recogida y devoluci\u00f3n[:fr]Portugal Internet - a\u00e9roport, retrait et retour faciles[:pt]Portugal Internet - Aeroporto, recolha e devolu\u00e7\u00e3o[:br]Portugal Internet - Aeroporto retirada e devolu\u00e7\u00e3o[:]\",\"isPartOf\":{\"@id\":\"https:\/\/www.portugalinternet.com\/br\/#website\"},\"datePublished\":\"2015-09-05T15:41:48+00:00\",\"dateModified\":\"2025-10-31T09:55:08+00:00\",\"breadcrumb\":{\"@id\":\"https:\/\/www.portugalinternet.com\/pickup-return-wifi-rent-data-sim\/airport-pickup\/#breadcrumb\"},\"inLanguage\":\"es\",\"potentialAction\":[{\"@type\":\"ReadAction\",\"target\":[\"https:\/\/www.portugalinternet.com\/pickup-return-wifi-rent-data-sim\/airport-pickup\/\"]}]},{\"@type\":\"BreadcrumbList\",\"@id\":\"https:\/\/www.portugalinternet.com\/pickup-return-wifi-rent-data-sim\/airport-pickup\/#breadcrumb\",\"itemListElement\":[{\"@type\":\"ListItem\",\"position\":1,\"name\":\"Home\",\"item\":\"https:\/\/www.portugalinternet.com\/\"},{\"@type\":\"ListItem\",\"position\":2,\"name\":\"Pickup and return\",\"item\":\"https:\/\/www.portugalinternet.com\/pickup-return-wifi-rent-data-sim\/\"},{\"@type\":\"ListItem\",\"position\":3,\"name\":\"Airport pickup\"}]},{\"@type\":\"WebSite\",\"@id\":\"https:\/\/www.portugalinternet.com\/br\/#website\",\"url\":\"https:\/\/www.portugalinternet.com\/br\/\",\"name\":\"Portugal Internet\",\"description\":\"If you want to access the Internet in Portugal during your trip, here&#039;s a low cost and convenient solution to get internet everywhere. Learn more.\",\"publisher\":{\"@id\":\"https:\/\/www.portugalinternet.com\/br\/#organization\"},\"potentialAction\":[{\"@type\":\"SearchAction\",\"target\":{\"@type\":\"EntryPoint\",\"urlTemplate\":\"https:\/\/www.portugalinternet.com\/br\/?s={search_term_string}\"},\"query-input\":\"required name=search_term_string\"}],\"inLanguage\":\"es\"},{\"@type\":\"Organization\",\"@id\":\"https:\/\/www.portugalinternet.com\/br\/#organization\",\"name\":\"Portugal Internet\",\"url\":\"https:\/\/www.portugalinternet.com\/br\/\",\"logo\":{\"@type\":\"ImageObject\",\"inLanguage\":\"es\",\"@id\":\"https:\/\/www.portugalinternet.com\/br\/#\/schema\/logo\/image\/\",\"url\":\"https:\/\/www.portugalinternet.com\/app\/uploads\/main_logo_100_final.png\",\"contentUrl\":\"https:\/\/www.portugalinternet.com\/app\/uploads\/main_logo_100_final.png\",\"width\":166,\"height\":58,\"caption\":\"Portugal Internet\"},\"image\":{\"@id\":\"https:\/\/www.portugalinternet.com\/br\/#\/schema\/logo\/image\/\"},\"sameAs\":[\"https:\/\/www.instagram.com\/portugalinternet\/\",\"https:\/\/www.facebook.com\/portugalinternet\"]}]}<\/script>\n<!-- \/ Yoast SEO plugin. -->","yoast_head_json":{"title":"[:en]Portugal Internet - Airport pickup and return[:es]Portugal Internet - Aeropuerto alquiler, recogida y devoluci\u00f3n[:fr]Portugal Internet - a\u00e9roport, retrait et retour faciles[:pt]Portugal Internet - Aeroporto, recolha e devolu\u00e7\u00e3o[:br]Portugal Internet - Aeroporto retirada e devolu\u00e7\u00e3o[:]","robots":{"index":"index","follow":"follow","max-snippet":"max-snippet:-1","max-image-preview":"max-image-preview:large","max-video-preview":"max-video-preview:-1"},"canonical":"https:\/\/www.portugalinternet.com\/es\/pickup-return-wifi-rent-data-sim\/airport-pickup\/","og_locale":"es_ES","og_type":"article","og_title":"[:en]Portugal Internet - Airport pickup and return[:es]Portugal Internet - Aeropuerto alquiler, recogida y devoluci\u00f3n[:fr]Portugal Internet - a\u00e9roport, retrait et retour faciles[:pt]Portugal Internet - Aeroporto, recolha e devolu\u00e7\u00e3o[:br]Portugal Internet - Aeroporto retirada e devolu\u00e7\u00e3o[:]","og_description":"[vc_row type=\u00bbgrid\u00bb background_color=\u00bb#ffffff\u00bb padding_top=\u00bb160&#8243; padding_bottom=\u00bb50&#8243;][vc_column][vc_column_text] RECOGIDA EN EL AEROPUERTO Nuestros art\u00edculos pueden ser enviados a donde se quedar\u00e1 alojado, en cualquier lugar en Portugal (en un hotel o una residencia), o puede recogerlo en la oficina de correos del aeropuerto a su llegada.[\/vc_column_text][\/vc_column][\/vc_row][vc_row type=\u00bbgrid\u00bb background_color=\u00bb#ffffff\u00bb...","og_url":"https:\/\/www.portugalinternet.com\/pickup-return-wifi-rent-data-sim\/airport-pickup\/","og_site_name":"Get Internet in Portugal - Internet for your travel","article_publisher":"https:\/\/www.facebook.com\/portugalinternet","article_modified_time":"2025-10-31T09:55:08+00:00","twitter_card":"summary_large_image","twitter_misc":{"Est. reading time":"3 minutos"},"schema":{"@context":"https:\/\/schema.org","@graph":[{"@type":"WebPage","@id":"https:\/\/www.portugalinternet.com\/pickup-return-wifi-rent-data-sim\/airport-pickup\/","url":"https:\/\/www.portugalinternet.com\/pickup-return-wifi-rent-data-sim\/airport-pickup\/","name":"[:en]Portugal Internet - Airport pickup and return[:es]Portugal Internet - Aeropuerto alquiler, recogida y devoluci\u00f3n[:fr]Portugal Internet - a\u00e9roport, retrait et retour faciles[:pt]Portugal Internet - Aeroporto, recolha e devolu\u00e7\u00e3o[:br]Portugal Internet - Aeroporto retirada e devolu\u00e7\u00e3o[:]","isPartOf":{"@id":"https:\/\/www.portugalinternet.com\/br\/#website"},"datePublished":"2015-09-05T15:41:48+00:00","dateModified":"2025-10-31T09:55:08+00:00","breadcrumb":{"@id":"https:\/\/www.portugalinternet.com\/pickup-return-wifi-rent-data-sim\/airport-pickup\/#breadcrumb"},"inLanguage":"es","potentialAction":[{"@type":"ReadAction","target":["https:\/\/www.portugalinternet.com\/pickup-return-wifi-rent-data-sim\/airport-pickup\/"]}]},{"@type":"BreadcrumbList","@id":"https:\/\/www.portugalinternet.com\/pickup-return-wifi-rent-data-sim\/airport-pickup\/#breadcrumb","itemListElement":[{"@type":"ListItem","position":1,"name":"Home","item":"https:\/\/www.portugalinternet.com\/"},{"@type":"ListItem","position":2,"name":"Pickup and return","item":"https:\/\/www.portugalinternet.com\/pickup-return-wifi-rent-data-sim\/"},{"@type":"ListItem","position":3,"name":"Airport pickup"}]},{"@type":"WebSite","@id":"https:\/\/www.portugalinternet.com\/br\/#website","url":"https:\/\/www.portugalinternet.com\/br\/","name":"Portugal Internet","description":"If you want to access the Internet in Portugal during your trip, here&#039;s a low cost and convenient solution to get internet everywhere. Learn more.","publisher":{"@id":"https:\/\/www.portugalinternet.com\/br\/#organization"},"potentialAction":[{"@type":"SearchAction","target":{"@type":"EntryPoint","urlTemplate":"https:\/\/www.portugalinternet.com\/br\/?s={search_term_string}"},"query-input":"required name=search_term_string"}],"inLanguage":"es"},{"@type":"Organization","@id":"https:\/\/www.portugalinternet.com\/br\/#organization","name":"Portugal Internet","url":"https:\/\/www.portugalinternet.com\/br\/","logo":{"@type":"ImageObject","inLanguage":"es","@id":"https:\/\/www.portugalinternet.com\/br\/#\/schema\/logo\/image\/","url":"https:\/\/www.portugalinternet.com\/app\/uploads\/main_logo_100_final.png","contentUrl":"https:\/\/www.portugalinternet.com\/app\/uploads\/main_logo_100_final.png","width":166,"height":58,"caption":"Portugal Internet"},"image":{"@id":"https:\/\/www.portugalinternet.com\/br\/#\/schema\/logo\/image\/"},"sameAs":["https:\/\/www.instagram.com\/portugalinternet\/","https:\/\/www.facebook.com\/portugalinternet"]}]}},"_links":{"self":[{"href":"https:\/\/www.portugalinternet.com\/es\/wp-json\/wp\/v2\/pages\/21736"}],"collection":[{"href":"https:\/\/www.portugalinternet.com\/es\/wp-json\/wp\/v2\/pages"}],"about":[{"href":"https:\/\/www.portugalinternet.com\/es\/wp-json\/wp\/v2\/types\/page"}],"author":[{"embeddable":true,"href":"https:\/\/www.portugalinternet.com\/es\/wp-json\/wp\/v2\/users\/1"}],"replies":[{"embeddable":true,"href":"https:\/\/www.portugalinternet.com\/es\/wp-json\/wp\/v2\/comments?post=21736"}],"version-history":[{"count":213,"href":"https:\/\/www.portugalinternet.com\/es\/wp-json\/wp\/v2\/pages\/21736\/revisions"}],"predecessor-version":[{"id":27019,"href":"https:\/\/www.portugalinternet.com\/es\/wp-json\/wp\/v2\/pages\/21736\/revisions\/27019"}],"up":[{"embeddable":true,"href":"https:\/\/www.portugalinternet.com\/es\/wp-json\/wp\/v2\/pages\/62"}],"wp:attachment":[{"href":"https:\/\/www.portugalinternet.com\/es\/wp-json\/wp\/v2\/media?parent=21736"}],"curies":[{"name":"wp","href":"https:\/\/api.w.org\/{rel}","templated":true}]}}