{"id":21736,"date":"2015-09-05T15:41:48","date_gmt":"2015-09-05T15:41:48","guid":{"rendered":"http:\/\/www.portugalinternet.com\/?page_id=21736"},"modified":"2025-10-31T09:55:08","modified_gmt":"2025-10-31T09:55:08","slug":"airport-pickup","status":"publish","type":"page","link":"https:\/\/www.portugalinternet.com\/en\/pickup-return-wifi-rent-data-sim\/airport-pickup\/","title":{"rendered":"Airport pickup"},"content":{"rendered":"<p>[vc_row type=&#8221;grid&#8221; background_color=&#8221;#ffffff&#8221; padding_top=&#8221;160&#8243; padding_bottom=&#8221;50&#8243;][vc_column][vc_column_text]<\/p>\n<h1>AIRPORT DELIVERY<\/h1>\n<p>Our items can be delivered to where you will be staying, anywhere in Portugal (whether it&#8217;s a hotel or a residence), or you can pick it up in the airport post office when you arrive.[\/vc_column_text][\/vc_column][\/vc_row][vc_row type=&#8221;grid&#8221; background_color=&#8221;#ffffff&#8221; padding_top=&#8221;20&#8243; padding_bottom=&#8221;40&#8243;][vc_column][vc_column_text]<\/p>\n<h3>Where and when to pickup at the airport<\/h3>\n<p style=\"text-align: left;\">To receive your Hotspot or SIM card, just mention that you are collecting a package addressed to you, show any ID and indicate the tracking code of your order. Be sure to use the same name when making the order. <span style=\"color: #ffffff;\">.<\/span><\/p>\n<p style=\"text-align: left;\"><span style=\"color: #ffffff;\">n<\/span><\/p>\n<p style=\"text-align: left;\">You will collect your package\u00a0at the following pickup points:<\/p>\n<p>[\/vc_column_text][\/vc_column][\/vc_row][vc_row type=&#8221;grid&#8221; background_color=&#8221;#ffffff&#8221; padding_bottom=&#8221;30&#8243;][vc_column][vc_separator border_style=&#8221;solid&#8221;][vc_column_text]<\/p>\n<h5><span style=\"color: #ff9900;\">Faro\u00a0 Airport <\/span><span style=\"color: #ff9900;\">(Outside of the airport)<\/span><\/h5>\n<p>[\/vc_column_text][vc_row_inner padding_top=&#8221;25&#8243;][vc_column_inner width=&#8221;1\/4&#8243;][vc_column_text]<\/p>\n<p><strong>Pickup Point:<\/strong><\/p>\n<p>[\/vc_column_text][vc_empty_space height=&#8221;20px&#8221;][vc_column_text]<\/p>\n<p style=\"text-align: center;\">Car Rental Company<\/p>\n<p>[\/vc_column_text][vc_single_image image=&#8221;26175&#8243; img_size=&#8221;80&#215;80&#8243; alignment=&#8221;center&#8221;][vc_empty_space height=&#8221;20px&#8221;][\/vc_column_inner][vc_column_inner width=&#8221;3\/4&#8243;][vc_column_text]<strong>Opening hours:<\/strong><br \/>\n9:00 &#8211; 13:00 , 14:30 &#8211; 19:00 Every Day[\/vc_column_text][vc_empty_space height=&#8221;16px&#8221;][vc_column_text]<strong>Location outside the airport:<\/strong><br \/>\nAddress: Rua Samuel Ga\u00e7on, Faro (distance from the airport: 5 minutes&#8217; walk)[\/vc_column_text][vc_empty_space height=&#8221;8px&#8221;]<a href=\"https:\/\/www.portugalinternet.com\/app\/uploads\/Faro-airport-Visacar-route_en.png\" target=\"_blank\"  class=\"qbutton \" style=\"border-radius: 20px;-moz-border-radius: 20px;-webkit-border-radius: 20px; \">Map<\/a>[\/vc_column_inner][\/vc_row_inner][\/vc_column][\/vc_row][vc_row type=&#8221;grid&#8221; background_color=&#8221;#ffffff&#8221; padding_bottom=&#8221;30&#8243;][vc_column][vc_separator border_style=&#8221;solid&#8221;][vc_column_text]<\/p>\n<h5><span style=\"color: #ff9900;\">Lisbon\u00a0 Airport <\/span><span style=\"color: #ff9900;\">(Humberto Delgado)<\/span><\/h5>\n<p>[\/vc_column_text][vc_row_inner padding_top=&#8221;25&#8243;][vc_column_inner width=&#8221;1\/4&#8243;][vc_column_text]<\/p>\n<p><strong>Pickup Point:<\/strong><\/p>\n<p>[\/vc_column_text][vc_empty_space height=&#8221;20px&#8221;][vc_column_text]<\/p>\n<p style=\"text-align: center;\">Pharmacy<\/p>\n<p>[\/vc_column_text][vc_single_image image=&#8221;26820&#8243; img_size=&#8221;100&#215;100&#8243; alignment=&#8221;center&#8221;][vc_empty_space height=&#8221;20px&#8221;][\/vc_column_inner][vc_column_inner width=&#8221;3\/4&#8243;][vc_column_text]<strong>Opening hours:<\/strong><br \/>\n06:00 &#8211; 22:00 Every Day[\/vc_column_text][vc_empty_space height=&#8221;16px&#8221;][vc_column_text]<strong>Location inside the airport:<\/strong><br \/>\nTerminal 1 Departure Lobby, Floor 0 (stores at the entrance of the departure lobby)[\/vc_column_text][vc_empty_space height=&#8221;8px&#8221;]<a href=\"http:\/\/www.portugalinternet.com\/app\/uploads\/Pickup-Point-Lisbon-Airport-Farmacia-Aeroporto.jpg\" target=\"_blank\"  class=\"qbutton \" style=\"border-radius: 20px;-moz-border-radius: 20px;-webkit-border-radius: 20px; \">Map<\/a>[\/vc_column_inner][\/vc_row_inner][\/vc_column][\/vc_row][vc_row type=&#8221;grid&#8221; background_color=&#8221;#ffffff&#8221; padding_bottom=&#8221;30&#8243;][vc_column][vc_separator border_style=&#8221;solid&#8221;][vc_column_text]<\/p>\n<h5><span style=\"color: #ff9900;\">Porto <\/span><span style=\"color: #ff9900;\">Airport <\/span><span style=\"color: #ff9900;\">(Francisco S\u00e1 Carneiro)<\/span><\/h5>\n<p>[\/vc_column_text][vc_row_inner padding_top=&#8221;25&#8243;][vc_column_inner width=&#8221;1\/4&#8243;][vc_column_text]<\/p>\n<p><strong>Pickup Point:<\/strong><\/p>\n<p>[\/vc_column_text][vc_empty_space height=&#8221;20px&#8221;][vc_column_text]<\/p>\n<p style=\"text-align: center;\">Post Office<\/p>\n<p>[\/vc_column_text][vc_single_image image=&#8221;21756&#8243; alignment=&#8221;center&#8221;][vc_empty_space height=&#8221;20px&#8221;][\/vc_column_inner][vc_column_inner width=&#8221;3\/4&#8243;][vc_column_text]<strong>Opening hours:<\/strong><br \/>\n09:00 &#8211; 21:00 Monday to Friday[\/vc_column_text][vc_empty_space height=&#8221;16px&#8221;][vc_column_text]<strong>Location inside the airport:<\/strong><br \/>\nArrival Lobby, Floor 0 (stores to the left after customs control)[\/vc_column_text][vc_empty_space height=&#8221;8px&#8221;]<a href=\"https:\/\/www.portugalinternet.com\/app\/uploads\/2015\/09\/Porto_airport_map-e1475853926452.jpg\" target=\"_blank\"  class=\"qbutton \" style=\"border-radius: 20px;-moz-border-radius: 20px;-webkit-border-radius: 20px; \">Map<\/a>[\/vc_column_inner][\/vc_row_inner][\/vc_column][\/vc_row][vc_row type=&#8221;grid&#8221; background_color=&#8221;#ffffff&#8221; padding_bottom=&#8221;30&#8243;][vc_column][vc_separator border_style=&#8221;solid&#8221;][vc_column_text]<\/p>\n<h5><span style=\"color: #ff9900;\">Azores <\/span><span style=\"color: #ff9900;\">Ponta Delgada Airport <\/span><span style=\"color: #ff9900;\">(S\u00e3o Miguel)<\/span><\/h5>\n<p>[\/vc_column_text][vc_row_inner padding_top=&#8221;25&#8243;][vc_column_inner width=&#8221;1\/4&#8243;][vc_column_text]<\/p>\n<p><strong>Pickup Point:<\/strong><\/p>\n<p>[\/vc_column_text][vc_empty_space height=&#8221;20px&#8221;][vc_column_text]<\/p>\n<p style=\"text-align: center;\">Post Office<\/p>\n<p>[\/vc_column_text][vc_single_image image=&#8221;21756&#8243; alignment=&#8221;center&#8221;][vc_empty_space height=&#8221;20px&#8221;][\/vc_column_inner][vc_column_inner width=&#8221;3\/4&#8243;][vc_column_text]<strong>Opening hours:<\/strong><br \/>\n09:00 \u2013 12:30 , 14:00 \u2013 17:30 Monday to Friday[\/vc_column_text][vc_empty_space height=&#8221;16px&#8221;][vc_column_text]<strong>Location inside the airport:<\/strong><br \/>\nArrival Lobby, (stores to the left after customs control)[\/vc_column_text][vc_empty_space height=&#8221;8px&#8221;]<a href=\"https:\/\/www.portugalinternet.com\/app\/uploads\/2015\/10\/Mapa_Ponta_delgada-e1475853952984.png\" target=\"_blank\"  class=\"qbutton \" style=\"border-radius: 20px;-moz-border-radius: 20px;-webkit-border-radius: 20px; \">Map<\/a>[\/vc_column_inner][\/vc_row_inner][\/vc_column][\/vc_row][vc_row type=&#8221;grid&#8221; background_color=&#8221;#ffffff&#8221; padding_bottom=&#8221;30&#8243;][vc_column][vc_separator border_style=&#8221;solid&#8221;][vc_column_text]<\/p>\n<h5><span style=\"color: #ff9900;\">Azores Lajes Airport <\/span><span style=\"color: #ff9900;\">(Terceira)<\/span><\/h5>\n<p>[\/vc_column_text][vc_row_inner padding_top=&#8221;25&#8243;][vc_column_inner width=&#8221;1\/4&#8243;][vc_column_text]<\/p>\n<p><strong>Pickup Point:<\/strong><\/p>\n<p>[\/vc_column_text][vc_empty_space height=&#8221;20px&#8221;][vc_column_text]<\/p>\n<p style=\"text-align: center;\">Post Office<\/p>\n<p>[\/vc_column_text][vc_single_image image=&#8221;21756&#8243; alignment=&#8221;center&#8221;][vc_empty_space height=&#8221;20px&#8221;][\/vc_column_inner][vc_column_inner width=&#8221;3\/4&#8243;][vc_column_text]<strong>Opening hours:<\/strong><br \/>\n09:00 \u2013 12:30 , 14:00 \u2013 17:30 Monday to Friday[\/vc_column_text][vc_empty_space height=&#8221;16px&#8221;][vc_column_text]<strong>Location inside the airport:<\/strong><br \/>\nArrival Lobby[\/vc_column_text][vc_empty_space height=&#8221;8px&#8221;]<a href=\"https:\/\/www.portugalinternet.com\/en\/pickup-return-wifi-rent-data-sim\/airport-pickup\/\" target=\"_blank\"  class=\"qbutton \" style=\"border-radius: 20px;-moz-border-radius: 20px;-webkit-border-radius: 20px; \">Map<\/a>[\/vc_column_inner][\/vc_row_inner][\/vc_column][\/vc_row][vc_row type=&#8221;grid&#8221; background_color=&#8221;#ffffff&#8221; padding_bottom=&#8221;30&#8243;][vc_column][vc_separator border_style=&#8221;solid&#8221;][vc_column_text]<\/p>\n<h5><span style=\"color: #ff9900;\">Madeira Airport <\/span><span style=\"color: #ff9900;\">(Funchal)<\/span><\/h5>\n<p>[\/vc_column_text][vc_row_inner padding_top=&#8221;25&#8243;][vc_column_inner width=&#8221;1\/4&#8243;][vc_column_text]<\/p>\n<p><strong>Pickup Point:<\/strong><\/p>\n<p>[\/vc_column_text][vc_empty_space height=&#8221;20px&#8221;][vc_column_text]<\/p>\n<p style=\"text-align: center;\">Post Office<\/p>\n<p>[\/vc_column_text][vc_single_image image=&#8221;21756&#8243; alignment=&#8221;center&#8221;][vc_empty_space height=&#8221;20px&#8221;][\/vc_column_inner][vc_column_inner width=&#8221;3\/4&#8243;][vc_column_text]<\/p>\n<p>Pick-up temporarily unavailable. Return is possible using the postboxes.<\/p>\n<p>[\/vc_column_text][vc_empty_space height=&#8221;16px&#8221;][vc_empty_space height=&#8221;8px&#8221;][\/vc_column_inner][\/vc_row_inner][\/vc_column][\/vc_row][vc_row type=&#8221;grid&#8221; background_color=&#8221;#ffffff&#8221; padding_bottom=&#8221;30&#8243;][vc_column][vc_separator border_style=&#8221;solid&#8221;][\/vc_column][\/vc_row][vc_row type=&#8221;grid&#8221; background_color=&#8221;#ffffff&#8221; padding_top=&#8221;50&#8243; padding_bottom=&#8221;100&#8243;][vc_column][vc_column_text]<\/p>\n<p style=\"text-align: left;\"><strong>IMPORTANT<\/strong><\/p>\n<p style=\"text-align: left;\">*Considering the possibility of flight delays and queuing at the immigration, please make sure you allow yourself plenty of time between the arrival of your flight and closing hours of the post office.<\/p>\n<p style=\"text-align: left;\">*If you are not sure you will have enough time, we recommend that you choose the Hotel or Residence pickup.<\/p>\n<p style=\"text-align: left;\">*You will need to present passport or ID to collect the package. Please make sure you enter the name as shown on the passport as a receiver of the package.<\/p>\n<p style=\"text-align: left;\">[\/vc_column_text][\/vc_column][\/vc_row][vc_row][vc_column][vc_column_text]<\/p>\n<p>[\/vc_column_text][\/vc_column][\/vc_row]<\/p>","protected":false},"excerpt":{"rendered":"<p>[vc_row type=&#8221;grid&#8221; background_color=&#8221;#ffffff&#8221; padding_top=&#8221;160&#8243; padding_bottom=&#8221;50&#8243;][vc_column][vc_column_text] AIRPORT DELIVERY Our items can be delivered to where you will be staying, anywhere in Portugal (whether it&#8217;s a hotel or a residence), or you can pick it up in the airport post office when you arrive.[\/vc_column_text][\/vc_column][\/vc_row][vc_row type=&#8221;grid&#8221; background_color=&#8221;#ffffff&#8221; padding_top=&#8221;20&#8243;&#8230;<\/p>\n","protected":false},"author":1,"featured_media":0,"parent":62,"menu_order":0,"comment_status":"closed","ping_status":"closed","template":"full_width.php","meta":{"_et_pb_use_builder":"","_et_pb_old_content":"","_et_gb_content_width":"","_monsterinsights_skip_tracking":false,"_monsterinsights_sitenote_active":false,"_monsterinsights_sitenote_note":"","_monsterinsights_sitenote_category":0},"yoast_head":"<!-- This site is optimized with the Yoast SEO plugin v19.13 - https:\/\/yoast.com\/wordpress\/plugins\/seo\/ -->\n<title>Portugal Internet - Airport pickup and return<\/title>\n<meta name=\"robots\" content=\"index, follow, max-snippet:-1, max-image-preview:large, max-video-preview:-1\" \/>\n<link rel=\"canonical\" href=\"https:\/\/www.portugalinternet.com\/en\/pickup-return-wifi-rent-data-sim\/airport-pickup\/\" \/>\n<meta property=\"og:locale\" content=\"en_US\" \/>\n<meta property=\"og:type\" content=\"article\" \/>\n<meta property=\"og:title\" content=\"[:en]Portugal Internet - Airport pickup and return[:es]Portugal Internet - Aeropuerto alquiler, recogida y devoluci\u00f3n[:fr]Portugal Internet - a\u00e9roport, retrait et retour faciles[:pt]Portugal Internet - Aeroporto, recolha e devolu\u00e7\u00e3o[:br]Portugal Internet - Aeroporto retirada e devolu\u00e7\u00e3o[:]\" \/>\n<meta property=\"og:description\" content=\"[vc_row type=&#8221;grid&#8221; background_color=&#8221;#ffffff&#8221; padding_top=&#8221;160&#8243; padding_bottom=&#8221;50&#8243;][vc_column][vc_column_text] AIRPORT DELIVERY Our items can be delivered to where you will be staying, anywhere in Portugal (whether it&#8217;s a hotel or a residence), or you can pick it up in the airport post office when you arrive.[\/vc_column_text][\/vc_column][\/vc_row][vc_row type=&#8221;grid&#8221; background_color=&#8221;#ffffff&#8221; padding_top=&#8221;20&#8243;...\" \/>\n<meta property=\"og:url\" content=\"https:\/\/www.portugalinternet.com\/pickup-return-wifi-rent-data-sim\/airport-pickup\/\" \/>\n<meta property=\"og:site_name\" content=\"Portugal Internet - Internet In Portugal For Your Travel\" \/>\n<meta property=\"article:publisher\" content=\"https:\/\/www.facebook.com\/portugalinternet\" \/>\n<meta property=\"article:modified_time\" content=\"2025-10-31T09:55:08+00:00\" \/>\n<meta name=\"twitter:card\" content=\"summary_large_image\" \/>\n<meta name=\"twitter:label1\" content=\"Est. reading time\" \/>\n\t<meta name=\"twitter:data1\" content=\"3 minutes\" \/>\n<script type=\"application\/ld+json\" class=\"yoast-schema-graph\">{\"@context\":\"https:\/\/schema.org\",\"@graph\":[{\"@type\":\"WebPage\",\"@id\":\"https:\/\/www.portugalinternet.com\/pickup-return-wifi-rent-data-sim\/airport-pickup\/\",\"url\":\"https:\/\/www.portugalinternet.com\/pickup-return-wifi-rent-data-sim\/airport-pickup\/\",\"name\":\"[:en]Portugal Internet - Airport pickup and return[:es]Portugal Internet - Aeropuerto alquiler, recogida y devoluci\u00f3n[:fr]Portugal Internet - a\u00e9roport, retrait et retour faciles[:pt]Portugal Internet - Aeroporto, recolha e devolu\u00e7\u00e3o[:br]Portugal Internet - Aeroporto retirada e devolu\u00e7\u00e3o[:]\",\"isPartOf\":{\"@id\":\"https:\/\/www.portugalinternet.com\/br\/#website\"},\"datePublished\":\"2015-09-05T15:41:48+00:00\",\"dateModified\":\"2025-10-31T09:55:08+00:00\",\"breadcrumb\":{\"@id\":\"https:\/\/www.portugalinternet.com\/pickup-return-wifi-rent-data-sim\/airport-pickup\/#breadcrumb\"},\"inLanguage\":\"en-US\",\"potentialAction\":[{\"@type\":\"ReadAction\",\"target\":[\"https:\/\/www.portugalinternet.com\/pickup-return-wifi-rent-data-sim\/airport-pickup\/\"]}]},{\"@type\":\"BreadcrumbList\",\"@id\":\"https:\/\/www.portugalinternet.com\/pickup-return-wifi-rent-data-sim\/airport-pickup\/#breadcrumb\",\"itemListElement\":[{\"@type\":\"ListItem\",\"position\":1,\"name\":\"Home\",\"item\":\"https:\/\/www.portugalinternet.com\/\"},{\"@type\":\"ListItem\",\"position\":2,\"name\":\"Pickup and return\",\"item\":\"https:\/\/www.portugalinternet.com\/pickup-return-wifi-rent-data-sim\/\"},{\"@type\":\"ListItem\",\"position\":3,\"name\":\"Airport pickup\"}]},{\"@type\":\"WebSite\",\"@id\":\"https:\/\/www.portugalinternet.com\/br\/#website\",\"url\":\"https:\/\/www.portugalinternet.com\/br\/\",\"name\":\"Portugal Internet\",\"description\":\"Internet in Portugal during your travel, here&#039;s a low cost and convenient solution to get internet everywhere. Learn more.\",\"publisher\":{\"@id\":\"https:\/\/www.portugalinternet.com\/br\/#organization\"},\"potentialAction\":[{\"@type\":\"SearchAction\",\"target\":{\"@type\":\"EntryPoint\",\"urlTemplate\":\"https:\/\/www.portugalinternet.com\/br\/?s={search_term_string}\"},\"query-input\":\"required name=search_term_string\"}],\"inLanguage\":\"en-US\"},{\"@type\":\"Organization\",\"@id\":\"https:\/\/www.portugalinternet.com\/br\/#organization\",\"name\":\"Portugal Internet\",\"url\":\"https:\/\/www.portugalinternet.com\/br\/\",\"logo\":{\"@type\":\"ImageObject\",\"inLanguage\":\"en-US\",\"@id\":\"https:\/\/www.portugalinternet.com\/br\/#\/schema\/logo\/image\/\",\"url\":\"https:\/\/www.portugalinternet.com\/app\/uploads\/main_logo_100_final.png\",\"contentUrl\":\"https:\/\/www.portugalinternet.com\/app\/uploads\/main_logo_100_final.png\",\"width\":166,\"height\":58,\"caption\":\"Portugal Internet\"},\"image\":{\"@id\":\"https:\/\/www.portugalinternet.com\/br\/#\/schema\/logo\/image\/\"},\"sameAs\":[\"https:\/\/www.instagram.com\/portugalinternet\/\",\"https:\/\/www.facebook.com\/portugalinternet\"]}]}<\/script>\n<!-- \/ Yoast SEO plugin. -->","yoast_head_json":{"title":"[:en]Portugal Internet - Airport pickup and return[:es]Portugal Internet - Aeropuerto alquiler, recogida y devoluci\u00f3n[:fr]Portugal Internet - a\u00e9roport, retrait et retour faciles[:pt]Portugal Internet - Aeroporto, recolha e devolu\u00e7\u00e3o[:br]Portugal Internet - Aeroporto retirada e devolu\u00e7\u00e3o[:]","robots":{"index":"index","follow":"follow","max-snippet":"max-snippet:-1","max-image-preview":"max-image-preview:large","max-video-preview":"max-video-preview:-1"},"canonical":"https:\/\/www.portugalinternet.com\/en\/pickup-return-wifi-rent-data-sim\/airport-pickup\/","og_locale":"en_US","og_type":"article","og_title":"[:en]Portugal Internet - Airport pickup and return[:es]Portugal Internet - Aeropuerto alquiler, recogida y devoluci\u00f3n[:fr]Portugal Internet - a\u00e9roport, retrait et retour faciles[:pt]Portugal Internet - Aeroporto, recolha e devolu\u00e7\u00e3o[:br]Portugal Internet - Aeroporto retirada e devolu\u00e7\u00e3o[:]","og_description":"[vc_row type=&#8221;grid&#8221; background_color=&#8221;#ffffff&#8221; padding_top=&#8221;160&#8243; padding_bottom=&#8221;50&#8243;][vc_column][vc_column_text] AIRPORT DELIVERY Our items can be delivered to where you will be staying, anywhere in Portugal (whether it&#8217;s a hotel or a residence), or you can pick it up in the airport post office when you arrive.[\/vc_column_text][\/vc_column][\/vc_row][vc_row type=&#8221;grid&#8221; background_color=&#8221;#ffffff&#8221; padding_top=&#8221;20&#8243;...","og_url":"https:\/\/www.portugalinternet.com\/pickup-return-wifi-rent-data-sim\/airport-pickup\/","og_site_name":"Portugal Internet - Internet In Portugal For Your Travel","article_publisher":"https:\/\/www.facebook.com\/portugalinternet","article_modified_time":"2025-10-31T09:55:08+00:00","twitter_card":"summary_large_image","twitter_misc":{"Est. reading time":"3 minutes"},"schema":{"@context":"https:\/\/schema.org","@graph":[{"@type":"WebPage","@id":"https:\/\/www.portugalinternet.com\/pickup-return-wifi-rent-data-sim\/airport-pickup\/","url":"https:\/\/www.portugalinternet.com\/pickup-return-wifi-rent-data-sim\/airport-pickup\/","name":"[:en]Portugal Internet - Airport pickup and return[:es]Portugal Internet - Aeropuerto alquiler, recogida y devoluci\u00f3n[:fr]Portugal Internet - a\u00e9roport, retrait et retour faciles[:pt]Portugal Internet - Aeroporto, recolha e devolu\u00e7\u00e3o[:br]Portugal Internet - Aeroporto retirada e devolu\u00e7\u00e3o[:]","isPartOf":{"@id":"https:\/\/www.portugalinternet.com\/br\/#website"},"datePublished":"2015-09-05T15:41:48+00:00","dateModified":"2025-10-31T09:55:08+00:00","breadcrumb":{"@id":"https:\/\/www.portugalinternet.com\/pickup-return-wifi-rent-data-sim\/airport-pickup\/#breadcrumb"},"inLanguage":"en-US","potentialAction":[{"@type":"ReadAction","target":["https:\/\/www.portugalinternet.com\/pickup-return-wifi-rent-data-sim\/airport-pickup\/"]}]},{"@type":"BreadcrumbList","@id":"https:\/\/www.portugalinternet.com\/pickup-return-wifi-rent-data-sim\/airport-pickup\/#breadcrumb","itemListElement":[{"@type":"ListItem","position":1,"name":"Home","item":"https:\/\/www.portugalinternet.com\/"},{"@type":"ListItem","position":2,"name":"Pickup and return","item":"https:\/\/www.portugalinternet.com\/pickup-return-wifi-rent-data-sim\/"},{"@type":"ListItem","position":3,"name":"Airport pickup"}]},{"@type":"WebSite","@id":"https:\/\/www.portugalinternet.com\/br\/#website","url":"https:\/\/www.portugalinternet.com\/br\/","name":"Portugal Internet","description":"Internet in Portugal during your travel, here&#039;s a low cost and convenient solution to get internet everywhere. Learn more.","publisher":{"@id":"https:\/\/www.portugalinternet.com\/br\/#organization"},"potentialAction":[{"@type":"SearchAction","target":{"@type":"EntryPoint","urlTemplate":"https:\/\/www.portugalinternet.com\/br\/?s={search_term_string}"},"query-input":"required name=search_term_string"}],"inLanguage":"en-US"},{"@type":"Organization","@id":"https:\/\/www.portugalinternet.com\/br\/#organization","name":"Portugal Internet","url":"https:\/\/www.portugalinternet.com\/br\/","logo":{"@type":"ImageObject","inLanguage":"en-US","@id":"https:\/\/www.portugalinternet.com\/br\/#\/schema\/logo\/image\/","url":"https:\/\/www.portugalinternet.com\/app\/uploads\/main_logo_100_final.png","contentUrl":"https:\/\/www.portugalinternet.com\/app\/uploads\/main_logo_100_final.png","width":166,"height":58,"caption":"Portugal Internet"},"image":{"@id":"https:\/\/www.portugalinternet.com\/br\/#\/schema\/logo\/image\/"},"sameAs":["https:\/\/www.instagram.com\/portugalinternet\/","https:\/\/www.facebook.com\/portugalinternet"]}]}},"_links":{"self":[{"href":"https:\/\/www.portugalinternet.com\/en\/wp-json\/wp\/v2\/pages\/21736"}],"collection":[{"href":"https:\/\/www.portugalinternet.com\/en\/wp-json\/wp\/v2\/pages"}],"about":[{"href":"https:\/\/www.portugalinternet.com\/en\/wp-json\/wp\/v2\/types\/page"}],"author":[{"embeddable":true,"href":"https:\/\/www.portugalinternet.com\/en\/wp-json\/wp\/v2\/users\/1"}],"replies":[{"embeddable":true,"href":"https:\/\/www.portugalinternet.com\/en\/wp-json\/wp\/v2\/comments?post=21736"}],"version-history":[{"count":213,"href":"https:\/\/www.portugalinternet.com\/en\/wp-json\/wp\/v2\/pages\/21736\/revisions"}],"predecessor-version":[{"id":27019,"href":"https:\/\/www.portugalinternet.com\/en\/wp-json\/wp\/v2\/pages\/21736\/revisions\/27019"}],"up":[{"embeddable":true,"href":"https:\/\/www.portugalinternet.com\/en\/wp-json\/wp\/v2\/pages\/62"}],"wp:attachment":[{"href":"https:\/\/www.portugalinternet.com\/en\/wp-json\/wp\/v2\/media?parent=21736"}],"curies":[{"name":"wp","href":"https:\/\/api.w.org\/{rel}","templated":true}]}}