{"id":62,"date":"2015-07-05T22:27:08","date_gmt":"2015-07-05T22:27:08","guid":{"rendered":"http:\/\/www.portugalinternet.com\/?page_id=62"},"modified":"2024-11-01T12:26:50","modified_gmt":"2024-11-01T12:26:50","slug":"pickup-return-wifi-rent-data-sim","status":"publish","type":"page","link":"https:\/\/www.portugalinternet.com\/br\/pickup-return-wifi-rent-data-sim\/","title":{"rendered":"Recebimento e Devolu\u00e7\u00e3o"},"content":{"rendered":"<p><\/p>\n<p>[vc_row type=&#8221;grid&#8221; background_color=&#8221;#ffffff&#8221; padding_bottom=&#8221;10&#8243;][vc_column][vc_row_inner type=&#8221;grid&#8221; padding_bottom=&#8221;60&#8243;][vc_column_inner][vc_column_text]<\/p>\n<h1>ENCOMENDA E ENTREGA<\/h1>\n<p>Pode encomendar e retirar em 3 passos simples:[\/vc_column_text][\/vc_column_inner][\/vc_row_inner][vc_row_inner type=&#8221;grid&#8221; css=&#8221;.vc_custom_1441481006709{margin: 0px !important;border-width: 0px !important;padding: 0px !important;}&#8221;][vc_column_inner width=&#8221;1\/3&#8243;][vc_single_image image=&#8221;22636&#8243; img_size=&#8221;120&#215;120&#8243; alignment=&#8221;center&#8221;][vc_separator type=&#8221;transparent&#8221; up=&#8221;35&#8243; down=&#8221;0&#8243;][vc_column_text]<\/p>\n<h5 style=\"text-align: center;\"><span style=\"font-size: 12pt;\">ENCOMENDE ONLINE<\/span><\/h5>\n<p>[\/vc_column_text][vc_separator type=&#8221;transparent&#8221; up=&#8221;20&#8243; down=&#8221;0&#8243;][vc_column_text]<\/p>\n<p style=\"text-align: center;\"><a href=\"https:\/\/www.portugalinternet.com\/br\/#choose\">Fa\u00e7a sua encomenda aqui<\/a><\/p>\n<p style=\"text-align: center;\">antes de viajar<\/p>\n<p>[\/vc_column_text][vc_separator type=&#8221;transparent&#8221; up=&#8221;40&#8243; down=&#8221;0&#8243;][\/vc_column_inner][vc_column_inner width=&#8221;1\/3&#8243;][vc_single_image image=&#8221;22627&#8243; img_size=&#8221;120&#215;120&#8243; alignment=&#8221;center&#8221;][vc_separator type=&#8221;transparent&#8221; up=&#8221;20&#8243; down=&#8221;0&#8243;][vc_column_text]<\/p>\n<h5 style=\"text-align: center;\"><span style=\"font-size: 12pt;\">VOE PARA PORTUGAL<\/span><\/h5>\n<p>[\/vc_column_text][vc_separator type=&#8221;transparent&#8221; up=&#8221;20&#8243; down=&#8221;0&#8243;][vc_column_text]<\/p>\n<p style=\"text-align: center;\">Tenha uma boa viagem!<\/p>\n<p>[\/vc_column_text][vc_separator type=&#8221;transparent&#8221; up=&#8221;40&#8243; down=&#8221;0&#8243;][\/vc_column_inner][vc_column_inner width=&#8221;1\/3&#8243;][vc_single_image image=&#8221;22638&#8243; img_size=&#8221;120&#215;120&#8243; alignment=&#8221;center&#8221;][vc_separator type=&#8221;transparent&#8221; up=&#8221;20&#8243; down=&#8221;0&#8243;][vc_column_text]<\/p>\n<h5 style=\"text-align: center;\"><span style=\"font-size: 12pt;\">RETIRE ONDE FOR MAIS CONVENIENTE<\/span><\/h5>\n<p>[\/vc_column_text][vc_separator type=&#8221;transparent&#8221; up=&#8221;20&#8243; down=&#8221;0&#8243;][vc_column_text]<\/p>\n<p style=\"text-align: center;\">No aeroporto, em seu hotel ou resid\u00eancia. Entregamos <strong>gr\u00e1tis<\/strong> em qualquer lugar de Portugal.<\/p>\n<p>[\/vc_column_text][vc_separator type=&#8221;transparent&#8221; up=&#8221;40&#8243; down=&#8221;0&#8243;][\/vc_column_inner][\/vc_row_inner][\/vc_column][\/vc_row][vc_row][vc_column][vc_column_text]<br \/>\n[\/vc_column_text][\/vc_column][\/vc_row][vc_row type=&#8221;grid&#8221; background_color=&#8221;#f5f5f5&#8243;][vc_column][vc_row_inner type=&#8221;grid&#8221; padding_top=&#8221;80&#8243; padding_bottom=&#8221;60&#8243;][vc_column_inner css=&#8221;.vc_custom_1565701515645{padding-top: 80px !important;padding-bottom: 60px !important;}&#8221;][vc_column_text]<\/p>\n<h2>LOCAIS PARA RETIRAR<\/h2>\n<p>\u00c9 super f\u00e1cil, entregamos sua encomenda em seu hotel, guest house, resid\u00eancia, apartamento, etc. Tamb\u00e9m \u00e9 poss\u00edvel retirar no aeroporto, fazemos entrega em todos os aeroportos internacionais portugueses. [\/vc_column_text][\/vc_column_inner][\/vc_row_inner][vc_row_inner type=&#8221;grid&#8221;][vc_column_inner width=&#8221;1\/5&#8243;][vc_column_text]<\/p>\n<h5 style=\"text-align: center;\"><a title=\"PICKUP AT AIRPORT\" href=\"https:\/\/www.portugalinternet.com\/br\/pickup-return-wifi-rent-data-sim\/airport-pickup\/\">RETIRADA NO<br \/>\nAEROPORTO<\/a><\/h5>\n<p>[\/vc_column_text][vc_separator type=&#8221;transparent&#8221; up=&#8221;5&#8243; down=&#8221;0&#8243;][vc_single_image image=&#8221;271&#8243; img_size=&#8221;300X200&#8243; alignment=&#8221;center&#8221; onclick=&#8221;custom_link&#8221; link=&#8221;https:\/\/www.portugalinternet.com\/br\/pickup-return-wifi-rent-data-sim\/airport-pickup\/&#8221;][vc_separator type=&#8221;transparent&#8221; up=&#8221;10&#8243; down=&#8221;0&#8243;][vc_column_text]<\/p>\n<div>\n<div>\n<p style=\"text-align: center;\">O recebimento pode ser feito nos principais aeroportos portugueses internacionais: Lisboa, Porto, S. Miguel ou Terceira.<\/p>\n<\/div>\n<\/div>\n<p style=\"text-align: center;\"><a href=\"https:\/\/www.portugalinternet.com\/br\/pickup-return-wifi-rent-data-sim\/airport-pickup\/\">+ Detalhes<\/a><\/p>\n<p>[\/vc_column_text][vc_separator type=&#8221;transparent&#8221; up=&#8221;50&#8243; down=&#8221;0&#8243;][\/vc_column_inner][vc_column_inner width=&#8221;1\/5&#8243;][vc_column_text]<\/p>\n<h5 style=\"text-align: center;\">ENTREGA<br \/>\nNO HOTEL<\/h5>\n<p>[\/vc_column_text][vc_separator type=&#8221;transparent&#8221; up=&#8221;5&#8243; down=&#8221;0&#8243;][vc_single_image image=&#8221;64&#8243; img_size=&#8221;300X200&#8243; alignment=&#8221;center&#8221;][vc_separator type=&#8221;transparent&#8221; up=&#8221;10&#8243; down=&#8221;0&#8243;][vc_column_text]<\/p>\n<p style=\"text-align: center;\">N\u00f3s efetuamos a entrega na data da sua chegada. Voc\u00ea poder\u00e1 retirar na recep\u00e7\u00e3o no momento do check-in.<\/p>\n<p>[\/vc_column_text][vc_separator type=&#8221;transparent&#8221; up=&#8221;50&#8243; down=&#8221;0&#8243;][\/vc_column_inner][vc_column_inner width=&#8221;1\/5&#8243;][vc_column_text]<\/p>\n<h5 style=\"text-align: center;\">PONTOS DE<br \/>\nRETIRADA<\/h5>\n<p>[\/vc_column_text][vc_separator type=&#8221;transparent&#8221; up=&#8221;5&#8243; down=&#8221;0&#8243;][vc_single_image image=&#8221;22917&#8243; img_size=&#8221;300X200&#8243; alignment=&#8221;center&#8221; onclick=&#8221;custom_link&#8221; link=&#8221;https:\/\/www.portugalinternet.com\/br\/shop\/googlemaps&#8221;][vc_separator type=&#8221;transparent&#8221; up=&#8221;10&#8243; down=&#8221;0&#8243;][vc_column_text]<\/p>\n<p style=\"text-align: center;\">Retire a sua encomenda num dos 2.000 pontos de recebimento que existem em Portugal.<\/p>\n<p style=\"text-align: center;\"><a href=\"https:\/\/www.portugalinternet.com\/br\/shop\/googlemaps\" target=\"_blank\" rel=\"noopener noreferrer\">Encontrar o Ponto de Retirada mais pr\u00f3ximo<\/a><\/p>\n<p>[\/vc_column_text][vc_separator type=&#8221;transparent&#8221; up=&#8221;50&#8243; down=&#8221;0&#8243;][\/vc_column_inner][vc_column_inner width=&#8221;1\/5&#8243;][vc_column_text]<\/p>\n<h5 style=\"text-align: center;\">ENTREGA NA<br \/>\nRESID\u00caNCIA<\/h5>\n<p>[\/vc_column_text][vc_separator type=&#8221;transparent&#8221; up=&#8221;5&#8243; down=&#8221;0&#8243;][vc_single_image image=&#8221;66&#8243; img_size=&#8221;300X200&#8243; alignment=&#8221;center&#8221;][vc_separator type=&#8221;transparent&#8221; up=&#8221;10&#8243; down=&#8221;0&#8243;][vc_column_text]<\/p>\n<p style=\"text-align: center;\">A encomenda \u00e9 entregue em m\u00e3o em qualquer endere\u00e7o de Portugal.<\/p>\n<p>[\/vc_column_text][vc_separator type=&#8221;transparent&#8221; up=&#8221;50&#8243; down=&#8221;0&#8243;][\/vc_column_inner][vc_column_inner width=&#8221;1\/5&#8243;][vc_column_text]<\/p>\n<h5 style=\"text-align: center;\">RETIRADA DE<br \/>\n\u00daLTIMA HORA<\/h5>\n<p>[\/vc_column_text][vc_separator type=&#8221;transparent&#8221; up=&#8221;5&#8243; down=&#8221;0&#8243;][vc_single_image image=&#8221;24080&#8243; img_size=&#8221;300X200&#8243; alignment=&#8221;center&#8221;][vc_separator type=&#8221;transparent&#8221; up=&#8221;10&#8243; down=&#8221;0&#8243;][vc_column_text]<\/p>\n<div class=\"wpb_text_column wpb_content_element \">\n<div class=\"wpb_wrapper\">\n<p style=\"text-align: center;\">Retire no mesmo dia em um dos nossos pontos de retirada de \u00faltima hora.<\/p>\n<p style=\"text-align: center;\"><a href=\"https:\/\/www.portugalinternet.com\/br\/last-minute\/\" target=\"_blank\" rel=\"noopener noreferrer\">Ver os pontos de retirada de \u00daltima Hora dispon\u00edveis <\/a><\/p>\n<\/div>\n<\/div>\n<p>[\/vc_column_text][\/vc_column_inner][\/vc_row_inner][\/vc_column][\/vc_row][vc_row type=&#8221;grid&#8221; background_color=&#8221;#ffffff&#8221; padding_bottom=&#8221;30&#8243;][vc_column][vc_row_inner type=&#8221;grid&#8221; padding_top=&#8221;60&#8243; css=&#8221;.vc_custom_1565702063357{padding-top: 60px !important;}&#8221;][vc_column_inner][vc_column_text]<\/p>\n<h2>O QUE IR\u00c1 RECEBER<\/h2>\n<p>[\/vc_column_text][\/vc_column_inner][\/vc_row_inner][vc_row_inner type=&#8221;grid&#8221; padding_top=&#8221;60&#8243; padding_bottom=&#8221;60&#8243; css=&#8221;.vc_custom_1565701718526{padding-top: 60px !important;padding-bottom: 60px !important;}&#8221;][vc_column_inner width=&#8221;1\/2&#8243;][vc_column_text]<\/p>\n<p>Se escolher o aluguel do roteador, ir\u00e1 receber o pacote que inclui:<\/p>\n<p style=\"padding-left: 30px;\">&#8211; O roteador pronto a usar;<\/p>\n<p style=\"padding-left: 30px;\">&#8211; Um carregador de bateria com fichas el\u00e9tr\u00f4nicas portuguesas;<\/p>\n<p style=\"padding-left: 30px;\">&#8211; A senha do hotspot WiFi;<\/p>\n<p style=\"padding-left: 30px;\">&#8211; Um envelope de devolu\u00e7\u00e3o pronto para ser enviado. Basta colocar em qualquer caixa do correio.<\/p>\n<p style=\"text-align: left;\">[\/vc_column_text][\/vc_column_inner][vc_column_inner width=&#8221;1\/2&#8243;][vc_single_image image=&#8221;22045&#8243; img_size=&#8221;240X180&#8243;][\/vc_column_inner][\/vc_row_inner][\/vc_column][\/vc_row][vc_row type=&#8221;grid&#8221; background_color=&#8221;#f5f5f5&#8243; padding_top=&#8221;50&#8243; padding_bottom=&#8221;30&#8243;][vc_column][vc_row_inner type=&#8221;grid&#8221; padding_top=&#8221;20&#8243; padding_bottom=&#8221;20&#8243;][vc_column_inner][vc_column_text]<\/p>\n<h2>COMO DEVOLVER<\/h2>\n<p style=\"text-align: left;\">[\/vc_column_text][vc_separator type=&#8221;transparent&#8221; down=&#8221;25&#8243;][\/vc_column_inner][\/vc_row_inner][vc_row_inner type=&#8221;grid&#8221; padding_bottom=&#8221;42&#8243; css=&#8221;.vc_custom_1565702244582{padding-bottom: 42px !important;}&#8221;][vc_column_inner width=&#8221;1\/4&#8243;][vc_single_image image=&#8221;73&#8243; img_size=&#8221;50X50&#8243; alignment=&#8221;right&#8221;][\/vc_column_inner][vc_column_inner width=&#8221;3\/4&#8243;][vc_column_text]<\/p>\n<h5>COLOQUE TUDO NO ENVELOPE DE DEVOLU\u00c7\u00c3O QUE LHE ENVI\u00c1MOS.<\/h5>\n<p style=\"text-align: left;\">Confirme, por favor, se todos os itens est\u00e3o no envelope. [\/vc_column_text][\/vc_column_inner][\/vc_row_inner][vc_row_inner type=&#8221;grid&#8221; padding_bottom=&#8221;42&#8243; css=&#8221;.vc_custom_1565702247735{padding-bottom: 42px !important;}&#8221;][vc_column_inner width=&#8221;1\/4&#8243;][vc_single_image image=&#8221;74&#8243; img_size=&#8221;50X50&#8243; alignment=&#8221;right&#8221;][\/vc_column_inner][vc_column_inner width=&#8221;3\/4&#8243;][vc_column_text]<\/p>\n<h5>COLOQUE EM UMA CAIXA DE CORREIO.<\/h5>\n<p style=\"text-align: left;\">Existem ag\u00eancias de correio em todos os aeroportos. Se ficar hospedado em um hotel pode pedir na recep\u00e7\u00e3o para que eles fa\u00e7am a devolu\u00e7\u00e3o da encomenda. [\/vc_column_text][\/vc_column_inner][\/vc_row_inner][vc_row_inner type=&#8221;grid&#8221; padding_bottom=&#8221;35&#8243; css=&#8221;.vc_custom_1565702252616{padding-bottom: 42px !important;}&#8221;][vc_column_inner width=&#8221;1\/4&#8243;][vc_single_image image=&#8221;72&#8243; img_size=&#8221;50X50&#8243; alignment=&#8221;right&#8221;][\/vc_column_inner][vc_column_inner width=&#8221;3\/4&#8243;][vc_column_text]<\/p>\n<h5>\u00c9 TUDO!<\/h5>\n<p style=\"text-align: left;\">Muito simples. N\u00e3o precisa pagar taxas ou comprar selos e envelopes. [\/vc_column_text][\/vc_column_inner][\/vc_row_inner][\/vc_column][\/vc_row][vc_row type=&#8221;grid&#8221; background_color=&#8221;#ffffff&#8221; padding_bottom=&#8221;80&#8243;][vc_column][vc_row_inner type=&#8221;grid&#8221; padding_top=&#8221;60&#8243; padding_bottom=&#8221;40&#8243;][vc_column_inner css=&#8221;.vc_custom_1565702239966{padding-top: 60px !important;padding-bottom: 40px !important;}&#8221;][vc_column_text]<\/p>\n<h2>T\u00cdPICAS CAIXAS DE CORREIO PORTUGUESAS<\/h2>\n<p style=\"text-align: left;\">[\/vc_column_text][vc_column_text] As caixas de correio portuguesas s\u00e3o normalmente vermelhas com a identifica\u00e7\u00e3o \u201cCORREIOS\u201d ou \u201cCTT\u201d.<\/p>\n<p style=\"text-align: left;\">Podem ser encontradas em todos os aeroportos portugueses internacionais e nas cidades.<\/p>\n<p style=\"text-align: left;\">[\/vc_column_text][\/vc_column_inner][\/vc_row_inner][vc_row_inner type=&#8221;grid&#8221; padding_top=&#8221;30&#8243; padding_bottom=&#8221;60&#8243;][vc_column_inner width=&#8221;1\/4&#8243;][vc_single_image image=&#8221;78&#8243; img_size=&#8221;300X225&#8243; alignment=&#8221;center&#8221;][\/vc_column_inner][vc_column_inner width=&#8221;1\/4&#8243;][vc_single_image image=&#8221;81&#8243; img_size=&#8221;300X225&#8243; alignment=&#8221;center&#8221;][\/vc_column_inner][vc_column_inner width=&#8221;1\/4&#8243;][vc_single_image image=&#8221;21715&#8243; img_size=&#8221;300X225&#8243; alignment=&#8221;center&#8221;][\/vc_column_inner][vc_column_inner width=&#8221;1\/4&#8243;][vc_single_image image=&#8221;21716&#8243; img_size=&#8221;300X225&#8243; alignment=&#8221;center&#8221;][\/vc_column_inner][\/vc_row_inner][\/vc_column][\/vc_row][vc_row][vc_column][vc_column_text]<\/p>\n<p>[\/vc_column_text][\/vc_column][\/vc_row]<\/p>\n<p><\/p>","protected":false},"excerpt":{"rendered":"<p>[vc_row type=&#8221;grid&#8221; background_color=&#8221;#ffffff&#8221; padding_bottom=&#8221;10&#8243;][vc_column][vc_row_inner type=&#8221;grid&#8221; padding_bottom=&#8221;60&#8243;][vc_column_inner][vc_column_text] ENCOMENDA E ENTREGA Pode encomendar e retirar em 3 passos simples:[\/vc_column_text][\/vc_column_inner][\/vc_row_inner][vc_row_inner type=&#8221;grid&#8221; css=&#8221;.vc_custom_1441481006709{margin: 0px !important;border-width: 0px !important;padding: 0px !important;}&#8221;][vc_column_inner width=&#8221;1\/3&#8243;][vc_single_image image=&#8221;22636&#8243; img_size=&#8221;120&#215;120&#8243; alignment=&#8221;center&#8221;][vc_separator type=&#8221;transparent&#8221; up=&#8221;35&#8243; down=&#8221;0&#8243;][vc_column_text] ENCOMENDE ONLINE [\/vc_column_text][vc_separator type=&#8221;transparent&#8221; up=&#8221;20&#8243; down=&#8221;0&#8243;][vc_column_text] Fa\u00e7a sua encomenda aqui antes de viajar&#8230;<\/p>\n","protected":false},"author":1,"featured_media":0,"parent":0,"menu_order":3,"comment_status":"closed","ping_status":"closed","template":"full_width.php","meta":{"_et_pb_use_builder":"","_et_pb_old_content":"","_et_gb_content_width":"","_monsterinsights_skip_tracking":false,"_monsterinsights_sitenote_active":false,"_monsterinsights_sitenote_note":"","_monsterinsights_sitenote_category":0},"yoast_head":"<!-- This site is optimized with the Yoast SEO plugin v19.13 - https:\/\/yoast.com\/wordpress\/plugins\/seo\/ -->\n<title>Portugal Internet - F\u00e1cil aluguel, retirada e devolu\u00e7\u00e3o<\/title>\n<meta name=\"robots\" content=\"index, follow, max-snippet:-1, max-image-preview:large, max-video-preview:-1\" \/>\n<link rel=\"canonical\" href=\"https:\/\/www.portugalinternet.com\/br\/pickup-return-wifi-rent-data-sim\/\" \/>\n<meta property=\"og:locale\" content=\"pt_BR\" \/>\n<meta property=\"og:type\" content=\"article\" \/>\n<meta property=\"og:title\" content=\"[:en]Portugal Internet - Easy rent, pickup and return[:es]Portugal Internet - F\u00e1cil alquiler, recogida y devoluci\u00f3n[:fr]Portugal Internet - Location, retrait et retour faciles[:pt]Portugal Internet - F\u00e1cil aluguer, recolha e devolu\u00e7\u00e3o[:br]Portugal Internet - F\u00e1cil aluguel, retirada e devolu\u00e7\u00e3o[:]\" \/>\n<meta property=\"og:description\" content=\"[vc_row type=&#8221;grid&#8221; background_color=&#8221;#ffffff&#8221; padding_bottom=&#8221;10&#8243;][vc_column][vc_row_inner type=&#8221;grid&#8221; padding_bottom=&#8221;60&#8243;][vc_column_inner][vc_column_text] ENCOMENDA E ENTREGA Pode encomendar e retirar em 3 passos simples:[\/vc_column_text][\/vc_column_inner][\/vc_row_inner][vc_row_inner type=&#8221;grid&#8221; css=&#8221;.vc_custom_1441481006709{margin: 0px !important;border-width: 0px !important;padding: 0px !important;}&#8221;][vc_column_inner width=&#8221;1\/3&#8243;][vc_single_image image=&#8221;22636&#8243; img_size=&#8221;120&#215;120&#8243; alignment=&#8221;center&#8221;][vc_separator type=&#8221;transparent&#8221; up=&#8221;35&#8243; down=&#8221;0&#8243;][vc_column_text] ENCOMENDE ONLINE [\/vc_column_text][vc_separator type=&#8221;transparent&#8221; up=&#8221;20&#8243; down=&#8221;0&#8243;][vc_column_text] Fa\u00e7a sua encomenda aqui antes de viajar...\" \/>\n<meta property=\"og:url\" content=\"https:\/\/www.portugalinternet.com\/pickup-return-wifi-rent-data-sim\/\" \/>\n<meta property=\"og:site_name\" content=\"Get Internet in Portugal - Internet for your travel\" \/>\n<meta property=\"article:publisher\" content=\"https:\/\/www.facebook.com\/portugalinternet\" \/>\n<meta property=\"article:modified_time\" content=\"2024-11-01T12:26:50+00:00\" \/>\n<meta name=\"twitter:card\" content=\"summary_large_image\" \/>\n<meta name=\"twitter:label1\" content=\"Est. reading time\" \/>\n\t<meta name=\"twitter:data1\" content=\"13 minutos\" \/>\n<script type=\"application\/ld+json\" class=\"yoast-schema-graph\">{\"@context\":\"https:\/\/schema.org\",\"@graph\":[{\"@type\":\"WebPage\",\"@id\":\"https:\/\/www.portugalinternet.com\/pickup-return-wifi-rent-data-sim\/\",\"url\":\"https:\/\/www.portugalinternet.com\/pickup-return-wifi-rent-data-sim\/\",\"name\":\"[:en]Portugal Internet - Easy rent, pickup and return[:es]Portugal Internet - F\u00e1cil alquiler, recogida y devoluci\u00f3n[:fr]Portugal Internet - Location, retrait et retour faciles[:pt]Portugal Internet - F\u00e1cil aluguer, recolha e devolu\u00e7\u00e3o[:br]Portugal Internet - F\u00e1cil aluguel, retirada e devolu\u00e7\u00e3o[:]\",\"isPartOf\":{\"@id\":\"https:\/\/www.portugalinternet.com\/br\/#website\"},\"datePublished\":\"2015-07-05T22:27:08+00:00\",\"dateModified\":\"2024-11-01T12:26:50+00:00\",\"breadcrumb\":{\"@id\":\"https:\/\/www.portugalinternet.com\/pickup-return-wifi-rent-data-sim\/#breadcrumb\"},\"inLanguage\":\"pt-BR\",\"potentialAction\":[{\"@type\":\"ReadAction\",\"target\":[\"https:\/\/www.portugalinternet.com\/pickup-return-wifi-rent-data-sim\/\"]}]},{\"@type\":\"BreadcrumbList\",\"@id\":\"https:\/\/www.portugalinternet.com\/pickup-return-wifi-rent-data-sim\/#breadcrumb\",\"itemListElement\":[{\"@type\":\"ListItem\",\"position\":1,\"name\":\"Home\",\"item\":\"https:\/\/www.portugalinternet.com\/\"},{\"@type\":\"ListItem\",\"position\":2,\"name\":\"Pickup and return\"}]},{\"@type\":\"WebSite\",\"@id\":\"https:\/\/www.portugalinternet.com\/br\/#website\",\"url\":\"https:\/\/www.portugalinternet.com\/br\/\",\"name\":\"Portugal Internet\",\"description\":\"If you want to access the Internet in Portugal during your trip, here&#039;s a low cost and convenient solution to get internet everywhere. Learn more.\",\"publisher\":{\"@id\":\"https:\/\/www.portugalinternet.com\/br\/#organization\"},\"potentialAction\":[{\"@type\":\"SearchAction\",\"target\":{\"@type\":\"EntryPoint\",\"urlTemplate\":\"https:\/\/www.portugalinternet.com\/br\/?s={search_term_string}\"},\"query-input\":\"required name=search_term_string\"}],\"inLanguage\":\"pt-BR\"},{\"@type\":\"Organization\",\"@id\":\"https:\/\/www.portugalinternet.com\/br\/#organization\",\"name\":\"Portugal Internet\",\"url\":\"https:\/\/www.portugalinternet.com\/br\/\",\"logo\":{\"@type\":\"ImageObject\",\"inLanguage\":\"pt-BR\",\"@id\":\"https:\/\/www.portugalinternet.com\/br\/#\/schema\/logo\/image\/\",\"url\":\"https:\/\/www.portugalinternet.com\/app\/uploads\/main_logo_100_final.png\",\"contentUrl\":\"https:\/\/www.portugalinternet.com\/app\/uploads\/main_logo_100_final.png\",\"width\":166,\"height\":58,\"caption\":\"Portugal Internet\"},\"image\":{\"@id\":\"https:\/\/www.portugalinternet.com\/br\/#\/schema\/logo\/image\/\"},\"sameAs\":[\"https:\/\/www.instagram.com\/portugalinternet\/\",\"https:\/\/www.facebook.com\/portugalinternet\"]}]}<\/script>\n<!-- \/ Yoast SEO plugin. -->","yoast_head_json":{"title":"[:en]Portugal Internet - Easy rent, pickup and return[:es]Portugal Internet - F\u00e1cil alquiler, recogida y devoluci\u00f3n[:fr]Portugal Internet - Location, retrait et retour faciles[:pt]Portugal Internet - F\u00e1cil aluguer, recolha e devolu\u00e7\u00e3o[:br]Portugal Internet - F\u00e1cil aluguel, retirada e devolu\u00e7\u00e3o[:]","robots":{"index":"index","follow":"follow","max-snippet":"max-snippet:-1","max-image-preview":"max-image-preview:large","max-video-preview":"max-video-preview:-1"},"canonical":"https:\/\/www.portugalinternet.com\/br\/pickup-return-wifi-rent-data-sim\/","og_locale":"pt_BR","og_type":"article","og_title":"[:en]Portugal Internet - Easy rent, pickup and return[:es]Portugal Internet - F\u00e1cil alquiler, recogida y devoluci\u00f3n[:fr]Portugal Internet - Location, retrait et retour faciles[:pt]Portugal Internet - F\u00e1cil aluguer, recolha e devolu\u00e7\u00e3o[:br]Portugal Internet - F\u00e1cil aluguel, retirada e devolu\u00e7\u00e3o[:]","og_description":"[vc_row type=&#8221;grid&#8221; background_color=&#8221;#ffffff&#8221; padding_bottom=&#8221;10&#8243;][vc_column][vc_row_inner type=&#8221;grid&#8221; padding_bottom=&#8221;60&#8243;][vc_column_inner][vc_column_text] ENCOMENDA E ENTREGA Pode encomendar e retirar em 3 passos simples:[\/vc_column_text][\/vc_column_inner][\/vc_row_inner][vc_row_inner type=&#8221;grid&#8221; css=&#8221;.vc_custom_1441481006709{margin: 0px !important;border-width: 0px !important;padding: 0px !important;}&#8221;][vc_column_inner width=&#8221;1\/3&#8243;][vc_single_image image=&#8221;22636&#8243; img_size=&#8221;120&#215;120&#8243; alignment=&#8221;center&#8221;][vc_separator type=&#8221;transparent&#8221; up=&#8221;35&#8243; down=&#8221;0&#8243;][vc_column_text] ENCOMENDE ONLINE [\/vc_column_text][vc_separator type=&#8221;transparent&#8221; up=&#8221;20&#8243; down=&#8221;0&#8243;][vc_column_text] Fa\u00e7a sua encomenda aqui antes de viajar...","og_url":"https:\/\/www.portugalinternet.com\/pickup-return-wifi-rent-data-sim\/","og_site_name":"Get Internet in Portugal - Internet for your travel","article_publisher":"https:\/\/www.facebook.com\/portugalinternet","article_modified_time":"2024-11-01T12:26:50+00:00","twitter_card":"summary_large_image","twitter_misc":{"Est. reading time":"13 minutos"},"schema":{"@context":"https:\/\/schema.org","@graph":[{"@type":"WebPage","@id":"https:\/\/www.portugalinternet.com\/pickup-return-wifi-rent-data-sim\/","url":"https:\/\/www.portugalinternet.com\/pickup-return-wifi-rent-data-sim\/","name":"[:en]Portugal Internet - Easy rent, pickup and return[:es]Portugal Internet - F\u00e1cil alquiler, recogida y devoluci\u00f3n[:fr]Portugal Internet - Location, retrait et retour faciles[:pt]Portugal Internet - F\u00e1cil aluguer, recolha e devolu\u00e7\u00e3o[:br]Portugal Internet - F\u00e1cil aluguel, retirada e devolu\u00e7\u00e3o[:]","isPartOf":{"@id":"https:\/\/www.portugalinternet.com\/br\/#website"},"datePublished":"2015-07-05T22:27:08+00:00","dateModified":"2024-11-01T12:26:50+00:00","breadcrumb":{"@id":"https:\/\/www.portugalinternet.com\/pickup-return-wifi-rent-data-sim\/#breadcrumb"},"inLanguage":"pt-BR","potentialAction":[{"@type":"ReadAction","target":["https:\/\/www.portugalinternet.com\/pickup-return-wifi-rent-data-sim\/"]}]},{"@type":"BreadcrumbList","@id":"https:\/\/www.portugalinternet.com\/pickup-return-wifi-rent-data-sim\/#breadcrumb","itemListElement":[{"@type":"ListItem","position":1,"name":"Home","item":"https:\/\/www.portugalinternet.com\/"},{"@type":"ListItem","position":2,"name":"Pickup and return"}]},{"@type":"WebSite","@id":"https:\/\/www.portugalinternet.com\/br\/#website","url":"https:\/\/www.portugalinternet.com\/br\/","name":"Portugal Internet","description":"If you want to access the Internet in Portugal during your trip, here&#039;s a low cost and convenient solution to get internet everywhere. Learn more.","publisher":{"@id":"https:\/\/www.portugalinternet.com\/br\/#organization"},"potentialAction":[{"@type":"SearchAction","target":{"@type":"EntryPoint","urlTemplate":"https:\/\/www.portugalinternet.com\/br\/?s={search_term_string}"},"query-input":"required name=search_term_string"}],"inLanguage":"pt-BR"},{"@type":"Organization","@id":"https:\/\/www.portugalinternet.com\/br\/#organization","name":"Portugal Internet","url":"https:\/\/www.portugalinternet.com\/br\/","logo":{"@type":"ImageObject","inLanguage":"pt-BR","@id":"https:\/\/www.portugalinternet.com\/br\/#\/schema\/logo\/image\/","url":"https:\/\/www.portugalinternet.com\/app\/uploads\/main_logo_100_final.png","contentUrl":"https:\/\/www.portugalinternet.com\/app\/uploads\/main_logo_100_final.png","width":166,"height":58,"caption":"Portugal Internet"},"image":{"@id":"https:\/\/www.portugalinternet.com\/br\/#\/schema\/logo\/image\/"},"sameAs":["https:\/\/www.instagram.com\/portugalinternet\/","https:\/\/www.facebook.com\/portugalinternet"]}]}},"_links":{"self":[{"href":"https:\/\/www.portugalinternet.com\/br\/wp-json\/wp\/v2\/pages\/62"}],"collection":[{"href":"https:\/\/www.portugalinternet.com\/br\/wp-json\/wp\/v2\/pages"}],"about":[{"href":"https:\/\/www.portugalinternet.com\/br\/wp-json\/wp\/v2\/types\/page"}],"author":[{"embeddable":true,"href":"https:\/\/www.portugalinternet.com\/br\/wp-json\/wp\/v2\/users\/1"}],"replies":[{"embeddable":true,"href":"https:\/\/www.portugalinternet.com\/br\/wp-json\/wp\/v2\/comments?post=62"}],"version-history":[{"count":159,"href":"https:\/\/www.portugalinternet.com\/br\/wp-json\/wp\/v2\/pages\/62\/revisions"}],"predecessor-version":[{"id":26410,"href":"https:\/\/www.portugalinternet.com\/br\/wp-json\/wp\/v2\/pages\/62\/revisions\/26410"}],"wp:attachment":[{"href":"https:\/\/www.portugalinternet.com\/br\/wp-json\/wp\/v2\/media?parent=62"}],"curies":[{"name":"wp","href":"https:\/\/api.w.org\/{rel}","templated":true}]}}