{"id":23295,"date":"2017-03-14T16:05:50","date_gmt":"2017-03-14T16:05:50","guid":{"rendered":"https:\/\/www.portugalinternet.com\/?page_id=23295"},"modified":"2025-12-03T14:07:17","modified_gmt":"2025-12-03T14:07:17","slug":"price-explanation-wifi","status":"publish","type":"page","link":"https:\/\/www.portugalinternet.com\/br\/price-explanation-wifi\/","title":{"rendered":"Explica\u00e7\u00e3o do pre\u00e7o"},"content":{"rendered":"<p><\/p>\n<p>[vc_row background_color=&#8221;#ffffff&#8221; border_color=&#8221;#ffffff&#8221;][vc_column][vc_column_text]<\/p>\n<h1 style=\"text-align: center;\"><span style=\"font-size: 20px;\"><strong>Como os pre\u00e7os s\u00e3o calculados<\/strong><\/span><\/h1>\n<p>[\/vc_column_text][vc_empty_space height=&#8221;20px&#8221;][vc_column_text]<\/p>\n<p style=\"text-align: left;\">Os pre\u00e7os s\u00e3o aplic\u00e1veis para cada um dos dias correspondentes.<br \/>\nIsso significa que, por exemplo, voc\u00ea paga 1\u20ac\/dia por cada dia alugado ap\u00f3s o dia 30.<\/p>\n<p style=\"text-align: left;\"><span style=\"color: #ffffff;\">.<\/span><\/p>\n<p style=\"text-align: left;\">Pode encontrar alguns exemplos abaixo:<\/p>\n<p>[\/vc_column_text][vc_empty_space height=&#8221;20px&#8221;][vc_column_text]<\/p>\n<h2><span style=\"font-size: 16px;\"><strong>Exemplo de aluguel do WiFi por 14 dias <\/strong><\/span><\/h2>\n<p>[\/vc_column_text][vc_column_text]Dias 1 a 5, a 6\u20ac \/dia = 30\u20ac<br \/>\nDias 6 a 9, a 4\u20ac \/dia = 16\u20ac<br \/>\nDias 10 a 14, a 2\u20ac \/dia = 10\u20ac<\/p>\n<p>Total = 30\u20ac + 16\u20ac + 10\u20ac = 56\u20ac[\/vc_column_text][vc_empty_space height=&#8221;20px&#8221;][vc_column_text]<\/p>\n<h2><span style=\"font-size: 16px;\"><strong>Exemplo de aluguel do chip por 31 dias\u00a0<\/strong><\/span><\/h2>\n<p>[\/vc_column_text][vc_column_text]Dias 1 a 5, a 5\u20ac \/dia = 25\u20ac<br \/>\nDias 6 a 9, a 3\u20ac \/dia = 12\u20ac<br \/>\nDias 10 a 20, a 1\u20ac \/dia = 11\u20ac<br \/>\nDias 21 a 30, a 1\u20ac \/dia = 10\u20ac<br \/>\nDia 31, a 1\u20ac \/dia = 1\u20ac<\/p>\n<p>Total = 25\u20ac + 12\u20ac + 11\u20ac + 10\u20ac + 1\u20ac = 59\u20ac[\/vc_column_text][vc_empty_space height=&#8221;20px&#8221;][vc_column_text]<\/p>\n<h2><span style=\"font-size: 16px;\"><strong>Exemplo de eSIM por 60 dias\u00a0<\/strong><\/span><\/h2>\n<p>[\/vc_column_text][vc_column_text]Dias 1 a 4, a 3\u20ac \/d\u00eda = 12\u20ac<br \/>\nDias 5 a 11, a 2\u20ac \/d\u00eda = 14\u20ac<br \/>\nDias 12 a 20, a 1\u20ac \/d\u00eda = 9\u20ac<br \/>\nDias 21 a 30, a 0.5\u20ac \/d\u00eda = 5\u20ac<br \/>\nDias 31 a 60, a 1\u20ac \/d\u00eda = 30\u20ac<\/p>\n<p>Total = 12\u20ac + 14\u20ac + 9\u20ac + 5\u20ac + 30\u20ac = 70\u20ac[\/vc_column_text][vc_empty_space height=&#8221;80px&#8221;][\/vc_column][\/vc_row][vc_row][vc_column][\/vc_column][\/vc_row]<\/p>\n<p><\/p>","protected":false},"excerpt":{"rendered":"<p>[vc_row background_color=&#8221;#ffffff&#8221; border_color=&#8221;#ffffff&#8221;][vc_column][vc_column_text] Como os pre\u00e7os s\u00e3o calculados [\/vc_column_text][vc_empty_space height=&#8221;20px&#8221;][vc_column_text] Os pre\u00e7os s\u00e3o aplic\u00e1veis para cada um dos dias correspondentes. Isso significa que, por exemplo, voc\u00ea paga 1\u20ac\/dia por cada dia alugado ap\u00f3s o dia 30. . Pode encontrar alguns exemplos abaixo: [\/vc_column_text][vc_empty_space height=&#8221;20px&#8221;][vc_column_text] Exemplo&#8230;<\/p>\n","protected":false},"author":1,"featured_media":0,"parent":0,"menu_order":10,"comment_status":"closed","ping_status":"closed","template":"","meta":{"_et_pb_use_builder":"","_et_pb_old_content":"","_et_gb_content_width":"","_monsterinsights_skip_tracking":false,"_monsterinsights_sitenote_active":false,"_monsterinsights_sitenote_note":"","_monsterinsights_sitenote_category":0},"yoast_head":"<!-- This site is optimized with the Yoast SEO plugin v19.13 - https:\/\/yoast.com\/wordpress\/plugins\/seo\/ -->\n<title>Explica\u00e7\u00e3o do pre\u00e7o - Get Internet in Portugal - Internet for your travel<\/title>\n<meta name=\"robots\" content=\"index, follow, max-snippet:-1, max-image-preview:large, max-video-preview:-1\" \/>\n<link rel=\"canonical\" href=\"https:\/\/www.portugalinternet.com\/br\/price-explanation-wifi\/\" \/>\n<meta property=\"og:locale\" content=\"pt_BR\" \/>\n<meta property=\"og:type\" content=\"article\" \/>\n<meta property=\"og:title\" content=\"[:en]Price explanation [:es]Explicaci\u00f3n de precios[:fr]Explication des prix[:pt]Explica\u00e7\u00e3o do pre\u00e7o[:br]Explica\u00e7\u00e3o do pre\u00e7o[:] - Get Internet in Portugal - Internet for your travel\" \/>\n<meta property=\"og:description\" content=\"[vc_row background_color=&#8221;#ffffff&#8221; border_color=&#8221;#ffffff&#8221;][vc_column][vc_column_text] Como os pre\u00e7os s\u00e3o calculados [\/vc_column_text][vc_empty_space height=&#8221;20px&#8221;][vc_column_text] Os pre\u00e7os s\u00e3o aplic\u00e1veis para cada um dos dias correspondentes. Isso significa que, por exemplo, voc\u00ea paga 1\u20ac\/dia por cada dia alugado ap\u00f3s o dia 30. . Pode encontrar alguns exemplos abaixo: [\/vc_column_text][vc_empty_space height=&#8221;20px&#8221;][vc_column_text] Exemplo...\" \/>\n<meta property=\"og:url\" content=\"https:\/\/www.portugalinternet.com\/price-explanation-wifi\/\" \/>\n<meta property=\"og:site_name\" content=\"Get Internet in Portugal - Internet for your travel\" \/>\n<meta property=\"article:publisher\" content=\"https:\/\/www.facebook.com\/portugalinternet\" \/>\n<meta property=\"article:modified_time\" content=\"2025-12-03T14:07:17+00:00\" \/>\n<meta name=\"twitter:card\" content=\"summary_large_image\" \/>\n<meta name=\"twitter:label1\" content=\"Est. reading time\" \/>\n\t<meta name=\"twitter:data1\" content=\"5 minutos\" \/>\n<script type=\"application\/ld+json\" class=\"yoast-schema-graph\">{\"@context\":\"https:\/\/schema.org\",\"@graph\":[{\"@type\":\"WebPage\",\"@id\":\"https:\/\/www.portugalinternet.com\/price-explanation-wifi\/\",\"url\":\"https:\/\/www.portugalinternet.com\/price-explanation-wifi\/\",\"name\":\"[:en]Price explanation [:es]Explicaci\u00f3n de precios[:fr]Explication des prix[:pt]Explica\u00e7\u00e3o do pre\u00e7o[:br]Explica\u00e7\u00e3o do pre\u00e7o[:] - Get Internet in Portugal - Internet for your travel\",\"isPartOf\":{\"@id\":\"https:\/\/www.portugalinternet.com\/br\/#website\"},\"datePublished\":\"2017-03-14T16:05:50+00:00\",\"dateModified\":\"2025-12-03T14:07:17+00:00\",\"breadcrumb\":{\"@id\":\"https:\/\/www.portugalinternet.com\/price-explanation-wifi\/#breadcrumb\"},\"inLanguage\":\"pt-BR\",\"potentialAction\":[{\"@type\":\"ReadAction\",\"target\":[\"https:\/\/www.portugalinternet.com\/price-explanation-wifi\/\"]}]},{\"@type\":\"BreadcrumbList\",\"@id\":\"https:\/\/www.portugalinternet.com\/price-explanation-wifi\/#breadcrumb\",\"itemListElement\":[{\"@type\":\"ListItem\",\"position\":1,\"name\":\"Home\",\"item\":\"https:\/\/www.portugalinternet.com\/\"},{\"@type\":\"ListItem\",\"position\":2,\"name\":\"Price explanation\"}]},{\"@type\":\"WebSite\",\"@id\":\"https:\/\/www.portugalinternet.com\/br\/#website\",\"url\":\"https:\/\/www.portugalinternet.com\/br\/\",\"name\":\"Portugal Internet\",\"description\":\"If you want to access the Internet in Portugal during your trip, here&#039;s a low cost and convenient solution to get internet everywhere. Learn more.\",\"publisher\":{\"@id\":\"https:\/\/www.portugalinternet.com\/br\/#organization\"},\"potentialAction\":[{\"@type\":\"SearchAction\",\"target\":{\"@type\":\"EntryPoint\",\"urlTemplate\":\"https:\/\/www.portugalinternet.com\/br\/?s={search_term_string}\"},\"query-input\":\"required name=search_term_string\"}],\"inLanguage\":\"pt-BR\"},{\"@type\":\"Organization\",\"@id\":\"https:\/\/www.portugalinternet.com\/br\/#organization\",\"name\":\"Portugal Internet\",\"url\":\"https:\/\/www.portugalinternet.com\/br\/\",\"logo\":{\"@type\":\"ImageObject\",\"inLanguage\":\"pt-BR\",\"@id\":\"https:\/\/www.portugalinternet.com\/br\/#\/schema\/logo\/image\/\",\"url\":\"https:\/\/www.portugalinternet.com\/app\/uploads\/main_logo_100_final.png\",\"contentUrl\":\"https:\/\/www.portugalinternet.com\/app\/uploads\/main_logo_100_final.png\",\"width\":166,\"height\":58,\"caption\":\"Portugal Internet\"},\"image\":{\"@id\":\"https:\/\/www.portugalinternet.com\/br\/#\/schema\/logo\/image\/\"},\"sameAs\":[\"https:\/\/www.instagram.com\/portugalinternet\/\",\"https:\/\/www.facebook.com\/portugalinternet\"]}]}<\/script>\n<!-- \/ Yoast SEO plugin. -->","yoast_head_json":{"title":"[:en]Price explanation [:es]Explicaci\u00f3n de precios[:fr]Explication des prix[:pt]Explica\u00e7\u00e3o do pre\u00e7o[:br]Explica\u00e7\u00e3o do pre\u00e7o[:] - Get Internet in Portugal - Internet for your travel","robots":{"index":"index","follow":"follow","max-snippet":"max-snippet:-1","max-image-preview":"max-image-preview:large","max-video-preview":"max-video-preview:-1"},"canonical":"https:\/\/www.portugalinternet.com\/br\/price-explanation-wifi\/","og_locale":"pt_BR","og_type":"article","og_title":"[:en]Price explanation [:es]Explicaci\u00f3n de precios[:fr]Explication des prix[:pt]Explica\u00e7\u00e3o do pre\u00e7o[:br]Explica\u00e7\u00e3o do pre\u00e7o[:] - Get Internet in Portugal - Internet for your travel","og_description":"[vc_row background_color=&#8221;#ffffff&#8221; border_color=&#8221;#ffffff&#8221;][vc_column][vc_column_text] Como os pre\u00e7os s\u00e3o calculados [\/vc_column_text][vc_empty_space height=&#8221;20px&#8221;][vc_column_text] Os pre\u00e7os s\u00e3o aplic\u00e1veis para cada um dos dias correspondentes. Isso significa que, por exemplo, voc\u00ea paga 1\u20ac\/dia por cada dia alugado ap\u00f3s o dia 30. . Pode encontrar alguns exemplos abaixo: [\/vc_column_text][vc_empty_space height=&#8221;20px&#8221;][vc_column_text] Exemplo...","og_url":"https:\/\/www.portugalinternet.com\/price-explanation-wifi\/","og_site_name":"Get Internet in Portugal - Internet for your travel","article_publisher":"https:\/\/www.facebook.com\/portugalinternet","article_modified_time":"2025-12-03T14:07:17+00:00","twitter_card":"summary_large_image","twitter_misc":{"Est. reading time":"5 minutos"},"schema":{"@context":"https:\/\/schema.org","@graph":[{"@type":"WebPage","@id":"https:\/\/www.portugalinternet.com\/price-explanation-wifi\/","url":"https:\/\/www.portugalinternet.com\/price-explanation-wifi\/","name":"[:en]Price explanation [:es]Explicaci\u00f3n de precios[:fr]Explication des prix[:pt]Explica\u00e7\u00e3o do pre\u00e7o[:br]Explica\u00e7\u00e3o do pre\u00e7o[:] - Get Internet in Portugal - Internet for your travel","isPartOf":{"@id":"https:\/\/www.portugalinternet.com\/br\/#website"},"datePublished":"2017-03-14T16:05:50+00:00","dateModified":"2025-12-03T14:07:17+00:00","breadcrumb":{"@id":"https:\/\/www.portugalinternet.com\/price-explanation-wifi\/#breadcrumb"},"inLanguage":"pt-BR","potentialAction":[{"@type":"ReadAction","target":["https:\/\/www.portugalinternet.com\/price-explanation-wifi\/"]}]},{"@type":"BreadcrumbList","@id":"https:\/\/www.portugalinternet.com\/price-explanation-wifi\/#breadcrumb","itemListElement":[{"@type":"ListItem","position":1,"name":"Home","item":"https:\/\/www.portugalinternet.com\/"},{"@type":"ListItem","position":2,"name":"Price explanation"}]},{"@type":"WebSite","@id":"https:\/\/www.portugalinternet.com\/br\/#website","url":"https:\/\/www.portugalinternet.com\/br\/","name":"Portugal Internet","description":"If you want to access the Internet in Portugal during your trip, here&#039;s a low cost and convenient solution to get internet everywhere. Learn more.","publisher":{"@id":"https:\/\/www.portugalinternet.com\/br\/#organization"},"potentialAction":[{"@type":"SearchAction","target":{"@type":"EntryPoint","urlTemplate":"https:\/\/www.portugalinternet.com\/br\/?s={search_term_string}"},"query-input":"required name=search_term_string"}],"inLanguage":"pt-BR"},{"@type":"Organization","@id":"https:\/\/www.portugalinternet.com\/br\/#organization","name":"Portugal Internet","url":"https:\/\/www.portugalinternet.com\/br\/","logo":{"@type":"ImageObject","inLanguage":"pt-BR","@id":"https:\/\/www.portugalinternet.com\/br\/#\/schema\/logo\/image\/","url":"https:\/\/www.portugalinternet.com\/app\/uploads\/main_logo_100_final.png","contentUrl":"https:\/\/www.portugalinternet.com\/app\/uploads\/main_logo_100_final.png","width":166,"height":58,"caption":"Portugal Internet"},"image":{"@id":"https:\/\/www.portugalinternet.com\/br\/#\/schema\/logo\/image\/"},"sameAs":["https:\/\/www.instagram.com\/portugalinternet\/","https:\/\/www.facebook.com\/portugalinternet"]}]}},"_links":{"self":[{"href":"https:\/\/www.portugalinternet.com\/br\/wp-json\/wp\/v2\/pages\/23295"}],"collection":[{"href":"https:\/\/www.portugalinternet.com\/br\/wp-json\/wp\/v2\/pages"}],"about":[{"href":"https:\/\/www.portugalinternet.com\/br\/wp-json\/wp\/v2\/types\/page"}],"author":[{"embeddable":true,"href":"https:\/\/www.portugalinternet.com\/br\/wp-json\/wp\/v2\/users\/1"}],"replies":[{"embeddable":true,"href":"https:\/\/www.portugalinternet.com\/br\/wp-json\/wp\/v2\/comments?post=23295"}],"version-history":[{"count":46,"href":"https:\/\/www.portugalinternet.com\/br\/wp-json\/wp\/v2\/pages\/23295\/revisions"}],"predecessor-version":[{"id":27117,"href":"https:\/\/www.portugalinternet.com\/br\/wp-json\/wp\/v2\/pages\/23295\/revisions\/27117"}],"wp:attachment":[{"href":"https:\/\/www.portugalinternet.com\/br\/wp-json\/wp\/v2\/media?parent=23295"}],"curies":[{"name":"wp","href":"https:\/\/api.w.org\/{rel}","templated":true}]}}